{"id":94,"date":"2021-03-03T13:25:38","date_gmt":"2021-03-03T13:25:38","guid":{"rendered":"http:\/\/tfogermany.com\/de\/?page_id=94"},"modified":"2021-03-03T13:25:38","modified_gmt":"2021-03-03T13:25:38","slug":"indrani-kaneshar","status":"publish","type":"page","link":"https:\/\/tfogermany.com\/de\/100-grunde\/indrani-kaneshar\/","title":{"rendered":"Indrani Kaneshar"},"content":{"rendered":"\n<div class=\"wp-block-group\"><div class=\"wp-block-group__inner-container is-layout-flow wp-block-group-is-layout-flow\">\n<p class=\"has-text-align-center\"><strong>Personendaten<\/strong><\/p>\n\n\n\n<p><strong>Name<\/strong><br>Indrani Kaneshar<br><br><strong>Geburtsdatum<\/strong><br>24.11.1949<br><br><strong>Alter<\/strong><br>60<br><br><strong>Geburtsort<\/strong><br>Jaffna<br><br><strong>Wichtige biografische Angaben<\/strong><br>Indrani Kaneshar war zum Zeitpunkt ihres Todes 60 Jahre alt und verheiratet. Sie lebte zusammen mit ihrer Familie in Jaffna und Uruththirapuram.<\/p>\n\n\n\n<p class=\"has-text-align-center\"><strong>Vorfall<\/strong><\/p>\n\n\n\n<p><strong>Tag der Ermordung<\/strong><br>09.02.2009<br><br><strong>Ort<\/strong><br>Vanni<br><br><strong>Beschreibung<\/strong><br>Mit ihrem Ehemann, Muthulingam Kaneshar, geboren am 04.02.1935, 74 Jahre, ihrem gemeinsamen Sohn und einem Verwandten wurde Indrani Kaneshar am 09.02.2009 durch gezielte Besch\u00f6sse der srilankischen Regierung in der \u201eSicherheitszone\u201c ermordet. In den sogenannten \u201eSicherheitszonen\u201c sollten die Tamilen vor den Bombardierungen des srilankischen Milit\u00e4rs sicher sein. Aus diesem Grund sind viele Tamilen in die \u201eSicherheitszonen\u201c gefl\u00fcchtet. Doch die srilankische Armee nutzte dies aus und t\u00f6tete mit gezielten Besch\u00f6ssen und Bombardierungen zahlreiche Tamilen in den \u201eSicherheitszonen\u201c. Der ehemalige Verteidigungsminister und Oberbefehlshaber des srilankischen Milit\u00e4rs, Gotabaya Rajapakse, der vieler dieser Massaker befehligt hat, ist der aktuelle Pr\u00e4sident Sri Lankas.<\/p>\n\n\n\n<p>Indrani Kaneshar war eines der vielen Opfer in den Sicherheitszonen.<br><br><strong>Juristische Lage<\/strong><br>Bislang wurden weder der srilankische Staat noch die beteiligten Soldaten f\u00fcr die immensen Menschenrechtsverletzungen zur Rechenschaft gezogen. Bis heute gibt es keine unabh\u00e4ngigen, internationalen Untersuchungen. Stattdessen wurden leitende Offiziere zu h\u00f6heren Posten bef\u00f6rdert.<\/p>\n<\/div><\/div>\n\n\n\n<p><\/p>\n","protected":false},"excerpt":{"rendered":"<p>Personendaten NameIndrani Kaneshar Geburtsdatum24.11.1949 Alter60 GeburtsortJaffna Wichtige biografische AngabenIndrani Kaneshar war zum Zeitpunkt ihres Todes 60 Jahre alt und verheiratet. Sie lebte zusammen mit ihrer Familie in Jaffna und Uruththirapuram. Vorfall Tag der Ermordung09.02.2009 OrtVanni BeschreibungMit ihrem Ehemann, Muthulingam Kaneshar, geboren am 04.02.1935, 74 Jahre, ihrem gemeinsamen Sohn und einem Verwandten wurde Indrani Kaneshar am &hellip; <\/p>\n","protected":false},"author":1,"featured_media":95,"parent":8,"menu_order":0,"comment_status":"closed","ping_status":"closed","template":"","meta":{"ngg_post_thumbnail":0,"footnotes":""},"_links":{"self":[{"href":"https:\/\/tfogermany.com\/de\/wp-json\/wp\/v2\/pages\/94"}],"collection":[{"href":"https:\/\/tfogermany.com\/de\/wp-json\/wp\/v2\/pages"}],"about":[{"href":"https:\/\/tfogermany.com\/de\/wp-json\/wp\/v2\/types\/page"}],"author":[{"embeddable":true,"href":"https:\/\/tfogermany.com\/de\/wp-json\/wp\/v2\/users\/1"}],"replies":[{"embeddable":true,"href":"https:\/\/tfogermany.com\/de\/wp-json\/wp\/v2\/comments?post=94"}],"version-history":[{"count":1,"href":"https:\/\/tfogermany.com\/de\/wp-json\/wp\/v2\/pages\/94\/revisions"}],"predecessor-version":[{"id":96,"href":"https:\/\/tfogermany.com\/de\/wp-json\/wp\/v2\/pages\/94\/revisions\/96"}],"up":[{"embeddable":true,"href":"https:\/\/tfogermany.com\/de\/wp-json\/wp\/v2\/pages\/8"}],"wp:featuredmedia":[{"embeddable":true,"href":"https:\/\/tfogermany.com\/de\/wp-json\/wp\/v2\/media\/95"}],"wp:attachment":[{"href":"https:\/\/tfogermany.com\/de\/wp-json\/wp\/v2\/media?parent=94"}],"curies":[{"name":"wp","href":"https:\/\/api.w.org\/{rel}","templated":true}]}}