{"id":91,"date":"2021-03-03T13:23:19","date_gmt":"2021-03-03T13:23:19","guid":{"rendered":"http:\/\/tfogermany.com\/de\/?page_id=91"},"modified":"2021-11-29T13:43:03","modified_gmt":"2021-11-29T13:43:03","slug":"shobana-jeevaratnam","status":"publish","type":"page","link":"https:\/\/tfogermany.com\/de\/100-grunde\/shobana-jeevaratnam\/","title":{"rendered":"Shobana Jeevaratnam"},"content":{"rendered":"\n<p class=\"has-text-align-center\"><strong>Personendaten<\/strong><\/p>\n\n\n\n<p><strong>Name<\/strong><br>Shobana Jeevaratnam<br><br><strong>Geburtsdatum<\/strong><br>30.11.1980<br><br><strong>Alter<\/strong><br>29<br><br><strong>Geburtsort<\/strong><br>&#8211;<br><br><strong>Wichtige biografische Angaben<\/strong><br>Shobana Jeevaratnam war bei ihrer Ermordung 29 Jahre alt. Sie war Lehrerin an der Schule Piramanthanaru Maha Vidyalayam in Uruththirapuram.<\/p>\n\n\n\n<p class=\"has-text-align-center\"><strong>Vorfall<\/strong><\/p>\n\n\n\n<p><strong>Tag der Ermordung<\/strong><br>09.02.2009<br><br><strong>Ort<\/strong><br>Vanni<br><br><strong>Beschreibung<\/strong><br>Shobana Jeevaratnam wurde durch gezielte Besch\u00f6ssen der srilankischen Regierung in der sogenannten \u201eSicherheitszone\u201c mit ihren Verwandten in Vanni get\u00f6tet.<\/p>\n\n\n\n<p>In den sogenannten \u201eSicherheitszonen\u201c sollten die Tamilen vor den Bombardierungen des srilankischen Milit\u00e4rs sicher sein. Aus diesem Grund sind viele Tamilen in die \u201eSicherheitszonen\u201c gefl\u00fcchtet. Doch die srilankische Armee nutzte dies aus und t\u00f6tete mit gezieltem Beschuss und Bombardierungen zahlreiche Tamilen in den \u201eSicherheitszonen\u201c. Der ehemalige Verteidigungsminister und Oberbefehlshaber des srilankischen Milit\u00e4rs, Gotabaya Rajapaksa, der viele dieser Massaker befehligt hat, ist der aktuelle Pr\u00e4sident Sri Lankas.<\/p>\n\n\n\n<p>Shobana Jeevaratnam war eines der vielen Opfer in den Sicherheitszonen.<br><br><strong>Juristische Lage<\/strong><br>Bislang wurden weder der srilankische Staat noch die beteiligten Soldaten f\u00fcr die immensen Menschenrechtsverletzungen zur Rechenschaft gezogen. Bis heute gibt es keine unabh\u00e4ngigen, internationalen Untersuchungen. Stattdessen wurden leitende Offiziere zu h\u00f6heren Posten bef\u00f6rdert.<\/p>\n","protected":false},"excerpt":{"rendered":"<p>Personendaten NameShobana Jeevaratnam Geburtsdatum30.11.1980 Alter29 Geburtsort&#8211; Wichtige biografische AngabenShobana Jeevaratnam war bei ihrer Ermordung 29 Jahre alt. Sie war Lehrerin an der Schule Piramanthanaru Maha Vidyalayam in Uruththirapuram. Vorfall Tag der Ermordung09.02.2009 OrtVanni BeschreibungShobana Jeevaratnam wurde durch gezielte Besch\u00f6ssen der srilankischen Regierung in der sogenannten \u201eSicherheitszone\u201c mit ihren Verwandten in Vanni get\u00f6tet. In den sogenannten &hellip; <\/p>\n","protected":false},"author":1,"featured_media":92,"parent":8,"menu_order":0,"comment_status":"closed","ping_status":"closed","template":"","meta":{"ngg_post_thumbnail":0,"footnotes":""},"_links":{"self":[{"href":"https:\/\/tfogermany.com\/de\/wp-json\/wp\/v2\/pages\/91"}],"collection":[{"href":"https:\/\/tfogermany.com\/de\/wp-json\/wp\/v2\/pages"}],"about":[{"href":"https:\/\/tfogermany.com\/de\/wp-json\/wp\/v2\/types\/page"}],"author":[{"embeddable":true,"href":"https:\/\/tfogermany.com\/de\/wp-json\/wp\/v2\/users\/1"}],"replies":[{"embeddable":true,"href":"https:\/\/tfogermany.com\/de\/wp-json\/wp\/v2\/comments?post=91"}],"version-history":[{"count":2,"href":"https:\/\/tfogermany.com\/de\/wp-json\/wp\/v2\/pages\/91\/revisions"}],"predecessor-version":[{"id":514,"href":"https:\/\/tfogermany.com\/de\/wp-json\/wp\/v2\/pages\/91\/revisions\/514"}],"up":[{"embeddable":true,"href":"https:\/\/tfogermany.com\/de\/wp-json\/wp\/v2\/pages\/8"}],"wp:featuredmedia":[{"embeddable":true,"href":"https:\/\/tfogermany.com\/de\/wp-json\/wp\/v2\/media\/92"}],"wp:attachment":[{"href":"https:\/\/tfogermany.com\/de\/wp-json\/wp\/v2\/media?parent=91"}],"curies":[{"name":"wp","href":"https:\/\/api.w.org\/{rel}","templated":true}]}}