{"id":88,"date":"2021-03-03T13:20:40","date_gmt":"2021-03-03T13:20:40","guid":{"rendered":"http:\/\/tfogermany.com\/de\/?page_id=88"},"modified":"2021-11-29T11:34:35","modified_gmt":"2021-11-29T11:34:35","slug":"nagulambhal-kanagasabapathipillai","status":"publish","type":"page","link":"https:\/\/tfogermany.com\/de\/100-grunde\/nagulambhal-kanagasabapathipillai\/","title":{"rendered":"Nagulambhal Kanagasabapathipillai"},"content":{"rendered":"\n<p class=\"has-text-align-center\"><strong>Personendaten<\/strong><\/p>\n\n\n\n<p><strong>Name<\/strong><br>Nagulambhal Kanagasabapathipillai<br><br><strong>Geburtsdatum<\/strong><br>18.09.1950<br><br><strong>Alter<\/strong><br>58<br><br><strong>Geburtsort<\/strong><br>Visuvamadu<br><br><strong>Wichtige biografische Angaben<\/strong><br>Nagulambhal Kanagasabapathipillai lebte in Visuvamadu, Sri-Lanka. Zur Zeit des Anschlages war sie 58 Jahre alt.<\/p>\n\n\n\n<p class=\"has-text-align-center\"><strong>Vorfall<\/strong><\/p>\n\n\n\n<p><strong>Tag der Ermordung<\/strong><br>12.05.2009<br><br><strong>Ort<\/strong><br>Mullivaikal<br><br><strong>Beschreibung<\/strong><br>Frau Nagulambhal Kanagasabapathipillai wurde bei einem Bombenangriff der Sri-Lankischen Luftwaffe in Mullivaikal ermordet. Dieses Gebiet galt als Sicherheitszone, in welchem trotz dieser ausgeschriebenen Sicherheitszone ein Bombenanschlag stattfand. Vor allem wurden bei diesem Anschlag Munitionen verwendet die v\u00f6lkerrechtlich nicht gestattet waren. F\u00fcr diesen und weitere Anschl\u00e4ge war der heutige Pr\u00e4sident Gotabaya Rajapaksa verantwortlich.<br><br><strong>Juristische Lage<\/strong><br>Es gab keine Gerichtsverhandlung. Die zust\u00e4ndigen Soldaten oder die sri-Lankischen Offiziere, die das befehligt haben, wurden nicht verurteilt.<\/p>\n","protected":false},"excerpt":{"rendered":"<p>Personendaten NameNagulambhal Kanagasabapathipillai Geburtsdatum18.09.1950 Alter58 GeburtsortVisuvamadu Wichtige biografische AngabenNagulambhal Kanagasabapathipillai lebte in Visuvamadu, Sri-Lanka. Zur Zeit des Anschlages war sie 58 Jahre alt. Vorfall Tag der Ermordung12.05.2009 OrtMullivaikal BeschreibungFrau Nagulambhal Kanagasabapathipillai wurde bei einem Bombenangriff der Sri-Lankischen Luftwaffe in Mullivaikal ermordet. Dieses Gebiet galt als Sicherheitszone, in welchem trotz dieser ausgeschriebenen Sicherheitszone ein Bombenanschlag stattfand. &hellip; <\/p>\n","protected":false},"author":1,"featured_media":89,"parent":8,"menu_order":0,"comment_status":"closed","ping_status":"closed","template":"","meta":{"ngg_post_thumbnail":0,"footnotes":""},"_links":{"self":[{"href":"https:\/\/tfogermany.com\/de\/wp-json\/wp\/v2\/pages\/88"}],"collection":[{"href":"https:\/\/tfogermany.com\/de\/wp-json\/wp\/v2\/pages"}],"about":[{"href":"https:\/\/tfogermany.com\/de\/wp-json\/wp\/v2\/types\/page"}],"author":[{"embeddable":true,"href":"https:\/\/tfogermany.com\/de\/wp-json\/wp\/v2\/users\/1"}],"replies":[{"embeddable":true,"href":"https:\/\/tfogermany.com\/de\/wp-json\/wp\/v2\/comments?post=88"}],"version-history":[{"count":2,"href":"https:\/\/tfogermany.com\/de\/wp-json\/wp\/v2\/pages\/88\/revisions"}],"predecessor-version":[{"id":474,"href":"https:\/\/tfogermany.com\/de\/wp-json\/wp\/v2\/pages\/88\/revisions\/474"}],"up":[{"embeddable":true,"href":"https:\/\/tfogermany.com\/de\/wp-json\/wp\/v2\/pages\/8"}],"wp:featuredmedia":[{"embeddable":true,"href":"https:\/\/tfogermany.com\/de\/wp-json\/wp\/v2\/media\/89"}],"wp:attachment":[{"href":"https:\/\/tfogermany.com\/de\/wp-json\/wp\/v2\/media?parent=88"}],"curies":[{"name":"wp","href":"https:\/\/api.w.org\/{rel}","templated":true}]}}