{"id":85,"date":"2021-03-03T13:13:43","date_gmt":"2021-03-03T13:13:43","guid":{"rendered":"http:\/\/tfogermany.com\/de\/?page_id=85"},"modified":"2021-11-29T13:45:42","modified_gmt":"2021-11-29T13:45:42","slug":"sivayogammah-subramaniam","status":"publish","type":"page","link":"https:\/\/tfogermany.com\/de\/100-grunde\/sivayogammah-subramaniam\/","title":{"rendered":"Sivayogammah Subramaniam"},"content":{"rendered":"\n<p class=\"has-text-align-center\"><strong>Personendaten<\/strong><\/p>\n\n\n\n<p><strong>Name<\/strong><br>Sivayogammah Subramaniam<br><br><strong>Geburtsdatum<\/strong><br>29.10.1935<br><br><strong>Alter<\/strong><br>74<br><br><strong>Geburtsort<\/strong><br>Uruththirapuram, Kilinochchi<br><br><strong>Wichtige biografische Angaben<\/strong><br>Frau Sivayogammah Subramaniam ist in Kilinochi (tamilisches Gebiet) geboren und aufgewachsen. Sie wurde im Alter von 74 Jahren vom srilankischen Milit\u00e4r get\u00f6tet.<\/p>\n\n\n\n<p class=\"has-text-align-center\"><strong>Vorfall<\/strong><\/p>\n\n\n\n<p><strong>Tag der Ermordung<\/strong><br>09.02.2009<br><br><strong>Ort<\/strong><br>Thevipuram<br><br><strong>Beschreibung<\/strong><br>Sivayogammah Subramaniam wurde durch die gezielte Bombardierung der srilankischen Armee in einer \u201eSicherheitszone\u201c in Thevipuram get\u00f6tet. In den sogenannten \u201eSicherheitszonen\u201c sollten die Tamilen vor den Bombardierungen des srilankischen Milit\u00e4rs sicher sein. Aus diesem Grund sind viele Tamilen in die \u201eSicherheitszonen\u201c gefl\u00fcchtet. Doch die srilankische Armee nutzte dies aus und t\u00f6tete mit gezieltem Beschuss und Bombardierungen zahlreiche Tamilen in den \u201eSicherheitszonen\u201c. Der ehemalige Verteidigungsminister Gotabaya Rajapaksa, der viele dieser Massaker befehligt hat, ist der aktuelle Pr\u00e4sident Sri Lankas.<\/p>\n\n\n\n<p>Sivayogammah Subramaniam war eines der vielen Opfer in den Sicherheitszonen.<br><br><strong>Juristische Lage<\/strong><br>Bislang wurden weder der srilankische Staat noch die beteiligten Soldaten f\u00fcr die immensen Menschenrechtsverletzungen zur Rechenschaft gezogen. Bis heute gibt es keine unabh\u00e4ngigen, internationalen Untersuchungen. Stattdessen wurden leitende Offiziere zu h\u00f6heren Posten bef\u00f6rdert.<\/p>\n","protected":false},"excerpt":{"rendered":"<p>Personendaten NameSivayogammah Subramaniam Geburtsdatum29.10.1935 Alter74 GeburtsortUruththirapuram, Kilinochchi Wichtige biografische AngabenFrau Sivayogammah Subramaniam ist in Kilinochi (tamilisches Gebiet) geboren und aufgewachsen. Sie wurde im Alter von 74 Jahren vom srilankischen Milit\u00e4r get\u00f6tet. Vorfall Tag der Ermordung09.02.2009 OrtThevipuram BeschreibungSivayogammah Subramaniam wurde durch die gezielte Bombardierung der srilankischen Armee in einer \u201eSicherheitszone\u201c in Thevipuram get\u00f6tet. In den sogenannten &hellip; <\/p>\n","protected":false},"author":1,"featured_media":86,"parent":8,"menu_order":0,"comment_status":"closed","ping_status":"closed","template":"","meta":{"ngg_post_thumbnail":0,"footnotes":""},"_links":{"self":[{"href":"https:\/\/tfogermany.com\/de\/wp-json\/wp\/v2\/pages\/85"}],"collection":[{"href":"https:\/\/tfogermany.com\/de\/wp-json\/wp\/v2\/pages"}],"about":[{"href":"https:\/\/tfogermany.com\/de\/wp-json\/wp\/v2\/types\/page"}],"author":[{"embeddable":true,"href":"https:\/\/tfogermany.com\/de\/wp-json\/wp\/v2\/users\/1"}],"replies":[{"embeddable":true,"href":"https:\/\/tfogermany.com\/de\/wp-json\/wp\/v2\/comments?post=85"}],"version-history":[{"count":2,"href":"https:\/\/tfogermany.com\/de\/wp-json\/wp\/v2\/pages\/85\/revisions"}],"predecessor-version":[{"id":517,"href":"https:\/\/tfogermany.com\/de\/wp-json\/wp\/v2\/pages\/85\/revisions\/517"}],"up":[{"embeddable":true,"href":"https:\/\/tfogermany.com\/de\/wp-json\/wp\/v2\/pages\/8"}],"wp:featuredmedia":[{"embeddable":true,"href":"https:\/\/tfogermany.com\/de\/wp-json\/wp\/v2\/media\/86"}],"wp:attachment":[{"href":"https:\/\/tfogermany.com\/de\/wp-json\/wp\/v2\/media?parent=85"}],"curies":[{"name":"wp","href":"https:\/\/api.w.org\/{rel}","templated":true}]}}