{"id":78,"date":"2021-03-03T11:50:23","date_gmt":"2021-03-03T11:50:23","guid":{"rendered":"http:\/\/tfogermany.com\/de\/?page_id=78"},"modified":"2021-11-29T11:24:34","modified_gmt":"2021-11-29T11:24:34","slug":"mathilvathani-rasenthiralingam","status":"publish","type":"page","link":"https:\/\/tfogermany.com\/de\/100-grunde\/mathilvathani-rasenthiralingam\/","title":{"rendered":"Mathilvathani Rasenthiralingam"},"content":{"rendered":"\n<p class=\"has-text-align-center\"><strong>Personendaten<\/strong><\/p>\n\n\n\n<p><strong>Name<\/strong><br>Mathilvathani Rasenthiralingam &nbsp;<br><br><strong>Geburtsdatum<\/strong><br>04.02.1988<br><br><strong>Alter<\/strong><br>18<br><br><strong>Geburtsort<\/strong><br>Tharmapuram, Kilinochchi<br><br><strong>Wichtige biografische Angaben<\/strong><br>Die Sch\u00fclerin Mathilvathani Rasenthiralingam&nbsp; lebte in Tharmapuram bei Kilinochchi. Sie ist im Jahre 1988 geboren. Mit 18 Jahren ist sie bei einem Bombenanschlag im Sencholai Waisenhaus verstorben.<\/p>\n\n\n\n<p class=\"has-text-align-center\"><strong>Vorfall<\/strong><\/p>\n\n\n\n<p><strong>Tag der Ermordung<\/strong><br>14.08.2006<br><br><strong>Ort<\/strong><br>Valippunam, Mullaitivu\u00a0<br><br><strong>Beschreibung<\/strong><br>Im Sencholai Waisenhaus befand sich in Gebiet namens Mullaitivu.\u00a0 Dort wurden Kurse f\u00fcr Erste Hilfe f\u00fcr Sch\u00fclerinnen angeboten und durchgef\u00fchrt. Diese Versammlung nutzte die sri-lankische Luftwaffe, um  das Geb\u00e4ude mit 4 Flugzeugen zu attackieren. Dabei kamen 52 Sch\u00fclerinnen und 2 Betreuer ums Leben. Einer von ihnen war  Mathilvathani Rasenthiralingam. Weitere 130 Sch\u00fclerinnen wurden schwerverletzt. Drei dieser Sch\u00fclerinnen wurden vom dem naheliegenden Krankenhaus in Mullaitivu zur weiteren Behandlung in einem Krankenhaus im singhalesischen Gebiet nach Kandy geschickt. Diese drei Sch\u00fclerinnen wurden von der sri-lankischen Abteilung f\u00fcr Terrorismus Untersuchungen festgenommen. Danach sollten sie nach Hause entlassen werden und wurden daher nach Vavuniya geschickt. Dort kam eine dieser Sch\u00fclerinnen ums Leben. Die anderen beiden wurden erneut nach Kandy geschickt. Dieser nicht erkl\u00e4rliche Standortwechsel und der Verbot, dass sie ihre Eltern sehen d\u00fcrfen, scheinen sehr suspekt.<br><br><strong>Juristische Lage<\/strong><br>F\u00fcr diesen Angriff wurde keiner explizit zur Rechenschaft gezogen.<\/p>\n","protected":false},"excerpt":{"rendered":"<p>Personendaten NameMathilvathani Rasenthiralingam &nbsp; Geburtsdatum04.02.1988 Alter18 GeburtsortTharmapuram, Kilinochchi Wichtige biografische AngabenDie Sch\u00fclerin Mathilvathani Rasenthiralingam&nbsp; lebte in Tharmapuram bei Kilinochchi. Sie ist im Jahre 1988 geboren. Mit 18 Jahren ist sie bei einem Bombenanschlag im Sencholai Waisenhaus verstorben. Vorfall Tag der Ermordung14.08.2006 OrtValippunam, Mullaitivu\u00a0 BeschreibungIm Sencholai Waisenhaus befand sich in Gebiet namens Mullaitivu.\u00a0 Dort wurden Kurse &hellip; <\/p>\n","protected":false},"author":1,"featured_media":79,"parent":8,"menu_order":0,"comment_status":"closed","ping_status":"closed","template":"","meta":{"ngg_post_thumbnail":0,"footnotes":""},"_links":{"self":[{"href":"https:\/\/tfogermany.com\/de\/wp-json\/wp\/v2\/pages\/78"}],"collection":[{"href":"https:\/\/tfogermany.com\/de\/wp-json\/wp\/v2\/pages"}],"about":[{"href":"https:\/\/tfogermany.com\/de\/wp-json\/wp\/v2\/types\/page"}],"author":[{"embeddable":true,"href":"https:\/\/tfogermany.com\/de\/wp-json\/wp\/v2\/users\/1"}],"replies":[{"embeddable":true,"href":"https:\/\/tfogermany.com\/de\/wp-json\/wp\/v2\/comments?post=78"}],"version-history":[{"count":2,"href":"https:\/\/tfogermany.com\/de\/wp-json\/wp\/v2\/pages\/78\/revisions"}],"predecessor-version":[{"id":467,"href":"https:\/\/tfogermany.com\/de\/wp-json\/wp\/v2\/pages\/78\/revisions\/467"}],"up":[{"embeddable":true,"href":"https:\/\/tfogermany.com\/de\/wp-json\/wp\/v2\/pages\/8"}],"wp:featuredmedia":[{"embeddable":true,"href":"https:\/\/tfogermany.com\/de\/wp-json\/wp\/v2\/media\/79"}],"wp:attachment":[{"href":"https:\/\/tfogermany.com\/de\/wp-json\/wp\/v2\/media?parent=78"}],"curies":[{"name":"wp","href":"https:\/\/api.w.org\/{rel}","templated":true}]}}