{"id":75,"date":"2021-03-03T11:46:54","date_gmt":"2021-03-03T11:46:54","guid":{"rendered":"http:\/\/tfogermany.com\/de\/?page_id=75"},"modified":"2021-11-29T12:44:07","modified_gmt":"2021-11-29T12:44:07","slug":"saraswathy-varnalingam-and-sumitra-varnalingam","status":"publish","type":"page","link":"https:\/\/tfogermany.com\/de\/100-grunde\/saraswathy-varnalingam-and-sumitra-varnalingam\/","title":{"rendered":"Saraswathy Varnalingam and Sumitra Varnalingam"},"content":{"rendered":"\n<p class=\"has-text-align-center\"><strong>Personendaten<\/strong><\/p>\n\n\n\n<p><strong>Name<\/strong><br>Saraswathy Varnalingam and Sumitra Varnalingam<br><br><strong>Geburtsdatum<\/strong><br>1958 und 1982<br><br><strong>Alter<\/strong><br>49 und 25<br><br><strong>Geburtsort<\/strong><br>Eezhaalai, Jaffna<br><br><strong>Wichtige biografische Angaben<\/strong><br>Im n\u00f6rdlichen Bereich Sri Lankas in Eezhaalai bei Jaffna lebte die Mutter Saraswathy gemeinsam mit ihrem Ehemann und der Tochter Sumitra. Saraswathy Varnalingam wurde 49 Jahre alt und ihre Tochter Sumitra Varnalingam wurde nur 25 Jahre alt. Bei einem Bombenanschlag kam alle drei ums Leben.<\/p>\n\n\n\n<p class=\"has-text-align-center\"><strong>Vorfall<\/strong><\/p>\n\n\n\n<p><strong>Tag der Ermordung<\/strong><br>25.11.2007<br><br><strong>Ort<\/strong><br>Tharmapuram, Kilinochchi<br><br><strong>Beschreibung<\/strong><br>Die Familie Varnalingam wurde bei einem geplanten sri-lankischen Luftangriff in Tharmapuram bei Kilinochchi get\u00f6tet. Hierbei kamen insgesamt 4 Zivilisten ums Leben und 6 Zivilisten wurden verletzt. Darunter fallen auch weitere Familienmitglieder der Varnalingams. Bei diesem Angriff wurden mehr als 8 Bomben verwendet, 2 H\u00e4user wurden dabei v\u00f6llig zerst\u00f6rt und 7 weitere wurden besch\u00e4digt. Die in diesem Anschlag verwendeten Bomben haben bis zu 10 Meter tiefe Krater verursacht.<\/p>\n\n\n\n<p>Dieser Angriff erfolgte am 25.11.2007. J\u00e4hrlich am 27.11. ist der Gedenktag f\u00fcr die im Krieg verstorbenen tamilischen Soldaten, die sich im Rahmen des Freiheitskampfes geopfert haben. Um die tamilischen B\u00fcrger speziell in diesem Zeitraum zu verunsichern und in Angst zu versetzen, wurden solche Angriffe ver\u00fcbt.<br><br><strong>Juristische Lage<\/strong><br>Es gab keine Gerichtsverhandlung. Die zust\u00e4ndigen Soldaten oder die Sri-Lankischen Offiziere, die das befohlen haben, wurden nicht verurteilt.<\/p>\n","protected":false},"excerpt":{"rendered":"<p>Personendaten NameSaraswathy Varnalingam and Sumitra Varnalingam Geburtsdatum1958 und 1982 Alter49 und 25 GeburtsortEezhaalai, Jaffna Wichtige biografische AngabenIm n\u00f6rdlichen Bereich Sri Lankas in Eezhaalai bei Jaffna lebte die Mutter Saraswathy gemeinsam mit ihrem Ehemann und der Tochter Sumitra. Saraswathy Varnalingam wurde 49 Jahre alt und ihre Tochter Sumitra Varnalingam wurde nur 25 Jahre alt. Bei einem &hellip; <\/p>\n","protected":false},"author":1,"featured_media":76,"parent":8,"menu_order":0,"comment_status":"closed","ping_status":"closed","template":"","meta":{"ngg_post_thumbnail":0,"footnotes":""},"_links":{"self":[{"href":"https:\/\/tfogermany.com\/de\/wp-json\/wp\/v2\/pages\/75"}],"collection":[{"href":"https:\/\/tfogermany.com\/de\/wp-json\/wp\/v2\/pages"}],"about":[{"href":"https:\/\/tfogermany.com\/de\/wp-json\/wp\/v2\/types\/page"}],"author":[{"embeddable":true,"href":"https:\/\/tfogermany.com\/de\/wp-json\/wp\/v2\/users\/1"}],"replies":[{"embeddable":true,"href":"https:\/\/tfogermany.com\/de\/wp-json\/wp\/v2\/comments?post=75"}],"version-history":[{"count":2,"href":"https:\/\/tfogermany.com\/de\/wp-json\/wp\/v2\/pages\/75\/revisions"}],"predecessor-version":[{"id":506,"href":"https:\/\/tfogermany.com\/de\/wp-json\/wp\/v2\/pages\/75\/revisions\/506"}],"up":[{"embeddable":true,"href":"https:\/\/tfogermany.com\/de\/wp-json\/wp\/v2\/pages\/8"}],"wp:featuredmedia":[{"embeddable":true,"href":"https:\/\/tfogermany.com\/de\/wp-json\/wp\/v2\/media\/76"}],"wp:attachment":[{"href":"https:\/\/tfogermany.com\/de\/wp-json\/wp\/v2\/media?parent=75"}],"curies":[{"name":"wp","href":"https:\/\/api.w.org\/{rel}","templated":true}]}}