{"id":71,"date":"2021-03-03T01:07:18","date_gmt":"2021-03-03T01:07:18","guid":{"rendered":"http:\/\/tfogermany.com\/de\/?page_id=71"},"modified":"2021-11-29T15:57:43","modified_gmt":"2021-11-29T15:57:43","slug":"thanusika-vijayanathan","status":"publish","type":"page","link":"https:\/\/tfogermany.com\/de\/100-grunde\/thanusika-vijayanathan\/","title":{"rendered":"Thanusika Vijayanathan"},"content":{"rendered":"\n<div class=\"wp-block-group\"><div class=\"wp-block-group__inner-container is-layout-flow wp-block-group-is-layout-flow\">\n<p class=\"has-text-align-center\"><strong>Personendaten<\/strong><\/p>\n\n\n\n<p><strong>Name<\/strong><br>Thanusika Vijayanathan<br><br><strong>Geburtsdatum<\/strong><br>19.08.2002<br><br><strong>Alter<\/strong><br>6<br><br><strong>Geburtsort<\/strong><br>Vanni<br><br><strong>Wichtige biografische Angaben<\/strong><br>Thanusika Vijayanathan lebte im Bereich der tamilischen Verwaltung in Vanni. Sie war eines der Kinder, die als Todesopfer im Massenmord umkamen. Sie wurde nur 6 Jahre alt.<\/p>\n\n\n\n<p class=\"has-text-align-center\"><strong>Vorfall<\/strong><\/p>\n\n\n\n<p><strong>Tag der Ermordung<\/strong><br>12.05.2009<br><br><strong>Ort<\/strong><br>Mullivaikal<br><br><strong>Beschreibung<\/strong><br>Thanusika Vijayanathan ist mit ihrer Mutter und ihrem Bruder bei einem gezielten Bombenangriff der sri-lankischen Luftwaffe in der \u201eSicherheitszone\u201c in Mullivaikal ums Leben gekommen. Diese Zone wurde als sicher gekennzeichnet, welche f\u00fcr Schutz der B\u00fcrger sorgen sollte. Solche Zonen wurden ausgenutzt, um gezielte Attacken auszu\u00fcben. &nbsp;Bei diesem Anschlag wurden tausende weitere unschuldige B\u00fcrger get\u00f6tet.<br><br><strong>Juristische Lage<\/strong><br>Weder der sri-lankische Staat noch die daran beteiligten Soldaten wurden f\u00fcr diesen Angriff zur Rechenschaft gezogen. Die darin involvierten Offiziere wurden sogar teils zu h\u00f6heren Posten bef\u00f6rdert.&nbsp;<\/p>\n<\/div><\/div>\n\n\n\n<p><\/p>\n","protected":false},"excerpt":{"rendered":"<p>Personendaten NameThanusika Vijayanathan Geburtsdatum19.08.2002 Alter6 GeburtsortVanni Wichtige biografische AngabenThanusika Vijayanathan lebte im Bereich der tamilischen Verwaltung in Vanni. Sie war eines der Kinder, die als Todesopfer im Massenmord umkamen. Sie wurde nur 6 Jahre alt. Vorfall Tag der Ermordung12.05.2009 OrtMullivaikal BeschreibungThanusika Vijayanathan ist mit ihrer Mutter und ihrem Bruder bei einem gezielten Bombenangriff der sri-lankischen &hellip; <\/p>\n","protected":false},"author":1,"featured_media":72,"parent":8,"menu_order":0,"comment_status":"closed","ping_status":"closed","template":"","meta":{"ngg_post_thumbnail":0,"footnotes":""},"_links":{"self":[{"href":"https:\/\/tfogermany.com\/de\/wp-json\/wp\/v2\/pages\/71"}],"collection":[{"href":"https:\/\/tfogermany.com\/de\/wp-json\/wp\/v2\/pages"}],"about":[{"href":"https:\/\/tfogermany.com\/de\/wp-json\/wp\/v2\/types\/page"}],"author":[{"embeddable":true,"href":"https:\/\/tfogermany.com\/de\/wp-json\/wp\/v2\/users\/1"}],"replies":[{"embeddable":true,"href":"https:\/\/tfogermany.com\/de\/wp-json\/wp\/v2\/comments?post=71"}],"version-history":[{"count":2,"href":"https:\/\/tfogermany.com\/de\/wp-json\/wp\/v2\/pages\/71\/revisions"}],"predecessor-version":[{"id":535,"href":"https:\/\/tfogermany.com\/de\/wp-json\/wp\/v2\/pages\/71\/revisions\/535"}],"up":[{"embeddable":true,"href":"https:\/\/tfogermany.com\/de\/wp-json\/wp\/v2\/pages\/8"}],"wp:featuredmedia":[{"embeddable":true,"href":"https:\/\/tfogermany.com\/de\/wp-json\/wp\/v2\/media\/72"}],"wp:attachment":[{"href":"https:\/\/tfogermany.com\/de\/wp-json\/wp\/v2\/media?parent=71"}],"curies":[{"name":"wp","href":"https:\/\/api.w.org\/{rel}","templated":true}]}}