{"id":68,"date":"2021-03-03T01:05:29","date_gmt":"2021-03-03T01:05:29","guid":{"rendered":"http:\/\/tfogermany.com\/de\/?page_id=68"},"modified":"2021-11-29T08:34:06","modified_gmt":"2021-11-29T08:34:06","slug":"kajani-kajakumar","status":"publish","type":"page","link":"https:\/\/tfogermany.com\/de\/100-grunde\/kajani-kajakumar\/","title":{"rendered":"Kajani Kajakumar"},"content":{"rendered":"\n<div class=\"wp-block-group\"><div class=\"wp-block-group__inner-container is-layout-flow wp-block-group-is-layout-flow\">\n<p class=\"has-text-align-center\"><strong>Personendaten<\/strong><\/p>\n\n\n\n<p><strong>Name<\/strong><br>Kajani Kajakumar<br><br><strong>Geburtsdatum<\/strong><br>&#8211;<br><br><strong>Alter<\/strong><br>&#8211;<br><br><strong>Geburtsort<\/strong><br>Jaffna<br><br><strong>Wichtige biografische Angaben<\/strong><br>Kajani Kajakumar wuchs in einer Gro\u00dffamilie im n\u00f6rdlichsten Bereich Sri Lankas Jaffna auf. In jungen Jahren wurde bereits ihr Leben genommen.<\/p>\n\n\n\n<p class=\"has-text-align-center\"><strong>Vorfall<\/strong><\/p>\n\n\n\n<p><strong>Tag der Ermordung<\/strong><br>07.05.2009<br><br><strong>Ort<\/strong><br>Mullivaikal<br><br><strong>Beschreibung<\/strong><br>Das S\u00e4ugling Kajani Kajakumar war eins der Todesopfer beim Bombenangriff in der \u201esafety zone\u201c in Mullivaikal. Die sri-lankische Regierung hat gegen Kriegsende, welches im Mai 2009 war, den Ort Mullivaikal als Sicherheitszone gekennzeichnet. Bei diesem Ereignis kam nicht nur Kajani und ihre Familie ums Lebens, sondern es wird angenommen, dass hier bis zu 40.000 tamilische B\u00fcrger get\u00f6tet wurden.<br><br><strong>Juristische Lage<\/strong><br>Bis heute gibt es keine aussagekr\u00e4ftigen Gerichtsverhandlungen \u00fcber diesen Angriff. Noch wurde keiner der zust\u00e4ndigen Soldaten oder Offiziere daf\u00fcr verurteilt.<\/p>\n<\/div><\/div>\n\n\n\n<p><\/p>\n\n\n\n<p><\/p>\n","protected":false},"excerpt":{"rendered":"<p>Personendaten NameKajani Kajakumar Geburtsdatum&#8211; Alter&#8211; GeburtsortJaffna Wichtige biografische AngabenKajani Kajakumar wuchs in einer Gro\u00dffamilie im n\u00f6rdlichsten Bereich Sri Lankas Jaffna auf. In jungen Jahren wurde bereits ihr Leben genommen. Vorfall Tag der Ermordung07.05.2009 OrtMullivaikal BeschreibungDas S\u00e4ugling Kajani Kajakumar war eins der Todesopfer beim Bombenangriff in der \u201esafety zone\u201c in Mullivaikal. Die sri-lankische Regierung hat gegen &hellip; <\/p>\n","protected":false},"author":1,"featured_media":69,"parent":8,"menu_order":0,"comment_status":"closed","ping_status":"closed","template":"","meta":{"ngg_post_thumbnail":0,"footnotes":""},"_links":{"self":[{"href":"https:\/\/tfogermany.com\/de\/wp-json\/wp\/v2\/pages\/68"}],"collection":[{"href":"https:\/\/tfogermany.com\/de\/wp-json\/wp\/v2\/pages"}],"about":[{"href":"https:\/\/tfogermany.com\/de\/wp-json\/wp\/v2\/types\/page"}],"author":[{"embeddable":true,"href":"https:\/\/tfogermany.com\/de\/wp-json\/wp\/v2\/users\/1"}],"replies":[{"embeddable":true,"href":"https:\/\/tfogermany.com\/de\/wp-json\/wp\/v2\/comments?post=68"}],"version-history":[{"count":2,"href":"https:\/\/tfogermany.com\/de\/wp-json\/wp\/v2\/pages\/68\/revisions"}],"predecessor-version":[{"id":420,"href":"https:\/\/tfogermany.com\/de\/wp-json\/wp\/v2\/pages\/68\/revisions\/420"}],"up":[{"embeddable":true,"href":"https:\/\/tfogermany.com\/de\/wp-json\/wp\/v2\/pages\/8"}],"wp:featuredmedia":[{"embeddable":true,"href":"https:\/\/tfogermany.com\/de\/wp-json\/wp\/v2\/media\/69"}],"wp:attachment":[{"href":"https:\/\/tfogermany.com\/de\/wp-json\/wp\/v2\/media?parent=68"}],"curies":[{"name":"wp","href":"https:\/\/api.w.org\/{rel}","templated":true}]}}