{"id":65,"date":"2021-03-03T01:03:04","date_gmt":"2021-03-03T01:03:04","guid":{"rendered":"http:\/\/tfogermany.com\/de\/?page_id=65"},"modified":"2021-11-29T13:49:04","modified_gmt":"2021-11-29T13:49:04","slug":"subajini-ariyaratnam","status":"publish","type":"page","link":"https:\/\/tfogermany.com\/de\/100-grunde\/subajini-ariyaratnam\/","title":{"rendered":"Subajini Ariyaratnam"},"content":{"rendered":"\n<div class=\"wp-block-group\"><div class=\"wp-block-group__inner-container is-layout-flow wp-block-group-is-layout-flow\">\n<p class=\"has-text-align-center\"><strong>Personendaten<\/strong><\/p>\n\n\n\n<p><strong>Name<\/strong><br>Subajini Ariyaratnam<br><br><strong>Geburtsdatum<\/strong><br>02.03.1986<br><br><strong>Alter<\/strong><br>21<br><br><strong>Geburtsort<\/strong><br>Karumpulliyan Mallavi, Mullaithivu<br><br><strong>Wichtige biografische Angaben<\/strong><br>Subajini Ariyaratnam war eine 21-j\u00e4hrige tamilische Frau aus dem Ort Karumpulliyan Mallavi im<\/p>\n\n\n\n<p> Distrikt Mullaithivu. Sie war eine Sch\u00fclerin der Mallavi Pandiyankulam M.V Schule.<\/p>\n\n\n\n<p class=\"has-text-align-center\"><strong>Vorfall<\/strong><\/p>\n\n\n\n<p><strong>Tag der Ermordung<\/strong><br>13.08.2007<br><br><strong>Ort<\/strong><br>Maruthodai, Nedunkerni<br><br><strong>Beschreibung<\/strong><br>Am 12.08.2007 kam Subajini mit ihrer Mutter, Suvesana Ariyaratnam, nach Nedunkerni, um ihren \u00e4lteren Bruder Jegan Ariyaratnam zu besuchen. Am folgenden Morgen &#8211; am 13.08.2007 gegen 6.30 Uhr- fuhren Subajini und ihre Mutter mit einem \u00f6ffentlichen Bus zur\u00fcck nach Hause. Doch wenige Minuten sp\u00e4ter bombardierte die sri-lankische Luftwaffe zivile Gebiete in Nedunkerni. Unter diesem Luftangriff geriet auch der Bus. Bis auf Subajini konnten sich die Passagiere und der Busfahrer in Sicherheit bringen. Subajini wurde durch den Bombenangriff stark verletzt und musste sterben.<br><br><strong>Juristische Lage<\/strong><br>Bis heute wurden keine Verantwortlichen zur Rechenschaft gezogen. Es gab keine Gerichtsverhandlung oder Untersuchungen. Die zust\u00e4ndigen Soldaten oder die sri-lankischen Offiziere, die diesen Angriff befehligt haben, wurden nicht verurteilt. Der Oberbefehlshaber der Streitkr\u00e4fte zu dem Zeitpunkt war Gotabaya Rajapaksa. Aktuell ist er der Pr\u00e4sident von Sri Lanka.<\/p>\n<\/div><\/div>\n\n\n\n<p><\/p>\n","protected":false},"excerpt":{"rendered":"<p>Personendaten NameSubajini Ariyaratnam Geburtsdatum02.03.1986 Alter21 GeburtsortKarumpulliyan Mallavi, Mullaithivu Wichtige biografische AngabenSubajini Ariyaratnam war eine 21-j\u00e4hrige tamilische Frau aus dem Ort Karumpulliyan Mallavi im Distrikt Mullaithivu. Sie war eine Sch\u00fclerin der Mallavi Pandiyankulam M.V Schule. Vorfall Tag der Ermordung13.08.2007 OrtMaruthodai, Nedunkerni BeschreibungAm 12.08.2007 kam Subajini mit ihrer Mutter, Suvesana Ariyaratnam, nach Nedunkerni, um ihren \u00e4lteren Bruder &hellip; <\/p>\n","protected":false},"author":1,"featured_media":66,"parent":8,"menu_order":0,"comment_status":"closed","ping_status":"closed","template":"","meta":{"ngg_post_thumbnail":0,"footnotes":""},"_links":{"self":[{"href":"https:\/\/tfogermany.com\/de\/wp-json\/wp\/v2\/pages\/65"}],"collection":[{"href":"https:\/\/tfogermany.com\/de\/wp-json\/wp\/v2\/pages"}],"about":[{"href":"https:\/\/tfogermany.com\/de\/wp-json\/wp\/v2\/types\/page"}],"author":[{"embeddable":true,"href":"https:\/\/tfogermany.com\/de\/wp-json\/wp\/v2\/users\/1"}],"replies":[{"embeddable":true,"href":"https:\/\/tfogermany.com\/de\/wp-json\/wp\/v2\/comments?post=65"}],"version-history":[{"count":2,"href":"https:\/\/tfogermany.com\/de\/wp-json\/wp\/v2\/pages\/65\/revisions"}],"predecessor-version":[{"id":521,"href":"https:\/\/tfogermany.com\/de\/wp-json\/wp\/v2\/pages\/65\/revisions\/521"}],"up":[{"embeddable":true,"href":"https:\/\/tfogermany.com\/de\/wp-json\/wp\/v2\/pages\/8"}],"wp:featuredmedia":[{"embeddable":true,"href":"https:\/\/tfogermany.com\/de\/wp-json\/wp\/v2\/media\/66"}],"wp:attachment":[{"href":"https:\/\/tfogermany.com\/de\/wp-json\/wp\/v2\/media?parent=65"}],"curies":[{"name":"wp","href":"https:\/\/api.w.org\/{rel}","templated":true}]}}