{"id":62,"date":"2021-03-03T01:00:15","date_gmt":"2021-03-03T01:00:15","guid":{"rendered":"http:\/\/tfogermany.com\/de\/?page_id=62"},"modified":"2021-11-29T08:13:44","modified_gmt":"2021-11-29T08:13:44","slug":"gopishana-thevaranjan","status":"publish","type":"page","link":"https:\/\/tfogermany.com\/de\/100-grunde\/gopishana-thevaranjan\/","title":{"rendered":"Gopishana Thevaranjan"},"content":{"rendered":"\n<div class=\"wp-block-group\"><div class=\"wp-block-group__inner-container is-layout-flow wp-block-group-is-layout-flow\">\n<p class=\"has-text-align-center\"><strong>Personendaten<\/strong><\/p>\n\n\n\n<p><strong>Name<\/strong><br>Gopishana Thevaranjan<br><br><strong>Geburtsdatum<\/strong><br>17.04.2004<br><br><strong>Alter<\/strong><br>5<br><br><strong>Geburtsort<\/strong><br>Paranthan&nbsp; &#8211;&nbsp; Kilinochchi<br><br><strong>Wichtige biografische Angaben<\/strong><br>Gopishana Thevaranjan ist am 17.04.2004 geboren und kam aus der Stadt Paranthan, Distrikt Kilinochchi. Zum Zeitpunkt ihrer Ermordung war sie 5 Jahre alt.<\/p>\n\n\n\n<p class=\"has-text-align-center\"><strong>Vorfall<\/strong><\/p>\n\n\n\n<p><strong>Tag der Ermordung<\/strong><br>16.05.2009<br><br><strong>Ort<\/strong><br>Mullivaikkaal<br><br><strong>Beschreibung<\/strong><br>In der Endphase des bewaffneten B\u00fcrgerkrieges hat das sri-lankische Milit\u00e4r durch Bombardierungen und Beschuss etwa 300.000 Tamilen in die sogenannten \u201eNo-Fire Zone\u201c getrieben. Mit h\u00f6chster Brutalit\u00e4t stellte das sri-lankische Milit\u00e4r diese Sicherheitszonen unter Beschuss, ohne jegliche Unterscheidungen zwischen milit\u00e4rischen und zivilen Zielen.<\/p>\n\n\n\n<p>Gopishana Theveranjan musste in der Endphase des Krieges mit ihrer Familie in die nord\u00f6stlichen K\u00fcstengebiete fliehen und kam in die Sicherheitszone Mullivaikaal. Am 16.05.2009 wurde Gopishana Thevaranjan zusammen mit ihrem Vater und gro\u00dfen Schwester, Keshajini Thevaranjan, durch die gezielte Bombardierung des sri-lankischen Milit\u00e4rs in Mullivaikaal ermordet. Mullivaikaal war in den letzten Tagen f\u00fcr unz\u00e4hlige Zivilisten des B\u00fcrgerkrieges das letztm\u00f6gliche Fluchtgebiet. Hier wurde der Krieg von der sri-lankischen Regierung im Mai 2009 mittels eines Genozids an der tamilischen Bev\u00f6lkerung beendet. Etwa 40.000 Zivilisten wurden in den letzten Tagen in Mullivaikaal get\u00f6tet. Zu diesem Zeitpunkt war Oberbefehlshaber der Streitkr\u00e4fte Gotabaya Rajapaksa. Aktuell ist er der Pr\u00e4sident von Sri Lanka.<br><br><strong>Juristische Lage<\/strong><br>Bis heute wurden keine Verantwortlichen zur Rechenschaft gezogen. Es gab keine Gerichtsverhandlung oder Untersuchungen. Die zust\u00e4ndigen Soldaten oder die sri-lankischen Offiziere, die diesen Angriff befehligt haben, wurden nicht verurteilt.<\/p>\n<\/div><\/div>\n\n\n\n<p><\/p>\n","protected":false},"excerpt":{"rendered":"<p>Personendaten NameGopishana Thevaranjan Geburtsdatum17.04.2004 Alter5 GeburtsortParanthan&nbsp; &#8211;&nbsp; Kilinochchi Wichtige biografische AngabenGopishana Thevaranjan ist am 17.04.2004 geboren und kam aus der Stadt Paranthan, Distrikt Kilinochchi. Zum Zeitpunkt ihrer Ermordung war sie 5 Jahre alt. Vorfall Tag der Ermordung16.05.2009 OrtMullivaikkaal BeschreibungIn der Endphase des bewaffneten B\u00fcrgerkrieges hat das sri-lankische Milit\u00e4r durch Bombardierungen und Beschuss etwa 300.000 Tamilen &hellip; <\/p>\n","protected":false},"author":1,"featured_media":63,"parent":8,"menu_order":0,"comment_status":"closed","ping_status":"closed","template":"","meta":{"ngg_post_thumbnail":0,"footnotes":""},"_links":{"self":[{"href":"https:\/\/tfogermany.com\/de\/wp-json\/wp\/v2\/pages\/62"}],"collection":[{"href":"https:\/\/tfogermany.com\/de\/wp-json\/wp\/v2\/pages"}],"about":[{"href":"https:\/\/tfogermany.com\/de\/wp-json\/wp\/v2\/types\/page"}],"author":[{"embeddable":true,"href":"https:\/\/tfogermany.com\/de\/wp-json\/wp\/v2\/users\/1"}],"replies":[{"embeddable":true,"href":"https:\/\/tfogermany.com\/de\/wp-json\/wp\/v2\/comments?post=62"}],"version-history":[{"count":2,"href":"https:\/\/tfogermany.com\/de\/wp-json\/wp\/v2\/pages\/62\/revisions"}],"predecessor-version":[{"id":411,"href":"https:\/\/tfogermany.com\/de\/wp-json\/wp\/v2\/pages\/62\/revisions\/411"}],"up":[{"embeddable":true,"href":"https:\/\/tfogermany.com\/de\/wp-json\/wp\/v2\/pages\/8"}],"wp:featuredmedia":[{"embeddable":true,"href":"https:\/\/tfogermany.com\/de\/wp-json\/wp\/v2\/media\/63"}],"wp:attachment":[{"href":"https:\/\/tfogermany.com\/de\/wp-json\/wp\/v2\/media?parent=62"}],"curies":[{"name":"wp","href":"https:\/\/api.w.org\/{rel}","templated":true}]}}