{"id":6,"date":"2021-03-02T21:33:06","date_gmt":"2021-03-02T21:33:06","guid":{"rendered":"http:\/\/tfogermany.com\/de\/?page_id=6"},"modified":"2021-11-29T06:57:23","modified_gmt":"2021-11-29T06:57:23","slug":"uber-uns","status":"publish","type":"page","link":"https:\/\/tfogermany.com\/de\/uber-uns\/","title":{"rendered":"\u00dcber uns"},"content":{"rendered":"\n<p>F\u00fcr jede Frauengruppe, die sich f\u00fcr eine bessere Welt einsetzt, erstrecken sich die Aufgaben vom Lokalen bis zum Globalen. F\u00fcr die Frauen der eelamtamilischen Diaspora in Europa bedeutet das, sich sowohl vor Ort als auch in Tamil Eelam f\u00fcr Geschlechtergerechtigkeit einzusetzen.<\/p>\n\n\n\n<p>In Deutschland stehen wir vor der Aufgabe, sowohl die B\u00fcrger*innen als auch die Regierung davon zu \u00fcberzeugen, dass unser Volk in unserer Heimat einem andauernden und sich versch\u00e4rfenden Genozid ausgesetzt ist. In Zusammenarbeit mit allen fortschrittlichen Gruppen sowohl in Deutschland als auch weltweit werden wir dieses Bewusstsein sch\u00e4rfen und uns in Richtung einer besseren Welt bewegen, die an den Sozialismus angelehnt ist.<\/p>\n\n\n\n<p>In unserer Diaspora Gemeinschaft und in unserem Heimatland sind wir uns der Pflicht bewusst, auf alle Formen des Missbrauchs von Frauen und M\u00e4dchen sowohl innerhalb der Familien als auch in der Gemeinschaft aufmerksam zu machen und diese zu verhindern. Dabei ist die Bek\u00e4mpfung der h\u00e4uslichen Gewalt in den Familien und des sexuellen Missbrauchs von Frauen und M\u00e4dchen eine unserer h\u00f6chsten Priorit\u00e4ten.\u00a0<\/p>\n\n\n\n<p>Des Weiteren ist es unser Ziel, \u00fcber die jahrzehntelange systematische Gewalt gegen tamilische Frauen durch die sri-lankische Regierung und Milit\u00e4r zu informieren und uns ihr weiterhin entgegenzustellen. <\/p>\n\n\n\n<p>Bis zum Genozid an der tamilischen Bev\u00f6lkerung im Jahre 2009 haben Frauen in Tamil Eelam in den 30 Jahren des Befreiungskampfes immense Fortschritte erk\u00e4mpft. In Tamil Eelam wurde der Geschlechtergerechtigkeit w\u00e4hrend des revolution\u00e4ren Prozesses eine zentrale Bedeutung beigemessen. Unsere Intention besteht darin, diesen Raum zur\u00fcck zu gewinnen, um unser Ziel einer freien Gesellschaft zu verwirklichen.<\/p>\n\n\n\n<p><\/p>\n","protected":false},"excerpt":{"rendered":"<p>F\u00fcr jede Frauengruppe, die sich f\u00fcr eine bessere Welt einsetzt, erstrecken sich die Aufgaben vom Lokalen bis zum Globalen. F\u00fcr die Frauen der eelamtamilischen Diaspora in Europa bedeutet das, sich sowohl vor Ort als auch in Tamil Eelam f\u00fcr Geschlechtergerechtigkeit einzusetzen. In Deutschland stehen wir vor der Aufgabe, sowohl die B\u00fcrger*innen als auch die Regierung &hellip; <\/p>\n","protected":false},"author":1,"featured_media":0,"parent":0,"menu_order":0,"comment_status":"closed","ping_status":"closed","template":"","meta":{"ngg_post_thumbnail":0,"footnotes":""},"_links":{"self":[{"href":"https:\/\/tfogermany.com\/de\/wp-json\/wp\/v2\/pages\/6"}],"collection":[{"href":"https:\/\/tfogermany.com\/de\/wp-json\/wp\/v2\/pages"}],"about":[{"href":"https:\/\/tfogermany.com\/de\/wp-json\/wp\/v2\/types\/page"}],"author":[{"embeddable":true,"href":"https:\/\/tfogermany.com\/de\/wp-json\/wp\/v2\/users\/1"}],"replies":[{"embeddable":true,"href":"https:\/\/tfogermany.com\/de\/wp-json\/wp\/v2\/comments?post=6"}],"version-history":[{"count":3,"href":"https:\/\/tfogermany.com\/de\/wp-json\/wp\/v2\/pages\/6\/revisions"}],"predecessor-version":[{"id":384,"href":"https:\/\/tfogermany.com\/de\/wp-json\/wp\/v2\/pages\/6\/revisions\/384"}],"wp:attachment":[{"href":"https:\/\/tfogermany.com\/de\/wp-json\/wp\/v2\/media?parent=6"}],"curies":[{"name":"wp","href":"https:\/\/api.w.org\/{rel}","templated":true}]}}