{"id":59,"date":"2021-03-03T00:58:14","date_gmt":"2021-03-03T00:58:14","guid":{"rendered":"http:\/\/tfogermany.com\/de\/?page_id=59"},"modified":"2021-11-29T09:04:10","modified_gmt":"2021-11-29T09:04:10","slug":"keshajini-thevaranjan","status":"publish","type":"page","link":"https:\/\/tfogermany.com\/de\/100-grunde\/keshajini-thevaranjan\/","title":{"rendered":"Keshajini Thevaranjan"},"content":{"rendered":"\n<div class=\"wp-block-group\"><div class=\"wp-block-group__inner-container is-layout-flow wp-block-group-is-layout-flow\">\n<p class=\"has-text-align-center\"><strong>Personendaten<\/strong><\/p>\n\n\n\n<p><strong>Name<\/strong><br>Keshajini Thevaranjan<br><br><strong>Geburtsdatum<\/strong><br>29.05.1999<br><br><strong>Alter<\/strong><br>9<br><br><strong>Geburtsort<\/strong><br>Paranthan&nbsp; &#8211;&nbsp; Kilinochchi<br><br><strong>Wichtige biografische Angaben<\/strong><br>Keshajini Thevaranjan ist am 29.05.1999 geboren und kam aus der Stadt Paranthan, Distrikt Kilinochchi. Zum Zeitpunkt ihrer Ermordung war sie 9 Jahre alt.<\/p>\n\n\n\n<p class=\"has-text-align-center\"><strong>Vorfall<\/strong><\/p>\n\n\n\n<p><strong>Tag der Ermordung<\/strong><br>16.05.2009<br><br><strong>Ort<\/strong><br>Mullivaikkaal<br><br><strong>Beschreibung<\/strong><br>Keshajini Theveranjan musste in der Endphase des Krieges mit ihrer Familie in die nord\u00f6stlichen K\u00fcstengebiete fliehen und kam in die Sicherheitszone Mullivaikaal. Am 16.05.2009 wurde Keshajini Thevaranjan zusammen mit ihrem Vater und kleinen Schwester, Gopishana Thevaranjan, durch eine gezielte Bombardierung des sri-lankischen Milit\u00e4rs in Mullivaikaal ermordet. Mullivaikaal war in den letzten Tagen f\u00fcr unz\u00e4hlige Zivilisten des B\u00fcrgerkrieges das letztm\u00f6gliche Fluchtgebiet. Hier wurde der Krieg von der sri-lankischen Regierung im Mai 2009 mittels eines Genozids an der tamilischen Bev\u00f6lkerung beendet. Etwa 40.000 Zivilisten wurden in den letzten Tagen in Mullivaikaal get\u00f6tet. Zu diesem Zeitpunkt war Oberbefehlshaber der Streitkr\u00e4fte Gotabaya Rajapaksa. Aktuell ist er Pr\u00e4sident von Sri Lanka.<br><br><strong>Juristische Lage<\/strong><br>Bis heute wurden keine Verantwortlichen zur Rechenschaft gezogen. Es gab keine Gerichtsverhandlung oder Untersuchungen. Die zust\u00e4ndigen Soldaten oder die sri-lankischen Offiziere, die diesen Angriff befehligt haben, wurden nicht verurteilt.<\/p>\n<\/div><\/div>\n\n\n\n<p><\/p>\n","protected":false},"excerpt":{"rendered":"<p>Personendaten NameKeshajini Thevaranjan Geburtsdatum29.05.1999 Alter9 GeburtsortParanthan&nbsp; &#8211;&nbsp; Kilinochchi Wichtige biografische AngabenKeshajini Thevaranjan ist am 29.05.1999 geboren und kam aus der Stadt Paranthan, Distrikt Kilinochchi. Zum Zeitpunkt ihrer Ermordung war sie 9 Jahre alt. Vorfall Tag der Ermordung16.05.2009 OrtMullivaikkaal BeschreibungKeshajini Theveranjan musste in der Endphase des Krieges mit ihrer Familie in die nord\u00f6stlichen K\u00fcstengebiete fliehen und &hellip; <\/p>\n","protected":false},"author":1,"featured_media":60,"parent":8,"menu_order":0,"comment_status":"closed","ping_status":"closed","template":"","meta":{"ngg_post_thumbnail":0,"footnotes":""},"_links":{"self":[{"href":"https:\/\/tfogermany.com\/de\/wp-json\/wp\/v2\/pages\/59"}],"collection":[{"href":"https:\/\/tfogermany.com\/de\/wp-json\/wp\/v2\/pages"}],"about":[{"href":"https:\/\/tfogermany.com\/de\/wp-json\/wp\/v2\/types\/page"}],"author":[{"embeddable":true,"href":"https:\/\/tfogermany.com\/de\/wp-json\/wp\/v2\/users\/1"}],"replies":[{"embeddable":true,"href":"https:\/\/tfogermany.com\/de\/wp-json\/wp\/v2\/comments?post=59"}],"version-history":[{"count":2,"href":"https:\/\/tfogermany.com\/de\/wp-json\/wp\/v2\/pages\/59\/revisions"}],"predecessor-version":[{"id":438,"href":"https:\/\/tfogermany.com\/de\/wp-json\/wp\/v2\/pages\/59\/revisions\/438"}],"up":[{"embeddable":true,"href":"https:\/\/tfogermany.com\/de\/wp-json\/wp\/v2\/pages\/8"}],"wp:featuredmedia":[{"embeddable":true,"href":"https:\/\/tfogermany.com\/de\/wp-json\/wp\/v2\/media\/60"}],"wp:attachment":[{"href":"https:\/\/tfogermany.com\/de\/wp-json\/wp\/v2\/media?parent=59"}],"curies":[{"name":"wp","href":"https:\/\/api.w.org\/{rel}","templated":true}]}}