{"id":53,"date":"2021-03-03T00:51:08","date_gmt":"2021-03-03T00:51:08","guid":{"rendered":"http:\/\/tfogermany.com\/de\/?page_id=53"},"modified":"2021-11-29T12:02:17","modified_gmt":"2021-11-29T12:02:17","slug":"vasuki-rasaiah","status":"publish","type":"page","link":"https:\/\/tfogermany.com\/de\/100-grunde\/vasuki-rasaiah\/","title":{"rendered":"Vasuki Rasaiah"},"content":{"rendered":"\n<div class=\"wp-block-group\"><div class=\"wp-block-group__inner-container is-layout-flow wp-block-group-is-layout-flow\">\n<p class=\"has-text-align-center\"><strong>Personendaten<\/strong><\/p>\n\n\n\n<p><strong>Name<\/strong><br>Vasuki Rasaiah<br><br><strong>Geburtsdatum<\/strong><br>1981<br><br><strong>Alter<\/strong><br>28<br><br><strong>Geburtsort<\/strong><br>Murasumoddai<br><br><strong>Wichtige biografische Angaben<\/strong><br>Vasuki Rasaiah war Lehrerin und lebte in der Stadt Murasumoddai bei Kilinochchi. Zum Zeitpunkt ihrer Ermordung war sie lediglich 28 Jahre alt. Das Gebiet Kilinochchi war damals unter tamilischer Verwaltung.<\/p>\n\n\n\n<p class=\"has-text-align-center\"><strong>Vorfall<\/strong><\/p>\n\n\n\n<p><strong>Tag der Ermordung<\/strong><br>01.01.2009<br><br><strong>Ort<\/strong><br>Murasumoddai<br><br><strong>Beschreibung<\/strong><br>Vasuki Rasaiah wurde bei einem Bombenangriff der sri-lankischen Luftwaffe in der Stadt \u201eMurasumoaddai\u201c bei Kilinochichi zusammen mit ihrem Vater get\u00f6tet. Die sri-lankische Luftwaffe unterscheidet nicht zwischen milit\u00e4rischen und zivilen Zielen. Bei vielen der Luftangriffe kommen ge\u00e4chtete Munition zum Einsatz wie Klaster- und Phosphorbomben. Die Angriffe und die T\u00f6tung von tamilischen Zivilisten wurden erst von der Luftwaffe und dann von den sri-lankischen Bodentruppen mit Artilleriebeschuss fortgef\u00fchrt. Der Oberbefehlshaber der Streitkr\u00e4fte zu den Zeitpunkt war Gotabaya Rajapaksa. Er ist zurzeit der Pr\u00e4sident von Sri Lanka.<br><br><strong>Juristische Lage<\/strong><br>Es gab keine Gerichtsverhandlung. Die zust\u00e4ndigen Soldaten oder die sri-lankischen Offiziere, die das befohlen haben, wurden nicht verurteilt.<\/p>\n<\/div><\/div>\n\n\n\n<p><\/p>\n","protected":false},"excerpt":{"rendered":"<p>Personendaten NameVasuki Rasaiah Geburtsdatum1981 Alter28 GeburtsortMurasumoddai Wichtige biografische AngabenVasuki Rasaiah war Lehrerin und lebte in der Stadt Murasumoddai bei Kilinochchi. Zum Zeitpunkt ihrer Ermordung war sie lediglich 28 Jahre alt. Das Gebiet Kilinochchi war damals unter tamilischer Verwaltung. Vorfall Tag der Ermordung01.01.2009 OrtMurasumoddai BeschreibungVasuki Rasaiah wurde bei einem Bombenangriff der sri-lankischen Luftwaffe in der Stadt &hellip; <\/p>\n","protected":false},"author":1,"featured_media":54,"parent":8,"menu_order":0,"comment_status":"closed","ping_status":"closed","template":"","meta":{"ngg_post_thumbnail":0,"footnotes":""},"_links":{"self":[{"href":"https:\/\/tfogermany.com\/de\/wp-json\/wp\/v2\/pages\/53"}],"collection":[{"href":"https:\/\/tfogermany.com\/de\/wp-json\/wp\/v2\/pages"}],"about":[{"href":"https:\/\/tfogermany.com\/de\/wp-json\/wp\/v2\/types\/page"}],"author":[{"embeddable":true,"href":"https:\/\/tfogermany.com\/de\/wp-json\/wp\/v2\/users\/1"}],"replies":[{"embeddable":true,"href":"https:\/\/tfogermany.com\/de\/wp-json\/wp\/v2\/comments?post=53"}],"version-history":[{"count":2,"href":"https:\/\/tfogermany.com\/de\/wp-json\/wp\/v2\/pages\/53\/revisions"}],"predecessor-version":[{"id":490,"href":"https:\/\/tfogermany.com\/de\/wp-json\/wp\/v2\/pages\/53\/revisions\/490"}],"up":[{"embeddable":true,"href":"https:\/\/tfogermany.com\/de\/wp-json\/wp\/v2\/pages\/8"}],"wp:featuredmedia":[{"embeddable":true,"href":"https:\/\/tfogermany.com\/de\/wp-json\/wp\/v2\/media\/54"}],"wp:attachment":[{"href":"https:\/\/tfogermany.com\/de\/wp-json\/wp\/v2\/media?parent=53"}],"curies":[{"name":"wp","href":"https:\/\/api.w.org\/{rel}","templated":true}]}}