{"id":50,"date":"2021-03-03T00:48:01","date_gmt":"2021-03-03T00:48:01","guid":{"rendered":"http:\/\/tfogermany.com\/de\/?page_id=50"},"modified":"2021-11-29T15:58:38","modified_gmt":"2021-11-29T15:58:38","slug":"thanusiya-sivakumar-thansika-yutechristin","status":"publish","type":"page","link":"https:\/\/tfogermany.com\/de\/100-grunde\/thanusiya-sivakumar-thansika-yutechristin\/","title":{"rendered":"Thanusiya Sivakumar, Thansika Yutechristin"},"content":{"rendered":"\n<div class=\"wp-block-group\"><div class=\"wp-block-group__inner-container is-layout-flow wp-block-group-is-layout-flow\">\n<p class=\"has-text-align-center\"><strong>Personendaten<\/strong><\/p>\n\n\n\n<p><strong>Name<\/strong><br>Thanusiya Sivakumar, Thansika Yutechristin<br><br><strong>Geburtsdatum<\/strong><br>2002, 2005<br><br><strong>Alter<\/strong><br>4, 1<br><br><strong>Geburtsort<\/strong><br>Puthukkudiyiruppu, Mullaithivu<br><br><strong>Wichtige biografische Angaben<\/strong><br>&#8211;<\/p>\n\n\n\n<p class=\"has-text-align-center\"><strong>Vorfall<\/strong><\/p>\n\n\n\n<p><strong>Tag der Ermordung<\/strong><br>16.10.2006<br><br><strong>Ort<\/strong><br>Puthukkudiyiruppu, Mullaithivu<br><br><strong>Beschreibung<\/strong><br>Thanusiya Sivakumar(4), Thansika Yutechristin (1),Thushanthini Thavarasa (14) und ihre Mutter Thavarasa Indra wurden bei einem Luftangriff get\u00f6tet. Sie wurden schwer verletzt und starben am 20. Oktober im Krankenhaus.<\/p>\n\n\n\n<p>Kfir-Jets der srilankischen Luftwaffe (SLAF) z\u00fcndeten Bomben auf einen belebten \u00f6ffentlichen Platz in der tamilischen Stadt Puthukkudiyiruppu im Distrikt Mullaitivu, die unter der Kontrolle der Tamil Tigers stand. Die Luftangriffe auf Puthukkudiyiruppu wurden am 16. Oktober 2006 von der srilankischen Luftwaffe gegen tamilische Zivilisten ver\u00fcbt und t\u00f6teten eine gro\u00dfe Anzahl durch Granatsplitter. Diese fielen auch in ein nahe gelegenes Kinderheim, das Arivuchcholai Children&#8217;s Home, in dem mehr als 200 Jungen untergebracht waren. Ein Junge des Kinderheims wurde ebenfalls verletzt.Neun H\u00e4user wurden besch\u00e4digt. Eine der Familien befand sich in ihrem Bunker mit ihrem Neugeborenen, welches einen Monat alt war. Die Bombe explodierte nur 8 Meter vom Bunker entfernt. Das Baby fiel ins Koma und wurde ins Krankenhaus gebracht, wo sich das Baby erholte. In einem Haus, das besch\u00e4digt wurde, waren 300 H\u00fchner in einem Gehege untergebracht. Diese sind spurlos verschwunden. In einem anderen Haus, kam ein 12-j\u00e4hriges M\u00e4dchen ums Leben und 6 Familienmitglieder wurden verletzt. In dessen Hof waren zwei Busse geparkt. Auch diese sind spurlos verschwunden.<br><br><strong>Juristische Lage<\/strong><br>&#8211;<\/p>\n<\/div><\/div>\n\n\n\n<p><\/p>\n","protected":false},"excerpt":{"rendered":"<p>Personendaten NameThanusiya Sivakumar, Thansika Yutechristin Geburtsdatum2002, 2005 Alter4, 1 GeburtsortPuthukkudiyiruppu, Mullaithivu Wichtige biografische Angaben&#8211; Vorfall Tag der Ermordung16.10.2006 OrtPuthukkudiyiruppu, Mullaithivu BeschreibungThanusiya Sivakumar(4), Thansika Yutechristin (1),Thushanthini Thavarasa (14) und ihre Mutter Thavarasa Indra wurden bei einem Luftangriff get\u00f6tet. Sie wurden schwer verletzt und starben am 20. Oktober im Krankenhaus. Kfir-Jets der srilankischen Luftwaffe (SLAF) z\u00fcndeten Bomben &hellip; <\/p>\n","protected":false},"author":1,"featured_media":51,"parent":8,"menu_order":0,"comment_status":"closed","ping_status":"closed","template":"","meta":{"ngg_post_thumbnail":0,"footnotes":""},"_links":{"self":[{"href":"https:\/\/tfogermany.com\/de\/wp-json\/wp\/v2\/pages\/50"}],"collection":[{"href":"https:\/\/tfogermany.com\/de\/wp-json\/wp\/v2\/pages"}],"about":[{"href":"https:\/\/tfogermany.com\/de\/wp-json\/wp\/v2\/types\/page"}],"author":[{"embeddable":true,"href":"https:\/\/tfogermany.com\/de\/wp-json\/wp\/v2\/users\/1"}],"replies":[{"embeddable":true,"href":"https:\/\/tfogermany.com\/de\/wp-json\/wp\/v2\/comments?post=50"}],"version-history":[{"count":2,"href":"https:\/\/tfogermany.com\/de\/wp-json\/wp\/v2\/pages\/50\/revisions"}],"predecessor-version":[{"id":536,"href":"https:\/\/tfogermany.com\/de\/wp-json\/wp\/v2\/pages\/50\/revisions\/536"}],"up":[{"embeddable":true,"href":"https:\/\/tfogermany.com\/de\/wp-json\/wp\/v2\/pages\/8"}],"wp:featuredmedia":[{"embeddable":true,"href":"https:\/\/tfogermany.com\/de\/wp-json\/wp\/v2\/media\/51"}],"wp:attachment":[{"href":"https:\/\/tfogermany.com\/de\/wp-json\/wp\/v2\/media?parent=50"}],"curies":[{"name":"wp","href":"https:\/\/api.w.org\/{rel}","templated":true}]}}