{"id":44,"date":"2021-03-03T00:42:41","date_gmt":"2021-03-03T00:42:41","guid":{"rendered":"http:\/\/tfogermany.com\/de\/?page_id=44"},"modified":"2021-11-29T16:05:49","modified_gmt":"2021-11-29T16:05:49","slug":"tharshini-ilayathambi","status":"publish","type":"page","link":"https:\/\/tfogermany.com\/de\/100-grunde\/tharshini-ilayathambi\/","title":{"rendered":"Tharshini Ilayathambi"},"content":{"rendered":"\n<div class=\"wp-block-group\"><div class=\"wp-block-group__inner-container is-layout-flow wp-block-group-is-layout-flow\">\n<p class=\"has-text-align-center\"><strong>Personendaten<\/strong><\/p>\n\n\n\n<p><strong>Name<\/strong><br>Tharshini Ilayathambi<br><br><strong>Geburtsdatum<\/strong><br>1986<br><br><strong>Alter<\/strong><br>20<br><br><strong>Geburtsort<\/strong><br>Punguduthivu<br><br><strong>Wichtige biografische Angaben<\/strong><br>Tharshini Ilayathambi war Lehrerin an der Uraitivu-Vorschule und Sporttrainerin an der Mahavidhyalayam Punguduthivu. Sie verdiente ihr Geld mit dem Weben von Schachteln aus Palm-Bl\u00e4ttern.<\/p>\n\n\n\n<p class=\"has-text-align-center\"><strong>Vorfall<\/strong><\/p>\n\n\n\n<p><strong>Tag der Ermordung<\/strong><br>18.12.2006<br><br><strong>Ort<\/strong><br>Punguduthivu<br><br><strong>Beschreibung<\/strong><br>Am Tag ihrer Ermordung verlie\u00df Tharshini ihr Haus, um ihre Cousine zu besuchen. In dieser Nacht dachten Angeh\u00f6rige, Tharshini sei im anderen Haus. Ohne das Wissen beider Haushalte erreichte Tharshini nie ihr Ziel.<\/p>\n\n\n\n<p>Tharshinis Verwandte fanden einen Hut, der von der srilankischen Marine getragen wurde, \u00fcber dem Stamm einer Palme in der N\u00e4he der Mauer, an der ihre Leiche gefunden wurde. Sie fanden auch Tharshinis Unterw\u00e4sche in der N\u00e4he, die aussah, als sei sie mit einer Schere zerschnitten worden.<\/p>\n\n\n\n<p>Ihr K\u00f6rper war mit schweren Steinen an den Beinen gefesselt und um die Taille mit sehr dicken Seilen befestigt worden.<\/p>\n\n\n\n<p>Im Krankenhaus wurde best\u00e4tigt, dass sie vergewaltigt und get\u00f6tet worden war. Sie hatte mehrere Bisswunden in ihrem Gesicht. Ihre Lippen waren aufgerissen und wurden vom Krankenhaus zusammengen\u00e4ht. Sie hatte Stichwunden in der Brust und in der N\u00e4he ihrer H\u00fcfte.<br><br><strong>Juristische Lage<\/strong><br>Nach mehreren Ermittlungen fand die Kripo einen blauen Schl\u00fcsselanh\u00e4nger mit einigen Schl\u00fcsseln. Sie best\u00e4tigten, dass es sich um die Art von Schl\u00fcsselanh\u00e4nger handelt, die von der srilankischen Marine verwendet wird.<\/p>\n\n\n\n<p>Seitdem haben die Polizei, die Kripo und andere Streitkr\u00e4fte mehrmals die H\u00e4user von Tharhsinis Verwandten besucht, um Nachforschungen anzustellen. Sie fragten, warum das Verbrechen nicht von der LTTE begangen worden sein kann und erz\u00e4hlten ihrer Familie, dass sie sich der LTTE angeschlossen hat.<\/p>\n\n\n\n<p>NESOHR appellierte an die internationale Menschenrechtsgemeinschaft, sich NESOHR anzuschlie\u00dfen und zu zeigen, dass sie es mit dem Anspruch, die universellen Menschenrechte zu wahren, ernst meinen und dieser einfachen Dorffamilie, die ihre f\u00fcrsorgliche, hart arbeitende Tochter verloren hat, zu Hilfe kommen. Damit w\u00fcrden sie auch viele weitere zuk\u00fcnftige Morde verhindern.<\/p>\n<\/div><\/div>\n\n\n\n<p><\/p>\n","protected":false},"excerpt":{"rendered":"<p>Personendaten NameTharshini Ilayathambi Geburtsdatum1986 Alter20 GeburtsortPunguduthivu Wichtige biografische AngabenTharshini Ilayathambi war Lehrerin an der Uraitivu-Vorschule und Sporttrainerin an der Mahavidhyalayam Punguduthivu. Sie verdiente ihr Geld mit dem Weben von Schachteln aus Palm-Bl\u00e4ttern. Vorfall Tag der Ermordung18.12.2006 OrtPunguduthivu BeschreibungAm Tag ihrer Ermordung verlie\u00df Tharshini ihr Haus, um ihre Cousine zu besuchen. In dieser Nacht dachten Angeh\u00f6rige, &hellip; <\/p>\n","protected":false},"author":1,"featured_media":45,"parent":8,"menu_order":0,"comment_status":"closed","ping_status":"closed","template":"","meta":{"ngg_post_thumbnail":0,"footnotes":""},"_links":{"self":[{"href":"https:\/\/tfogermany.com\/de\/wp-json\/wp\/v2\/pages\/44"}],"collection":[{"href":"https:\/\/tfogermany.com\/de\/wp-json\/wp\/v2\/pages"}],"about":[{"href":"https:\/\/tfogermany.com\/de\/wp-json\/wp\/v2\/types\/page"}],"author":[{"embeddable":true,"href":"https:\/\/tfogermany.com\/de\/wp-json\/wp\/v2\/users\/1"}],"replies":[{"embeddable":true,"href":"https:\/\/tfogermany.com\/de\/wp-json\/wp\/v2\/comments?post=44"}],"version-history":[{"count":2,"href":"https:\/\/tfogermany.com\/de\/wp-json\/wp\/v2\/pages\/44\/revisions"}],"predecessor-version":[{"id":539,"href":"https:\/\/tfogermany.com\/de\/wp-json\/wp\/v2\/pages\/44\/revisions\/539"}],"up":[{"embeddable":true,"href":"https:\/\/tfogermany.com\/de\/wp-json\/wp\/v2\/pages\/8"}],"wp:featuredmedia":[{"embeddable":true,"href":"https:\/\/tfogermany.com\/de\/wp-json\/wp\/v2\/media\/45"}],"wp:attachment":[{"href":"https:\/\/tfogermany.com\/de\/wp-json\/wp\/v2\/media?parent=44"}],"curies":[{"name":"wp","href":"https:\/\/api.w.org\/{rel}","templated":true}]}}