{"id":348,"date":"2021-04-12T19:38:29","date_gmt":"2021-04-12T19:38:29","guid":{"rendered":"https:\/\/tfogermany.com\/de\/?page_id=348"},"modified":"2021-11-29T07:52:34","modified_gmt":"2021-11-29T07:52:34","slug":"boobalasingam-vijayanirmala","status":"publish","type":"page","link":"https:\/\/tfogermany.com\/de\/100-grunde\/boobalasingam-vijayanirmala\/","title":{"rendered":"Boobalasingam Vijayanirmala"},"content":{"rendered":"\n<div class=\"wp-block-group\"><div class=\"wp-block-group__inner-container is-layout-flow wp-block-group-is-layout-flow\">\n<p class=\"has-text-align-center\"><strong>Personendaten<\/strong><\/p>\n\n\n\n<p><strong>Name<\/strong><br>Boobalasingam Vijayanirmala<br><br><strong>Geburtsdatum<\/strong><br>25.10.1969<br><br><strong>Alter<\/strong><br>40<br><br><strong>Geburtsort<\/strong><br>5<sup>th<\/sup> Vaddram, Kumulamunai, Mullathivu<br><br><strong>Wichtige biografische Angaben<\/strong><br>&#8211;<\/p>\n\n\n\n<p class=\"has-text-align-center\"><strong>Vorfall<\/strong><\/p>\n\n\n\n<p><strong>Tag der Ermordung<\/strong><br>12.02.2009<br><br><strong>Ort<\/strong><br>Devipuram<br><br><strong>Beschreibung<\/strong><br>Boobalasingam Vijayanirmala starb bei einem Granatenangriff durch die Armee.<\/p>\n\n\n\n<p>Die gleichen Angriffe ereigneten sich\u00a0 im Jahr 2009 auch in<\/p>\n\n\n\n<p>Udayarkad, Visuvamadu, Irunamadu, Suthanthirapuram, Mayilvaganapuram, Vallipuram. Das waren einige der D\u00f6rfer, in denen die Tausenden von Menschen lebten, die w\u00e4hrend des Krieges evakuiert wurden.<\/p>\n\n\n\n<p>Obwohl in Udayarkad Krankenh\u00e4user errichtet wurden, verloren unz\u00e4hlige Zivilisten bei Raketenangriffen in der Gegend ihr Leben.<\/p>\n\n\n\n<p>Hunderte von unschuldigen Menschen wurden bei einem gezielten Beschuss auf der Stra\u00dfe, die von Punnaineeraavi nach Udayarkad f\u00fchrt, get\u00f6tet.&nbsp; Die Truppen er\u00f6ffneten das Feuer sogar auf das Krankenhaus von Udayarkaddu und t\u00f6teten viele Patienten, \u00c4rzte und Sanit\u00e4ter. Da die Stra\u00dfen unter st\u00e4ndigem Beschuss standen, waren die Zivilisten gezwungen, \u00fcber den Fluss und in den Wald nach Devipuram zu wandern. Unschuldige Zivilisten, die sich aus Angst um ihr Leben in Kokosnussplantagen versteckt hatten, wurden in Devipuram durch Granaten get\u00f6tet.<br><br><strong>Juristische Lage<\/strong><br>Sterbeurkunde wurde ausgestellt.<\/p>\n<\/div><\/div>\n\n\n\n<p><\/p>\n","protected":false},"excerpt":{"rendered":"<p>Personendaten NameBoobalasingam Vijayanirmala Geburtsdatum25.10.1969 Alter40 Geburtsort5th Vaddram, Kumulamunai, Mullathivu Wichtige biografische Angaben&#8211; Vorfall Tag der Ermordung12.02.2009 OrtDevipuram BeschreibungBoobalasingam Vijayanirmala starb bei einem Granatenangriff durch die Armee. Die gleichen Angriffe ereigneten sich\u00a0 im Jahr 2009 auch in Udayarkad, Visuvamadu, Irunamadu, Suthanthirapuram, Mayilvaganapuram, Vallipuram. Das waren einige der D\u00f6rfer, in denen die Tausenden von Menschen lebten, die &hellip; <\/p>\n","protected":false},"author":1,"featured_media":76,"parent":8,"menu_order":0,"comment_status":"closed","ping_status":"closed","template":"","meta":{"ngg_post_thumbnail":0,"footnotes":""},"_links":{"self":[{"href":"https:\/\/tfogermany.com\/de\/wp-json\/wp\/v2\/pages\/348"}],"collection":[{"href":"https:\/\/tfogermany.com\/de\/wp-json\/wp\/v2\/pages"}],"about":[{"href":"https:\/\/tfogermany.com\/de\/wp-json\/wp\/v2\/types\/page"}],"author":[{"embeddable":true,"href":"https:\/\/tfogermany.com\/de\/wp-json\/wp\/v2\/users\/1"}],"replies":[{"embeddable":true,"href":"https:\/\/tfogermany.com\/de\/wp-json\/wp\/v2\/comments?post=348"}],"version-history":[{"count":3,"href":"https:\/\/tfogermany.com\/de\/wp-json\/wp\/v2\/pages\/348\/revisions"}],"predecessor-version":[{"id":403,"href":"https:\/\/tfogermany.com\/de\/wp-json\/wp\/v2\/pages\/348\/revisions\/403"}],"up":[{"embeddable":true,"href":"https:\/\/tfogermany.com\/de\/wp-json\/wp\/v2\/pages\/8"}],"wp:featuredmedia":[{"embeddable":true,"href":"https:\/\/tfogermany.com\/de\/wp-json\/wp\/v2\/media\/76"}],"wp:attachment":[{"href":"https:\/\/tfogermany.com\/de\/wp-json\/wp\/v2\/media?parent=348"}],"curies":[{"name":"wp","href":"https:\/\/api.w.org\/{rel}","templated":true}]}}