{"id":346,"date":"2021-04-12T19:33:56","date_gmt":"2021-04-12T19:33:56","guid":{"rendered":"https:\/\/tfogermany.com\/de\/?page_id=346"},"modified":"2021-11-29T10:14:53","modified_gmt":"2021-11-29T10:14:53","slug":"marina-i","status":"publish","type":"page","link":"https:\/\/tfogermany.com\/de\/100-grunde\/marina-i\/","title":{"rendered":"Marina I."},"content":{"rendered":"\n<div class=\"wp-block-group\"><div class=\"wp-block-group__inner-container is-layout-flow wp-block-group-is-layout-flow\">\n<p class=\"has-text-align-center\"><strong>Personendaten<\/strong><\/p>\n\n\n\n<p><strong>Name<\/strong><br>Marina I.<br><br><strong>Geburtsdatum<\/strong><br>&#8211;<br><br><strong>Alter<\/strong><br>37<br><br><strong>Geburtsort<\/strong><br>Mallakam<br><br><strong>Wichtige biografische Angaben<\/strong><br>Marina I. war zum Zeitpunkt ihrer Ermordung 37 Jahre alt und lebte in Jenthankudiyiruppu. Dieses Gebiet steht unter tamilischer Verwaltung.<\/p>\n\n\n\n<p class=\"has-text-align-center\"><strong>Vorfall<\/strong><\/p>\n\n\n\n<p><strong>Tag der Ermordung<\/strong><br>22.02.2009<br><br><strong>Ort<\/strong><br>Jenthankudiyiruppu<br><br><strong>Beschreibung<\/strong><br>Die chauvenistische singalesische Regierung t\u00f6tete dutzende von Eelam-Tamilen auf heimt\u00fcckische Art und Weise. Die unschuldigen B\u00fcrger kamen aufgrund von Luftangriffen, Beschuss, Misshandlungen und Streubomben ums Leben. Dabei konnten tausende der get\u00f6teten Frauen, M\u00e4nner, Kinder und Senioren durch ihre Entstellung nicht mehr identifiziert werden. Marina I. war eines der Opfer des Chauvinismus der srilankischen Regierung.<br><br><strong>Juristische Lage<\/strong><br>Die srilankische Regierung wurde bis heute nicht f\u00fcr diese Arten von Angriffen in Rechenschaft gezogen.<\/p>\n<\/div><\/div>\n\n\n\n<p><\/p>\n","protected":false},"excerpt":{"rendered":"<p>Personendaten NameMarina I. Geburtsdatum&#8211; Alter37 GeburtsortMallakam Wichtige biografische AngabenMarina I. war zum Zeitpunkt ihrer Ermordung 37 Jahre alt und lebte in Jenthankudiyiruppu. Dieses Gebiet steht unter tamilischer Verwaltung. Vorfall Tag der Ermordung22.02.2009 OrtJenthankudiyiruppu BeschreibungDie chauvenistische singalesische Regierung t\u00f6tete dutzende von Eelam-Tamilen auf heimt\u00fcckische Art und Weise. Die unschuldigen B\u00fcrger kamen aufgrund von Luftangriffen, Beschuss, Misshandlungen &hellip; <\/p>\n","protected":false},"author":1,"featured_media":76,"parent":8,"menu_order":0,"comment_status":"closed","ping_status":"closed","template":"","meta":{"ngg_post_thumbnail":0,"footnotes":""},"_links":{"self":[{"href":"https:\/\/tfogermany.com\/de\/wp-json\/wp\/v2\/pages\/346"}],"collection":[{"href":"https:\/\/tfogermany.com\/de\/wp-json\/wp\/v2\/pages"}],"about":[{"href":"https:\/\/tfogermany.com\/de\/wp-json\/wp\/v2\/types\/page"}],"author":[{"embeddable":true,"href":"https:\/\/tfogermany.com\/de\/wp-json\/wp\/v2\/users\/1"}],"replies":[{"embeddable":true,"href":"https:\/\/tfogermany.com\/de\/wp-json\/wp\/v2\/comments?post=346"}],"version-history":[{"count":2,"href":"https:\/\/tfogermany.com\/de\/wp-json\/wp\/v2\/pages\/346\/revisions"}],"predecessor-version":[{"id":462,"href":"https:\/\/tfogermany.com\/de\/wp-json\/wp\/v2\/pages\/346\/revisions\/462"}],"up":[{"embeddable":true,"href":"https:\/\/tfogermany.com\/de\/wp-json\/wp\/v2\/pages\/8"}],"wp:featuredmedia":[{"embeddable":true,"href":"https:\/\/tfogermany.com\/de\/wp-json\/wp\/v2\/media\/76"}],"wp:attachment":[{"href":"https:\/\/tfogermany.com\/de\/wp-json\/wp\/v2\/media?parent=346"}],"curies":[{"name":"wp","href":"https:\/\/api.w.org\/{rel}","templated":true}]}}