{"id":343,"date":"2021-04-12T19:30:50","date_gmt":"2021-04-12T19:30:50","guid":{"rendered":"https:\/\/tfogermany.com\/de\/?page_id=343"},"modified":"2021-11-29T07:50:51","modified_gmt":"2021-11-29T07:50:51","slug":"arudselvi-murugaiah","status":"publish","type":"page","link":"https:\/\/tfogermany.com\/de\/100-grunde\/arudselvi-murugaiah\/","title":{"rendered":"Arudselvi Murugaiah"},"content":{"rendered":"\n<div class=\"wp-block-group\"><div class=\"wp-block-group__inner-container is-layout-flow wp-block-group-is-layout-flow\">\n<p class=\"has-text-align-center\"><strong>Personendaten<\/strong><\/p>\n\n\n\n<p><strong>Name<\/strong><br>Arudselvi Murugaiah<br><br><strong>Geburtsdatum<\/strong><br>14.08.1988<br><br><strong>Alter<\/strong><br>18<br><br><strong>Geburtsort<\/strong><br>&#8211;<br><br><strong>Wichtige biografische Angaben<\/strong><br>&#8211;<\/p>\n\n\n\n<p class=\"has-text-align-center\"><strong>Vorfall<\/strong><\/p>\n\n\n\n<p><strong>Tag der Ermordung<\/strong><br>14.08.2006<br><br><strong>Ort<\/strong><br>Vallipunam Chencholai Girls Orphanage<br><br><strong>Beschreibung<\/strong><br>Die srilankische Luftwaffe bombardierte das Waisenhaus mit der Begr\u00fcndung, es handle sich um ein Trainingslager und t\u00f6tete dabei 61 M\u00e4dchen im Alter von 16 bis 18 Jahren.<br><br><strong>Juristische Lage<\/strong><br>Die srilankische Regierung erkl\u00e4rte den Medien, dass das Waisenhaus ein Trainings- und Durchgangslager f\u00fcr die Milit\u00e4rkader der LTTE sei. Sie wiesen darauf hin, dass es weder wie ein Waisenhaus noch wie eine zivile Einrichtung aussah.<\/p>\n<\/div><\/div>\n\n\n\n<p><\/p>\n\n\n\n<p><\/p>\n","protected":false},"excerpt":{"rendered":"<p>Personendaten NameArudselvi Murugaiah Geburtsdatum14.08.1988 Alter18 Geburtsort&#8211; Wichtige biografische Angaben&#8211; Vorfall Tag der Ermordung14.08.2006 OrtVallipunam Chencholai Girls Orphanage BeschreibungDie srilankische Luftwaffe bombardierte das Waisenhaus mit der Begr\u00fcndung, es handle sich um ein Trainingslager und t\u00f6tete dabei 61 M\u00e4dchen im Alter von 16 bis 18 Jahren. Juristische LageDie srilankische Regierung erkl\u00e4rte den Medien, dass das Waisenhaus ein &hellip; <\/p>\n","protected":false},"author":1,"featured_media":344,"parent":8,"menu_order":0,"comment_status":"closed","ping_status":"closed","template":"","meta":{"ngg_post_thumbnail":0,"footnotes":""},"_links":{"self":[{"href":"https:\/\/tfogermany.com\/de\/wp-json\/wp\/v2\/pages\/343"}],"collection":[{"href":"https:\/\/tfogermany.com\/de\/wp-json\/wp\/v2\/pages"}],"about":[{"href":"https:\/\/tfogermany.com\/de\/wp-json\/wp\/v2\/types\/page"}],"author":[{"embeddable":true,"href":"https:\/\/tfogermany.com\/de\/wp-json\/wp\/v2\/users\/1"}],"replies":[{"embeddable":true,"href":"https:\/\/tfogermany.com\/de\/wp-json\/wp\/v2\/comments?post=343"}],"version-history":[{"count":2,"href":"https:\/\/tfogermany.com\/de\/wp-json\/wp\/v2\/pages\/343\/revisions"}],"predecessor-version":[{"id":401,"href":"https:\/\/tfogermany.com\/de\/wp-json\/wp\/v2\/pages\/343\/revisions\/401"}],"up":[{"embeddable":true,"href":"https:\/\/tfogermany.com\/de\/wp-json\/wp\/v2\/pages\/8"}],"wp:featuredmedia":[{"embeddable":true,"href":"https:\/\/tfogermany.com\/de\/wp-json\/wp\/v2\/media\/344"}],"wp:attachment":[{"href":"https:\/\/tfogermany.com\/de\/wp-json\/wp\/v2\/media?parent=343"}],"curies":[{"name":"wp","href":"https:\/\/api.w.org\/{rel}","templated":true}]}}