{"id":326,"date":"2021-04-12T19:08:55","date_gmt":"2021-04-12T19:08:55","guid":{"rendered":"https:\/\/tfogermany.com\/de\/?page_id=326"},"modified":"2021-11-29T11:50:06","modified_gmt":"2021-11-29T11:50:06","slug":"paakiam-kandiah","status":"publish","type":"page","link":"https:\/\/tfogermany.com\/de\/100-grunde\/paakiam-kandiah\/","title":{"rendered":"Paakiam Kandiah"},"content":{"rendered":"\n<div class=\"wp-block-group\"><div class=\"wp-block-group__inner-container is-layout-flow wp-block-group-is-layout-flow\">\n<p class=\"has-text-align-center\"><strong>Personendaten<\/strong><\/p>\n\n\n\n<p><strong>Name<\/strong><br>Paakiam Kandiah<br><br><strong>Geburtsdatum<\/strong><br>1950<br><br><strong>Alter<\/strong><br>40<br><br><strong>Geburtsort<\/strong><br>Urumpirai, Jaffna<br><br><strong>Wichtige biografische Angaben<\/strong><br>Paakiam Kandiah wurde in eine \u00e4rmere Familie geboren und besuchte die Schule in ihrer Stadt. Sie heiratete und bekam drei Kinder. Ziemlich bald verlie\u00df ihr Ehemann die Familie und Frau Paakiam Kandiah war auf sich allein gestellt. Zu ihrer famili\u00e4ren Belastung, setzte sie sich f\u00fcr die Rechte der Tamilen ein, indem sie Flyer verteilte. \u00a0Die indische Armee, die sich damals mit der sri lankischen Regierung gegen die LTTE verb\u00fcndet hatte, verhaftete Frau Paakiam Kandiah f\u00fcr die friedliche Art und Weise sich f\u00fcr die Rechte ihres Volkes einzusetzen. Sie wurde nach einigen Monaten mit einer Verwarnung entlassen. Sie lie\u00df sich nicht einsch\u00fcchtern und setzte sich weiterhin f\u00fcr die Rechte ihres Volkes ein.<\/p>\n\n\n\n<p class=\"has-text-align-center\"><strong>Vorfall<\/strong><\/p>\n\n\n\n<p><strong>Tag der Ermordung<\/strong><br>06.01.1990<br><br><strong>Ort<\/strong><br>Urumpirai, Jaffna<br><br><strong>Beschreibung<\/strong><br>Eine Gruppe verschleppte sie mit Hilfe des indischen Milit\u00e4rs vor den Augen ihrer Kinder. Nur wenige Stra\u00dfen weiter wurde sie erschossen, sodass ihre Kinder die Sch\u00fcsse noch h\u00f6ren konnten.<br><br><strong>Juristische Lage<\/strong><br>Es gab keine Gerichtsverhandlung. Die zust\u00e4ndigen Soldaten oder die sri-lankischen Offiziere, die das befohlen haben, wurden nicht verurteilt.<\/p>\n<\/div><\/div>\n\n\n\n<p><\/p>\n","protected":false},"excerpt":{"rendered":"<p>Personendaten NamePaakiam Kandiah Geburtsdatum1950 Alter40 GeburtsortUrumpirai, Jaffna Wichtige biografische AngabenPaakiam Kandiah wurde in eine \u00e4rmere Familie geboren und besuchte die Schule in ihrer Stadt. Sie heiratete und bekam drei Kinder. Ziemlich bald verlie\u00df ihr Ehemann die Familie und Frau Paakiam Kandiah war auf sich allein gestellt. Zu ihrer famili\u00e4ren Belastung, setzte sie sich f\u00fcr die &hellip; <\/p>\n","protected":false},"author":1,"featured_media":76,"parent":8,"menu_order":0,"comment_status":"closed","ping_status":"closed","template":"","meta":{"ngg_post_thumbnail":0,"footnotes":""},"_links":{"self":[{"href":"https:\/\/tfogermany.com\/de\/wp-json\/wp\/v2\/pages\/326"}],"collection":[{"href":"https:\/\/tfogermany.com\/de\/wp-json\/wp\/v2\/pages"}],"about":[{"href":"https:\/\/tfogermany.com\/de\/wp-json\/wp\/v2\/types\/page"}],"author":[{"embeddable":true,"href":"https:\/\/tfogermany.com\/de\/wp-json\/wp\/v2\/users\/1"}],"replies":[{"embeddable":true,"href":"https:\/\/tfogermany.com\/de\/wp-json\/wp\/v2\/comments?post=326"}],"version-history":[{"count":2,"href":"https:\/\/tfogermany.com\/de\/wp-json\/wp\/v2\/pages\/326\/revisions"}],"predecessor-version":[{"id":481,"href":"https:\/\/tfogermany.com\/de\/wp-json\/wp\/v2\/pages\/326\/revisions\/481"}],"up":[{"embeddable":true,"href":"https:\/\/tfogermany.com\/de\/wp-json\/wp\/v2\/pages\/8"}],"wp:featuredmedia":[{"embeddable":true,"href":"https:\/\/tfogermany.com\/de\/wp-json\/wp\/v2\/media\/76"}],"wp:attachment":[{"href":"https:\/\/tfogermany.com\/de\/wp-json\/wp\/v2\/media?parent=326"}],"curies":[{"name":"wp","href":"https:\/\/api.w.org\/{rel}","templated":true}]}}