{"id":323,"date":"2021-04-12T19:06:42","date_gmt":"2021-04-12T19:06:42","guid":{"rendered":"https:\/\/tfogermany.com\/de\/?page_id=323"},"modified":"2021-11-29T09:39:30","modified_gmt":"2021-11-29T09:39:30","slug":"kokilavathani-g","status":"publish","type":"page","link":"https:\/\/tfogermany.com\/de\/100-grunde\/kokilavathani-g\/","title":{"rendered":"Kokilavathani G."},"content":{"rendered":"\n<div class=\"wp-block-group\"><div class=\"wp-block-group__inner-container is-layout-flow wp-block-group-is-layout-flow\">\n<p class=\"has-text-align-center\"><strong>Personendaten<\/strong><\/p>\n\n\n\n<p><strong>Name<\/strong><br>Kokilavathani G.<br><br><strong>Geburtsdatum<\/strong><br>1977<br><br><strong>Alter<\/strong><br>29<br><br><strong>Geburtsort<\/strong><br>&#8211;<br><br><strong>Wichtige biografische Angaben<\/strong><br>Kokilavathani war eine Hygieneberaterin und leistete Erste Hilfe im Rahmen der ACF Organisation. Bei einem Attentat in Muttur wurde sie im Alter von 29 Jahren get\u00f6tet.<\/p>\n\n\n\n<p class=\"has-text-align-center\"><strong>Vorfall<\/strong><\/p>\n\n\n\n<p><strong>Tag der Ermordung<\/strong><br>04.08.2006<br><br><strong>Ort<\/strong><br>Muttur, Trincomalee<br><br><strong>Beschreibung<\/strong><br>Am 4. August 2006 in Muttur, welches in Trincomalee liegt, hat ein Attentat stattgefunden. Dabei wurden 17 humanit\u00e4te Helfer get\u00f6tet. Es wird vermutet, dass sie von srilankischen Sicherheitskr\u00e4ften get\u00f6tet wurden. Unter den get\u00f6teten war auch Kokilavathani. Zu der Zeit arbeitete sie bei einer Organisation gegen Hunger, der Action contre la Faim (ACF). \u00a0<\/p>\n\n\n\n<p>Die Helfer wurden gezwungen sich im Organisationsgel\u00e4nde aufzustellen und wurden dann erschossen. Solche Massaker an humanit\u00e4ren Helfern sind in Sri Lanka keine Seltenheit.<br><br><strong>Juristische Lage<\/strong><br>Nach diesem Attentat wurde mit den Ermittlungen begonnen. Es wurde seitens des sri-lankischen Justizsystems die Aussage get\u00e4tigt, dass sie nicht in der Lage sind, weitere Untersuchungen durchzuf\u00fchren, dennoch konnte man die Get\u00f6teten identifizieren. Das Verbrechen wurde von den obersten Beh\u00f6rden Sri Lankas vertuscht. Die Organisation ACF geht davon aus, dass nur eine unabh\u00e4ngige Untersuchung die M\u00f6rder finden k\u00f6nnte.<\/p>\n<\/div><\/div>\n\n\n\n<p><\/p>\n","protected":false},"excerpt":{"rendered":"<p>Personendaten NameKokilavathani G. Geburtsdatum1977 Alter29 Geburtsort&#8211; Wichtige biografische AngabenKokilavathani war eine Hygieneberaterin und leistete Erste Hilfe im Rahmen der ACF Organisation. Bei einem Attentat in Muttur wurde sie im Alter von 29 Jahren get\u00f6tet. Vorfall Tag der Ermordung04.08.2006 OrtMuttur, Trincomalee BeschreibungAm 4. August 2006 in Muttur, welches in Trincomalee liegt, hat ein Attentat stattgefunden. Dabei &hellip; <\/p>\n","protected":false},"author":1,"featured_media":324,"parent":8,"menu_order":0,"comment_status":"closed","ping_status":"closed","template":"","meta":{"ngg_post_thumbnail":0,"footnotes":""},"_links":{"self":[{"href":"https:\/\/tfogermany.com\/de\/wp-json\/wp\/v2\/pages\/323"}],"collection":[{"href":"https:\/\/tfogermany.com\/de\/wp-json\/wp\/v2\/pages"}],"about":[{"href":"https:\/\/tfogermany.com\/de\/wp-json\/wp\/v2\/types\/page"}],"author":[{"embeddable":true,"href":"https:\/\/tfogermany.com\/de\/wp-json\/wp\/v2\/users\/1"}],"replies":[{"embeddable":true,"href":"https:\/\/tfogermany.com\/de\/wp-json\/wp\/v2\/comments?post=323"}],"version-history":[{"count":2,"href":"https:\/\/tfogermany.com\/de\/wp-json\/wp\/v2\/pages\/323\/revisions"}],"predecessor-version":[{"id":442,"href":"https:\/\/tfogermany.com\/de\/wp-json\/wp\/v2\/pages\/323\/revisions\/442"}],"up":[{"embeddable":true,"href":"https:\/\/tfogermany.com\/de\/wp-json\/wp\/v2\/pages\/8"}],"wp:featuredmedia":[{"embeddable":true,"href":"https:\/\/tfogermany.com\/de\/wp-json\/wp\/v2\/media\/324"}],"wp:attachment":[{"href":"https:\/\/tfogermany.com\/de\/wp-json\/wp\/v2\/media?parent=323"}],"curies":[{"name":"wp","href":"https:\/\/api.w.org\/{rel}","templated":true}]}}