{"id":314,"date":"2021-04-12T18:53:25","date_gmt":"2021-04-12T18:53:25","guid":{"rendered":"https:\/\/tfogermany.com\/de\/?page_id=314"},"modified":"2021-11-29T09:41:13","modified_gmt":"2021-11-29T09:41:13","slug":"kolestica-vijayakumar","status":"publish","type":"page","link":"https:\/\/tfogermany.com\/de\/100-grunde\/kolestica-vijayakumar\/","title":{"rendered":"Kolestica Vijayakumar"},"content":{"rendered":"\n<div class=\"wp-block-group\"><div class=\"wp-block-group__inner-container is-layout-flow wp-block-group-is-layout-flow\">\n<p class=\"has-text-align-center\"><strong>Personendaten<\/strong><\/p>\n\n\n\n<p><strong>Name<\/strong><br>Kolestica Vijayakumar<br><br><strong>Geburtsdatum<\/strong><br>08.07.1975<br><br><strong>Alter<\/strong><br>32<br><br><strong>Geburtsort<\/strong><br>&#8211;<br><br><strong>Wichtige biografische Angaben<\/strong><br>Kolestica Vijayakumar war eine tamilische Frau aus Padahuththurai, ein Fischerdorf im Distrikt Mannar. Kolestica war mit dem Fischer Ramanathan Vijayakumar verheiratet und hatte f\u00fcnf Kinder (vier T\u00f6chter und einen Sohn). Kolestica war eine Hausfrau.<\/p>\n\n\n\n<p>Kolestica und ihre Familie geh\u00f6rten zu einer sogenannten Padahuththurai Fischer-Gemeinde, die aus 35 eng miteinander verbundenen Familien besteht. Viele von ihnen sind aus Jaffna nach Padahuththurai gefl\u00fcchtet, als das sri-lankische Milit\u00e4r Jaffna zur\u00fcck erorbert und zahlreiche Tamilen vertrieben hat. Padahuththurai war ideal f\u00fcr den Fischfang in kleinem Ma\u00dfstab, den die meisten M\u00e4nner der Gemeinde in kleinen Booten betrieben. Zum Zeitpunkt der Ermordung war Kolestica 32 Jahre alt.<\/p>\n\n\n\n<p class=\"has-text-align-center\"><strong>Vorfall<\/strong><\/p>\n\n\n\n<p><strong>Tag der Ermordung<\/strong><br>02.01.2007<br><br><strong>Ort<\/strong><br>Padahuththurai, Mannar<br><br><strong>Beschreibung<\/strong><br>Am 2. Januar 2007 wurde die kleine Fischergemeinde in Padahuththurai im Distrikt Mannar von der sri-lankischen Luftwaffe bombardiert. 15 Zivilisten aus der Gro\u00dffamilie, darunter Kolestica Vijayakumar und ihre zweite Tochter Priyatharshini (9), wurden get\u00f6tet und weitere 35 Zivilisten verletzt. Viele der Verletzten wurden dauerhaft verst\u00fcmmelt.<\/p>\n\n\n\n<p>Am Vortag, den 1. Januar 2007, wurde das Neujahr von der Gemeinde gefeiert. Der 2. Januar war ein entspannter Tag. Kolestica, ihr Ehemann und ihre Kinder waren alle zu Hause. Zwei Stunden lang h\u00f6rten sie das Dr\u00f6hnen des \u00fcblichen Spionageflugzeugs, das sie beunruhigte, aber das war \u00fcblich. Es gab kein Ger\u00e4usch eines Bombers, das sie in Unsicherheit h\u00e4tte bringen k\u00f6nnen. Pl\u00f6tzlich kamen Kfir-Milit\u00e4rflugzeuge und begonnen innerhalb von wenigen Sekunden Bomben abzuwerfen. Als die Bomben anfingen zu explodieren, rannte Kolesticas Ehemann zusammen mit vier Kindern weg. Nach dem die Kfirs verschwanden, sah er nach seiner Frau Kolestica und seiner zweiten Tochter. Die Tochter lag tot da. Kolestica war schwer verletzt und verstarb im Krankenhaus.<br><br><strong>Juristische Lage<\/strong><br>Niemand wurde jemals zur Rechenschaft gezogen und es gab auch keine Strafverfahren vor Gericht. Die sri-lankischen Offiziere, die das Kommando hatten, und die verantwortlichen Soldaten sind bis heute nicht verurteilt worden.<\/p>\n<\/div><\/div>\n\n\n\n<p><\/p>\n","protected":false},"excerpt":{"rendered":"<p>Personendaten NameKolestica Vijayakumar Geburtsdatum08.07.1975 Alter32 Geburtsort&#8211; Wichtige biografische AngabenKolestica Vijayakumar war eine tamilische Frau aus Padahuththurai, ein Fischerdorf im Distrikt Mannar. Kolestica war mit dem Fischer Ramanathan Vijayakumar verheiratet und hatte f\u00fcnf Kinder (vier T\u00f6chter und einen Sohn). Kolestica war eine Hausfrau. Kolestica und ihre Familie geh\u00f6rten zu einer sogenannten Padahuththurai Fischer-Gemeinde, die aus 35 &hellip; <\/p>\n","protected":false},"author":1,"featured_media":315,"parent":8,"menu_order":0,"comment_status":"closed","ping_status":"closed","template":"","meta":{"ngg_post_thumbnail":0,"footnotes":""},"_links":{"self":[{"href":"https:\/\/tfogermany.com\/de\/wp-json\/wp\/v2\/pages\/314"}],"collection":[{"href":"https:\/\/tfogermany.com\/de\/wp-json\/wp\/v2\/pages"}],"about":[{"href":"https:\/\/tfogermany.com\/de\/wp-json\/wp\/v2\/types\/page"}],"author":[{"embeddable":true,"href":"https:\/\/tfogermany.com\/de\/wp-json\/wp\/v2\/users\/1"}],"replies":[{"embeddable":true,"href":"https:\/\/tfogermany.com\/de\/wp-json\/wp\/v2\/comments?post=314"}],"version-history":[{"count":2,"href":"https:\/\/tfogermany.com\/de\/wp-json\/wp\/v2\/pages\/314\/revisions"}],"predecessor-version":[{"id":444,"href":"https:\/\/tfogermany.com\/de\/wp-json\/wp\/v2\/pages\/314\/revisions\/444"}],"up":[{"embeddable":true,"href":"https:\/\/tfogermany.com\/de\/wp-json\/wp\/v2\/pages\/8"}],"wp:featuredmedia":[{"embeddable":true,"href":"https:\/\/tfogermany.com\/de\/wp-json\/wp\/v2\/media\/315"}],"wp:attachment":[{"href":"https:\/\/tfogermany.com\/de\/wp-json\/wp\/v2\/media?parent=314"}],"curies":[{"name":"wp","href":"https:\/\/api.w.org\/{rel}","templated":true}]}}