{"id":311,"date":"2021-04-12T12:52:21","date_gmt":"2021-04-12T12:52:21","guid":{"rendered":"https:\/\/tfogermany.com\/de\/?page_id=311"},"modified":"2021-11-29T07:43:49","modified_gmt":"2021-11-29T07:43:49","slug":"ananthi-konsharvae","status":"publish","type":"page","link":"https:\/\/tfogermany.com\/de\/100-grunde\/ananthi-konsharvae\/","title":{"rendered":"Ananthi Konsharvae"},"content":{"rendered":"\n<div class=\"wp-block-group\"><div class=\"wp-block-group__inner-container is-layout-flow wp-block-group-is-layout-flow\">\n<p class=\"has-text-align-center\"><strong>Personendaten<\/strong><\/p>\n\n\n\n<p><strong>Name<\/strong><br>Ananthi Konsharvae<br><br><strong>Geburtsdatum<\/strong><br>22.02.1971<br><br><strong>Alter<\/strong><br>36<br><br><strong>Geburtsort<\/strong><br>&#8211;<br><br><strong>Wichtige biografische Angaben<\/strong><br>Ananthi Konsharvae war eine tamilische Frau aus Padahuththurai, ein Fischerdorf im Distrikt Mannar.<\/p>\n\n\n\n<p>Ananthi geh\u00f6rte zu einer sogenannten Padahuththurai Fischer-Gemeinde, die aus 35 eng miteinander verbundenen Familien besteht. Viele von ihnen sind im Jahr 1995 aus Jaffna nach Padahuththurai gefl\u00fcchtet, als das sri-lankische Milit\u00e4r Jaffna zur\u00fcck erorbert und zahlreiche Tamilen vertrieben hat. Padahuththurai war ideal f\u00fcr den Fischfang in kleinem Ma\u00dfstab, den die meisten M\u00e4nner der Gemeinde in kleinen Booten betrieben. Ananthi war mit dem Fischer Anthonipppillai Konsharvae verheiratet. Sie war eine Hausfrau. Zum Zeitpunkt ihrer Ermordung war Ananthi 36 Jahre alt.<\/p>\n\n\n\n<p class=\"has-text-align-center\"><strong>Vorfall<\/strong><\/p>\n\n\n\n<p><strong>Tag der Ermordung<\/strong><br>02.01.2007<br><br><strong>Ort<\/strong><br>Padahuththurai, Mannar<br><br><strong>Beschreibung<\/strong><br>Am 2. Januar 2007 wurde die kleine Fischergemeinde in Padahuththurai im Distrik Mannar von der sri-lankischen Luftwaffe bombardiert. 15 Zivilisten aus der Gro\u00dffamilie, darunter Ananthi Konsharvae und sechs Kinder, wurden get\u00f6tet und weitere 35 Zivilisten verletzt. Viele der Verletzten wurden dauerhaft verst\u00fcmmelt.<\/p>\n\n\n\n<p>Am Vortag, den 1. Januar 2007, wurde das Neujahr von der Gemeinde gefeiert. Der 2. Januar war ein entspannter Tag und Ananthi war mit ihrer Mutter zu Hause.\u00a0 Die Gemeinde erwartete die R\u00fcckkehr einer ihrer Familien, die weggefahren war, um mit anderen Verwandten 10 km entfernt das Neujahr zu feiern. Zwei Stunden lang h\u00f6rten sie das Dr\u00f6hnen des \u00fcblichen Spionageflugzeugs, das sie beunruhigte, aber das war \u00fcblich. Es gab kein Ger\u00e4usch eines Bombers, das sie in Unsicherheit h\u00e4tte bringen k\u00f6nnen. Um 9.35 Uhr kamen die sehnlichst erwartete Familie zu Fu\u00df von der etwas weiter entfernten Bushaltestelle. Der gesamte Clan, vor allem die Kinder, rannten der Familie entgegen, um ihr ein frohes neues Jahr zu w\u00fcnschen. Das war die letzte und sch\u00f6nste Erinnerung f\u00fcr die Gemeinschaft. Denn gleich danach kamen Kfir-Milit\u00e4rflugzeuge und begannen innerhalb von wenigen Sekunden Bomben abzuwerfen. Nach dem die Kfirs verschwanden, rannte die Mutter zu ihrer Tochter Ananthi, konnte sie aber nur tot auffinden.<br><br><strong>Juristische Lage<\/strong><br>Niemand wurde jemals zur Rechenschaft gezogen und es gab auch keine Strafverfahren vor Gericht. Die sri-lankischen Offiziere, die das Kommando hatten, und die verantwortlichen Soldaten sind bis heute nicht verurteilt worden.<\/p>\n<\/div><\/div>\n\n\n\n<p><\/p>\n","protected":false},"excerpt":{"rendered":"<p>Personendaten NameAnanthi Konsharvae Geburtsdatum22.02.1971 Alter36 Geburtsort&#8211; Wichtige biografische AngabenAnanthi Konsharvae war eine tamilische Frau aus Padahuththurai, ein Fischerdorf im Distrikt Mannar. Ananthi geh\u00f6rte zu einer sogenannten Padahuththurai Fischer-Gemeinde, die aus 35 eng miteinander verbundenen Familien besteht. Viele von ihnen sind im Jahr 1995 aus Jaffna nach Padahuththurai gefl\u00fcchtet, als das sri-lankische Milit\u00e4r Jaffna zur\u00fcck erorbert &hellip; <\/p>\n","protected":false},"author":1,"featured_media":312,"parent":8,"menu_order":0,"comment_status":"closed","ping_status":"closed","template":"","meta":{"ngg_post_thumbnail":0,"footnotes":""},"_links":{"self":[{"href":"https:\/\/tfogermany.com\/de\/wp-json\/wp\/v2\/pages\/311"}],"collection":[{"href":"https:\/\/tfogermany.com\/de\/wp-json\/wp\/v2\/pages"}],"about":[{"href":"https:\/\/tfogermany.com\/de\/wp-json\/wp\/v2\/types\/page"}],"author":[{"embeddable":true,"href":"https:\/\/tfogermany.com\/de\/wp-json\/wp\/v2\/users\/1"}],"replies":[{"embeddable":true,"href":"https:\/\/tfogermany.com\/de\/wp-json\/wp\/v2\/comments?post=311"}],"version-history":[{"count":2,"href":"https:\/\/tfogermany.com\/de\/wp-json\/wp\/v2\/pages\/311\/revisions"}],"predecessor-version":[{"id":395,"href":"https:\/\/tfogermany.com\/de\/wp-json\/wp\/v2\/pages\/311\/revisions\/395"}],"up":[{"embeddable":true,"href":"https:\/\/tfogermany.com\/de\/wp-json\/wp\/v2\/pages\/8"}],"wp:featuredmedia":[{"embeddable":true,"href":"https:\/\/tfogermany.com\/de\/wp-json\/wp\/v2\/media\/312"}],"wp:attachment":[{"href":"https:\/\/tfogermany.com\/de\/wp-json\/wp\/v2\/media?parent=311"}],"curies":[{"name":"wp","href":"https:\/\/api.w.org\/{rel}","templated":true}]}}