{"id":308,"date":"2021-04-12T12:44:46","date_gmt":"2021-04-12T12:44:46","guid":{"rendered":"https:\/\/tfogermany.com\/de\/?page_id=308"},"modified":"2021-11-29T12:06:20","modified_gmt":"2021-11-29T12:06:20","slug":"yogeswari-tharmalingam","status":"publish","type":"page","link":"https:\/\/tfogermany.com\/de\/100-grunde\/yogeswari-tharmalingam\/","title":{"rendered":"Yogeswari Tharmalingam"},"content":{"rendered":"\n<div class=\"wp-block-group\"><div class=\"wp-block-group__inner-container is-layout-flow wp-block-group-is-layout-flow\">\n<p class=\"has-text-align-center\"><strong>Personendaten<\/strong><\/p>\n\n\n\n<p><strong>Name<\/strong><br>Yogeswari Tharmalingam<br><br><strong>Geburtsdatum<\/strong><br>1966<br><br><strong>Alter<\/strong><br>42<br><br><strong>Geburtsort<\/strong><br>Thalaiyadi, Vadamaradchi east, Jaffna<br><br><strong>Wichtige biografische Angaben<\/strong><br>Yogeswari Tharmalingam war eine tamilische Frau aus dem Dorf Thalayadi im Distrikt Jaffna. Sie lebte mit ihrer Familie im Westen von Mullivaikkal, ein Dorf im Distrikt Mullaithivu. Yogeswari war zum Zeitpunkt ihrer Ermordung 42 Jahre alt.<\/p>\n\n\n\n<p class=\"has-text-align-center\"><strong>Vorfall<\/strong><\/p>\n\n\n\n<p><strong>Tag der Ermordung<\/strong><br>02.06.2008<br><br><strong>Ort<\/strong><br>Karuppaddamurippu, Mullaithivu<br><br><strong>Beschreibung<\/strong><br>Landminen-Angriffe (engl. claymore atttack) gegen \u00f6ffentliche Verkehrsmittel, Krankenwagen und private Fahrzeuge waren typische Terror-Angriffe des sri-lankischen Milit\u00e4reinheit \u201eDeep Penetration Unit\u201c (DPU). Am Montag, den 02.06.2008, war Yogeswari Tharmalingam in einem Van zusammen mit ihrer Enkelin, ihrer Tochter und mit Bekannten aus zwei weiteren Familien auf dem Heimweg nach einem Tempelfest im Hindu Tempel Nahathambiran. Am Abend gegen 20 Uhr, als der Van auf der Hauptstra\u00dfe Oddisuddan-Mankulam in der N\u00e4he von dem Dorf Karuppaddamurippu (ca. 8 km entfernt von dem Dorf Mankulam) fuhr, kam es zur Landminen-Explosion. Yogeswari, ihre Enkelin und 4 weitere Personen wurden bei diesem Landminen-Angriff get\u00f6tet. Vier Verletzte wurden mit gro\u00dfer Versp\u00e4tung in das Mullaithivu Krankenhaus gebracht.<br><br><strong>Juristische Lage<\/strong><br>Bis heute wurden keine Verantwortlichen zur Rechenschaft gezogen. Die zust\u00e4ndigen Soldaten oder die sri-lankischen Offiziere, die diesen Angriff befehligt haben, wurden nicht verurteilt. Es gab keine Gerichtsverhandlung oder Untersuchungen.<\/p>\n<\/div><\/div>\n\n\n\n<p><\/p>\n","protected":false},"excerpt":{"rendered":"<p>Personendaten NameYogeswari Tharmalingam Geburtsdatum1966 Alter42 GeburtsortThalaiyadi, Vadamaradchi east, Jaffna Wichtige biografische AngabenYogeswari Tharmalingam war eine tamilische Frau aus dem Dorf Thalayadi im Distrikt Jaffna. Sie lebte mit ihrer Familie im Westen von Mullivaikkal, ein Dorf im Distrikt Mullaithivu. Yogeswari war zum Zeitpunkt ihrer Ermordung 42 Jahre alt. Vorfall Tag der Ermordung02.06.2008 OrtKaruppaddamurippu, Mullaithivu BeschreibungLandminen-Angriffe (engl. &hellip; <\/p>\n","protected":false},"author":1,"featured_media":309,"parent":8,"menu_order":0,"comment_status":"closed","ping_status":"closed","template":"","meta":{"ngg_post_thumbnail":0,"footnotes":""},"_links":{"self":[{"href":"https:\/\/tfogermany.com\/de\/wp-json\/wp\/v2\/pages\/308"}],"collection":[{"href":"https:\/\/tfogermany.com\/de\/wp-json\/wp\/v2\/pages"}],"about":[{"href":"https:\/\/tfogermany.com\/de\/wp-json\/wp\/v2\/types\/page"}],"author":[{"embeddable":true,"href":"https:\/\/tfogermany.com\/de\/wp-json\/wp\/v2\/users\/1"}],"replies":[{"embeddable":true,"href":"https:\/\/tfogermany.com\/de\/wp-json\/wp\/v2\/comments?post=308"}],"version-history":[{"count":2,"href":"https:\/\/tfogermany.com\/de\/wp-json\/wp\/v2\/pages\/308\/revisions"}],"predecessor-version":[{"id":495,"href":"https:\/\/tfogermany.com\/de\/wp-json\/wp\/v2\/pages\/308\/revisions\/495"}],"up":[{"embeddable":true,"href":"https:\/\/tfogermany.com\/de\/wp-json\/wp\/v2\/pages\/8"}],"wp:featuredmedia":[{"embeddable":true,"href":"https:\/\/tfogermany.com\/de\/wp-json\/wp\/v2\/media\/309"}],"wp:attachment":[{"href":"https:\/\/tfogermany.com\/de\/wp-json\/wp\/v2\/media?parent=308"}],"curies":[{"name":"wp","href":"https:\/\/api.w.org\/{rel}","templated":true}]}}