{"id":305,"date":"2021-04-12T12:42:22","date_gmt":"2021-04-12T12:42:22","guid":{"rendered":"https:\/\/tfogermany.com\/de\/?page_id=305"},"modified":"2021-11-29T08:50:23","modified_gmt":"2021-11-29T08:50:23","slug":"kanishta-kaneshalingam","status":"publish","type":"page","link":"https:\/\/tfogermany.com\/de\/100-grunde\/kanishta-kaneshalingam\/","title":{"rendered":"Kanishta Kaneshalingam"},"content":{"rendered":"\n<div class=\"wp-block-group\"><div class=\"wp-block-group__inner-container is-layout-flow wp-block-group-is-layout-flow\">\n<p class=\"has-text-align-center\"><strong>Personendaten<\/strong><\/p>\n\n\n\n<p><strong>Name<\/strong><br>Kanishta Kaneshalingam<br><br><strong>Geburtsdatum<\/strong><br>1999<br><br><strong>Alter<\/strong><br>9<br><br><strong>Geburtsort<\/strong><br>&#8211;<br><br><strong>Wichtige biografische Angaben<\/strong><br>Kanishta Kenshalingam war ein 9-j\u00e4hriges tamilisches Kind und lebte mit ihrer Familie im Westen von Mullivaikkal, ein Dorf im Distrikt Mullaithivu.<\/p>\n\n\n\n<p class=\"has-text-align-center\"><strong>Vorfall<\/strong><\/p>\n\n\n\n<p><strong>Tag der Ermordung<\/strong><br>02.06.2008<br><br><strong>Ort<\/strong><br>Karuppaddamurippu, Mullaithivu<br><br><strong>Beschreibung<\/strong><br>Am Montag, den 02.06.2008 war Kanishta Kaneshalingam in einem Van zusammen mit ihrer Oma, ihrer Tante und mit Bekannten aus zwei weiteren Familien auf dem Heimweg nach einem Tempelfest im Hindu Tempel Nahathambiran. Am Abend gegen 20 Uhr, als der Van auf der Hauptstra\u00dfe Oddisuddan-Mankulam in der N\u00e4he von dem Dorf Karuppaddamurippu (ca. 8 km entfernt von dem Dorf Mankulam) fuhr, kam es zu einer Explosion von Landminen (engl. claymore atttack) der sri-lankischen Milit\u00e4reinheit \u201eDeep Penetration Unit\u201c (DPU). Kanishta, ihre Oma und 4 weitere Personen wurden durch die Landminen get\u00f6tet. Vier Verletzte wurden mit gro\u00dfer Versp\u00e4tung in das Mullaithivu Krankenhaus gebracht. Landminen waren typische Terror-Angriffe des sri-lankischen Milit\u00e4rs gegen die tamilische Bev\u00f6lkerung. Getroffen wurden zahlreiche \u00f6ffentliche Verkehrsmittel, Krankenwagen und private Fahrzeuge.<br><br><strong>Juristische Lage<\/strong><br>Bis heute wurden keine Verantwortlichen zur Rechenschaft gezogen. Es gab keine Gerichtsverhandlung oder Untersuchungen. \u00a0<\/p>\n<\/div><\/div>\n\n\n\n<p><\/p>\n","protected":false},"excerpt":{"rendered":"<p>Personendaten NameKanishta Kaneshalingam Geburtsdatum1999 Alter9 Geburtsort&#8211; Wichtige biografische AngabenKanishta Kenshalingam war ein 9-j\u00e4hriges tamilisches Kind und lebte mit ihrer Familie im Westen von Mullivaikkal, ein Dorf im Distrikt Mullaithivu. Vorfall Tag der Ermordung02.06.2008 OrtKaruppaddamurippu, Mullaithivu BeschreibungAm Montag, den 02.06.2008 war Kanishta Kaneshalingam in einem Van zusammen mit ihrer Oma, ihrer Tante und mit Bekannten aus &hellip; <\/p>\n","protected":false},"author":1,"featured_media":306,"parent":8,"menu_order":0,"comment_status":"closed","ping_status":"closed","template":"","meta":{"ngg_post_thumbnail":0,"footnotes":""},"_links":{"self":[{"href":"https:\/\/tfogermany.com\/de\/wp-json\/wp\/v2\/pages\/305"}],"collection":[{"href":"https:\/\/tfogermany.com\/de\/wp-json\/wp\/v2\/pages"}],"about":[{"href":"https:\/\/tfogermany.com\/de\/wp-json\/wp\/v2\/types\/page"}],"author":[{"embeddable":true,"href":"https:\/\/tfogermany.com\/de\/wp-json\/wp\/v2\/users\/1"}],"replies":[{"embeddable":true,"href":"https:\/\/tfogermany.com\/de\/wp-json\/wp\/v2\/comments?post=305"}],"version-history":[{"count":2,"href":"https:\/\/tfogermany.com\/de\/wp-json\/wp\/v2\/pages\/305\/revisions"}],"predecessor-version":[{"id":430,"href":"https:\/\/tfogermany.com\/de\/wp-json\/wp\/v2\/pages\/305\/revisions\/430"}],"up":[{"embeddable":true,"href":"https:\/\/tfogermany.com\/de\/wp-json\/wp\/v2\/pages\/8"}],"wp:featuredmedia":[{"embeddable":true,"href":"https:\/\/tfogermany.com\/de\/wp-json\/wp\/v2\/media\/306"}],"wp:attachment":[{"href":"https:\/\/tfogermany.com\/de\/wp-json\/wp\/v2\/media?parent=305"}],"curies":[{"name":"wp","href":"https:\/\/api.w.org\/{rel}","templated":true}]}}