{"id":303,"date":"2021-04-12T12:33:00","date_gmt":"2021-04-12T12:33:00","guid":{"rendered":"https:\/\/tfogermany.com\/de\/?page_id=303"},"modified":"2021-11-29T09:51:06","modified_gmt":"2021-11-29T09:51:06","slug":"kuhajini-s","status":"publish","type":"page","link":"https:\/\/tfogermany.com\/de\/100-grunde\/kuhajini-s\/","title":{"rendered":"Kuhajini S."},"content":{"rendered":"\n<div class=\"wp-block-group\"><div class=\"wp-block-group__inner-container is-layout-flow wp-block-group-is-layout-flow\">\n<p class=\"has-text-align-center\"><strong>Personendaten<\/strong><\/p>\n\n\n\n<p><strong>Name<\/strong><br>Kuhajini S.<br><br><strong>Geburtsdatum<\/strong><br>&#8211;<br><br><strong>Alter<\/strong><br>35<br><br><strong>Geburtsort<\/strong><br>Puttur<br><br><strong>Wichtige biografische Angaben<\/strong><br>Kuhajini S. war zum Zeitpunkt ihrer Ermordung 35 Jahre alt und lebte in Thevipuram. Dieses Gebiet steht unter tamilischer Verwaltung.<\/p>\n\n\n\n<p class=\"has-text-align-center\"><strong>Vorfall<\/strong><\/p>\n\n\n\n<p><strong>Tag der Ermordung<\/strong><br>15.02.2009<br><br><strong>Ort<\/strong><br>Thevipuram<br><br><strong>Beschreibung<\/strong><br>Kuhajini z\u00e4hlt zu den 20.000 identifizierten F\u00e4llen, die den sri-lankischen Streitkr\u00e4ften zum Opfer fielen. W\u00e4hrend des letzten Krieges in Sri Lanka benutze das sri-lankische Milit\u00e4r illegale Waffen, um unschuldige Tamilen systematisch zu vernichten. Bei diesem Genozid an die tamilische Bev\u00f6lkerung kam<\/p>\n\n\n\n<p>Kuhajini auch ums Leben. Die sri-lankische Luftwaffe unterscheidet nicht zwischen milit\u00e4rischen Zielen und Zivilisten. Bei vielen der Luftangriffe wurde ge\u00e4chtete Munitionen eingesetzt, wie z.B. Streubomben und Phosphorbomben. Der Angriff und die T\u00f6tung von tamilischen Zivilisten wurde zun\u00e4chst von der Luftwaffe und dann von den sri-lankischen Bodentruppen mit Artilleriegranaten fortgesetzt. Der Oberbefehlshaber dieser Streitkr\u00e4fte war zu dieser Zeit Gotabaya Rajapaksa. Er ist derzeit Pr\u00e4sident von Sri Lanka.<\/p>\n\n\n\n<p>Seit September 2008 hat die srilankische Regierung allen unabh\u00e4ngigen Beobachtern, humanit\u00e4ren Helfern einschlie\u00dflich der UN und den Medien den Zugang zum Kampfgebiet (Vanni) untersagt und das Kampfgebiet (Vanni) systematisch von der Au\u00dfenwelt isoliert, um einen v\u00f6lkerm\u00f6rderischen Krieg ohne jegliche Zeugen zu f\u00fchren.<br><br><strong>Juristische Lage<\/strong><br>Es wurde bis heute von der sri-lankischen Regierung keine Rechenschaft f\u00fcr den V\u00f6lkermord an die Tamilen abgelegt.<\/p>\n<\/div><\/div>\n\n\n\n<p><\/p>\n","protected":false},"excerpt":{"rendered":"<p>Personendaten NameKuhajini S. Geburtsdatum&#8211; Alter35 GeburtsortPuttur Wichtige biografische AngabenKuhajini S. war zum Zeitpunkt ihrer Ermordung 35 Jahre alt und lebte in Thevipuram. Dieses Gebiet steht unter tamilischer Verwaltung. Vorfall Tag der Ermordung15.02.2009 OrtThevipuram BeschreibungKuhajini z\u00e4hlt zu den 20.000 identifizierten F\u00e4llen, die den sri-lankischen Streitkr\u00e4ften zum Opfer fielen. W\u00e4hrend des letzten Krieges in Sri Lanka benutze &hellip; <\/p>\n","protected":false},"author":1,"featured_media":76,"parent":8,"menu_order":0,"comment_status":"closed","ping_status":"closed","template":"","meta":{"ngg_post_thumbnail":0,"footnotes":""},"_links":{"self":[{"href":"https:\/\/tfogermany.com\/de\/wp-json\/wp\/v2\/pages\/303"}],"collection":[{"href":"https:\/\/tfogermany.com\/de\/wp-json\/wp\/v2\/pages"}],"about":[{"href":"https:\/\/tfogermany.com\/de\/wp-json\/wp\/v2\/types\/page"}],"author":[{"embeddable":true,"href":"https:\/\/tfogermany.com\/de\/wp-json\/wp\/v2\/users\/1"}],"replies":[{"embeddable":true,"href":"https:\/\/tfogermany.com\/de\/wp-json\/wp\/v2\/comments?post=303"}],"version-history":[{"count":2,"href":"https:\/\/tfogermany.com\/de\/wp-json\/wp\/v2\/pages\/303\/revisions"}],"predecessor-version":[{"id":452,"href":"https:\/\/tfogermany.com\/de\/wp-json\/wp\/v2\/pages\/303\/revisions\/452"}],"up":[{"embeddable":true,"href":"https:\/\/tfogermany.com\/de\/wp-json\/wp\/v2\/pages\/8"}],"wp:featuredmedia":[{"embeddable":true,"href":"https:\/\/tfogermany.com\/de\/wp-json\/wp\/v2\/media\/76"}],"wp:attachment":[{"href":"https:\/\/tfogermany.com\/de\/wp-json\/wp\/v2\/media?parent=303"}],"curies":[{"name":"wp","href":"https:\/\/api.w.org\/{rel}","templated":true}]}}