{"id":301,"date":"2021-04-12T12:27:09","date_gmt":"2021-04-12T12:27:09","guid":{"rendered":"https:\/\/tfogermany.com\/de\/?page_id=301"},"modified":"2021-11-29T08:47:40","modified_gmt":"2021-11-29T08:47:40","slug":"kanakanayaki","status":"publish","type":"page","link":"https:\/\/tfogermany.com\/de\/100-grunde\/kanakanayaki\/","title":{"rendered":"Kanakanayaki"},"content":{"rendered":"\n<div class=\"wp-block-group\"><div class=\"wp-block-group__inner-container is-layout-flow wp-block-group-is-layout-flow\">\n<p class=\"has-text-align-center\"><strong>Personendaten<\/strong><\/p>\n\n\n\n<p><strong>Name<\/strong><br>Kanakanayaki<br><br><strong>Geburtsdatum<\/strong><br>&#8211;<br><br><strong>Alter<\/strong><br>55<br><br><strong>Geburtsort<\/strong><br>Ohmanthai<br><br><strong>Wichtige biografische Angaben<\/strong><br>Kanakanayaki war zum Zeitpunkt ihrer Ermordung 55 Jahre alt und lebte in Anandhapuram. Dieses Gebiet steht unter tamilischer Verwaltung.<\/p>\n\n\n\n<p class=\"has-text-align-center\"><strong>Vorfall<\/strong><\/p>\n\n\n\n<p><strong>Tag der Ermordung<\/strong><br>14.02.2009<br><br><strong>Ort<\/strong><br>Anandhapuram<br><br><strong>Beschreibung<\/strong><br>Kanakanayaki wurde, wie auch weitere unschuldige Zivilisten, bei dem illegalen Angriff des sri-lankischen Milit\u00e4rs in Anandaphuram get\u00f6tet. Der Anschlag wurde mittels ge\u00e4chteter chemischer Waffen ver\u00fcbt. Seit September 2008 hat die srilankische Regierung allen unabh\u00e4ngigen Beobachtern, humanit\u00e4ren Helfern einschlie\u00dflich der UN und den Medien den Zugang zum Kampfgebiet (Vanni) untersagt und das Kampfgebiet (Vanni) systematisch von der Au\u00dfenwelt isoliert, um einen v\u00f6lkerm\u00f6rderischen Krieg ohne jegliche Zeugen zu f\u00fchren.<br><br><strong>Juristische Lage<\/strong><br>Bis zum heutigen Tag wurde gegen die sri-lankische Regierung keine Anklage erhoben.<\/p>\n<\/div><\/div>\n\n\n\n<p><\/p>\n","protected":false},"excerpt":{"rendered":"<p>Personendaten NameKanakanayaki Geburtsdatum&#8211; Alter55 GeburtsortOhmanthai Wichtige biografische AngabenKanakanayaki war zum Zeitpunkt ihrer Ermordung 55 Jahre alt und lebte in Anandhapuram. Dieses Gebiet steht unter tamilischer Verwaltung. Vorfall Tag der Ermordung14.02.2009 OrtAnandhapuram BeschreibungKanakanayaki wurde, wie auch weitere unschuldige Zivilisten, bei dem illegalen Angriff des sri-lankischen Milit\u00e4rs in Anandaphuram get\u00f6tet. Der Anschlag wurde mittels ge\u00e4chteter chemischer Waffen &hellip; <\/p>\n","protected":false},"author":1,"featured_media":76,"parent":8,"menu_order":0,"comment_status":"closed","ping_status":"closed","template":"","meta":{"ngg_post_thumbnail":0,"footnotes":""},"_links":{"self":[{"href":"https:\/\/tfogermany.com\/de\/wp-json\/wp\/v2\/pages\/301"}],"collection":[{"href":"https:\/\/tfogermany.com\/de\/wp-json\/wp\/v2\/pages"}],"about":[{"href":"https:\/\/tfogermany.com\/de\/wp-json\/wp\/v2\/types\/page"}],"author":[{"embeddable":true,"href":"https:\/\/tfogermany.com\/de\/wp-json\/wp\/v2\/users\/1"}],"replies":[{"embeddable":true,"href":"https:\/\/tfogermany.com\/de\/wp-json\/wp\/v2\/comments?post=301"}],"version-history":[{"count":2,"href":"https:\/\/tfogermany.com\/de\/wp-json\/wp\/v2\/pages\/301\/revisions"}],"predecessor-version":[{"id":428,"href":"https:\/\/tfogermany.com\/de\/wp-json\/wp\/v2\/pages\/301\/revisions\/428"}],"up":[{"embeddable":true,"href":"https:\/\/tfogermany.com\/de\/wp-json\/wp\/v2\/pages\/8"}],"wp:featuredmedia":[{"embeddable":true,"href":"https:\/\/tfogermany.com\/de\/wp-json\/wp\/v2\/media\/76"}],"wp:attachment":[{"href":"https:\/\/tfogermany.com\/de\/wp-json\/wp\/v2\/media?parent=301"}],"curies":[{"name":"wp","href":"https:\/\/api.w.org\/{rel}","templated":true}]}}