{"id":299,"date":"2021-04-12T12:24:26","date_gmt":"2021-04-12T12:24:26","guid":{"rendered":"https:\/\/tfogermany.com\/de\/?page_id=299"},"modified":"2021-11-29T08:36:06","modified_gmt":"2021-11-29T08:36:06","slug":"kalamathi-j","status":"publish","type":"page","link":"https:\/\/tfogermany.com\/de\/100-grunde\/kalamathi-j\/","title":{"rendered":"Kalamathi J."},"content":{"rendered":"\n<div class=\"wp-block-group\"><div class=\"wp-block-group__inner-container is-layout-flow wp-block-group-is-layout-flow\">\n<p class=\"has-text-align-center\"><strong>Personendaten<\/strong><\/p>\n\n\n\n<p><strong>Name<\/strong><br>Kalamathi J.<br><br><strong>Geburtsdatum<\/strong><br>&#8211;<br><br><strong>Alter<\/strong><br>1,5<br><br><strong>Geburtsort<\/strong><br>Kalvilan<br><br><strong>Wichtige biografische Angaben<\/strong><br>Kalamathi J. war zum Zeitpunkt ihrer Ermordung erst 1,5 Jahre alt und lebte in Jenthankudiyirupu. Dieses Gebiet steht unter tamilischer Verwaltung.<\/p>\n\n\n\n<p class=\"has-text-align-center\"><strong>Vorfall<\/strong><\/p>\n\n\n\n<p><strong>Tag der Ermordung<\/strong><br>22.02.2009<br><br><strong>Ort<\/strong><br>Jenthankudiyirupu<br><br><strong>Beschreibung<\/strong><br>Kalamathi war eine der dutzenden Eelam-Tamilen, die auf heimt\u00fcckische Art und Weise durch die srilankische Regierung get\u00f6tet wurden. Die unschuldigen B\u00fcrger kamen aufgrund von Luftangriffen, Beschuss, Misshandlungen und Streubomben ums Leben. Dabei konnten tausende der get\u00f6teten Frauen, M\u00e4nner, Kinder und Senioren durch ihre Verstellung nicht mehr identifiziert werden.<br><br><strong>Juristische Lage<\/strong><br>Bis heute wurden keine Verantwortlichen zur Rechenschaft gezogen. Es gab keine Gerichtsverhandlung oder Untersuchungen.<\/p>\n<\/div><\/div>\n\n\n\n<p><\/p>\n","protected":false},"excerpt":{"rendered":"<p>Personendaten NameKalamathi J. Geburtsdatum&#8211; Alter1,5 GeburtsortKalvilan Wichtige biografische AngabenKalamathi J. war zum Zeitpunkt ihrer Ermordung erst 1,5 Jahre alt und lebte in Jenthankudiyirupu. Dieses Gebiet steht unter tamilischer Verwaltung. Vorfall Tag der Ermordung22.02.2009 OrtJenthankudiyirupu BeschreibungKalamathi war eine der dutzenden Eelam-Tamilen, die auf heimt\u00fcckische Art und Weise durch die srilankische Regierung get\u00f6tet wurden. Die unschuldigen B\u00fcrger &hellip; <\/p>\n","protected":false},"author":1,"featured_media":76,"parent":8,"menu_order":0,"comment_status":"closed","ping_status":"closed","template":"","meta":{"ngg_post_thumbnail":0,"footnotes":""},"_links":{"self":[{"href":"https:\/\/tfogermany.com\/de\/wp-json\/wp\/v2\/pages\/299"}],"collection":[{"href":"https:\/\/tfogermany.com\/de\/wp-json\/wp\/v2\/pages"}],"about":[{"href":"https:\/\/tfogermany.com\/de\/wp-json\/wp\/v2\/types\/page"}],"author":[{"embeddable":true,"href":"https:\/\/tfogermany.com\/de\/wp-json\/wp\/v2\/users\/1"}],"replies":[{"embeddable":true,"href":"https:\/\/tfogermany.com\/de\/wp-json\/wp\/v2\/comments?post=299"}],"version-history":[{"count":2,"href":"https:\/\/tfogermany.com\/de\/wp-json\/wp\/v2\/pages\/299\/revisions"}],"predecessor-version":[{"id":423,"href":"https:\/\/tfogermany.com\/de\/wp-json\/wp\/v2\/pages\/299\/revisions\/423"}],"up":[{"embeddable":true,"href":"https:\/\/tfogermany.com\/de\/wp-json\/wp\/v2\/pages\/8"}],"wp:featuredmedia":[{"embeddable":true,"href":"https:\/\/tfogermany.com\/de\/wp-json\/wp\/v2\/media\/76"}],"wp:attachment":[{"href":"https:\/\/tfogermany.com\/de\/wp-json\/wp\/v2\/media?parent=299"}],"curies":[{"name":"wp","href":"https:\/\/api.w.org\/{rel}","templated":true}]}}