{"id":297,"date":"2021-04-12T12:20:19","date_gmt":"2021-04-12T12:20:19","guid":{"rendered":"https:\/\/tfogermany.com\/de\/?page_id=297"},"modified":"2021-11-29T08:34:46","modified_gmt":"2021-11-29T08:34:46","slug":"kajani-v","status":"publish","type":"page","link":"https:\/\/tfogermany.com\/de\/100-grunde\/kajani-v\/","title":{"rendered":"Kajani V."},"content":{"rendered":"\n<div class=\"wp-block-group\"><div class=\"wp-block-group__inner-container is-layout-flow wp-block-group-is-layout-flow\">\n<p class=\"has-text-align-center\"><strong>Personendaten<\/strong><\/p>\n\n\n\n<p><strong>Name<\/strong><br>Kajani V.<br><br><strong>Geburtsdatum<\/strong><br>&#8211;<br><br><strong>Alter<\/strong><br>7<br><br><strong>Geburtsort<\/strong><br>Kanthapuram<br><br><strong>Wichtige biografische Angaben<\/strong><br>Kajani V. war zum Zeitpunkt ihrer Ermordung erst 7 Jahre alt und lebte in Iranapalai. Dieses Gebiet steht unter tamilischer Verwaltung.<\/p>\n\n\n\n<p class=\"has-text-align-center\"><strong>Vorfall<\/strong><\/p>\n\n\n\n<p><strong>Tag der Ermordung<\/strong><br>17.02.2009<br><br><strong>Ort<\/strong><br>Iranapalai<br><br><strong>Beschreibung<\/strong><br>Die srilankischen Soldaten begangen ein Kriegsverbrechen, indem sie Brandmunition aus ihren Milit\u00e4rflugzeugen abfeuerten. Dabei t\u00f6teten sie unschuldige Zivilisten und Bewohner der D\u00f6rfer. Bei einer dieser Luftangriffe kam Kajani V. in Iranapalai ums Leben.<br><br><strong>Juristische Lage<\/strong><br>Die Verantwortlichen dieser Luftangriffe haben bis heute keine Rechenschaft f\u00fcr das Kriegsverbrechen abgelegt.<\/p>\n<\/div><\/div>\n\n\n\n<p><\/p>\n","protected":false},"excerpt":{"rendered":"<p>Personendaten NameKajani V. Geburtsdatum&#8211; Alter7 GeburtsortKanthapuram Wichtige biografische AngabenKajani V. war zum Zeitpunkt ihrer Ermordung erst 7 Jahre alt und lebte in Iranapalai. Dieses Gebiet steht unter tamilischer Verwaltung. Vorfall Tag der Ermordung17.02.2009 OrtIranapalai BeschreibungDie srilankischen Soldaten begangen ein Kriegsverbrechen, indem sie Brandmunition aus ihren Milit\u00e4rflugzeugen abfeuerten. Dabei t\u00f6teten sie unschuldige Zivilisten und Bewohner der &hellip; <\/p>\n","protected":false},"author":1,"featured_media":76,"parent":8,"menu_order":0,"comment_status":"closed","ping_status":"closed","template":"","meta":{"ngg_post_thumbnail":0,"footnotes":""},"_links":{"self":[{"href":"https:\/\/tfogermany.com\/de\/wp-json\/wp\/v2\/pages\/297"}],"collection":[{"href":"https:\/\/tfogermany.com\/de\/wp-json\/wp\/v2\/pages"}],"about":[{"href":"https:\/\/tfogermany.com\/de\/wp-json\/wp\/v2\/types\/page"}],"author":[{"embeddable":true,"href":"https:\/\/tfogermany.com\/de\/wp-json\/wp\/v2\/users\/1"}],"replies":[{"embeddable":true,"href":"https:\/\/tfogermany.com\/de\/wp-json\/wp\/v2\/comments?post=297"}],"version-history":[{"count":2,"href":"https:\/\/tfogermany.com\/de\/wp-json\/wp\/v2\/pages\/297\/revisions"}],"predecessor-version":[{"id":421,"href":"https:\/\/tfogermany.com\/de\/wp-json\/wp\/v2\/pages\/297\/revisions\/421"}],"up":[{"embeddable":true,"href":"https:\/\/tfogermany.com\/de\/wp-json\/wp\/v2\/pages\/8"}],"wp:featuredmedia":[{"embeddable":true,"href":"https:\/\/tfogermany.com\/de\/wp-json\/wp\/v2\/media\/76"}],"wp:attachment":[{"href":"https:\/\/tfogermany.com\/de\/wp-json\/wp\/v2\/media?parent=297"}],"curies":[{"name":"wp","href":"https:\/\/api.w.org\/{rel}","templated":true}]}}