{"id":295,"date":"2021-04-12T12:18:24","date_gmt":"2021-04-12T12:18:24","guid":{"rendered":"https:\/\/tfogermany.com\/de\/?page_id=295"},"modified":"2021-11-29T08:15:44","modified_gmt":"2021-11-29T08:15:44","slug":"jennifer-p","status":"publish","type":"page","link":"https:\/\/tfogermany.com\/de\/100-grunde\/jennifer-p\/","title":{"rendered":"Jennifer P."},"content":{"rendered":"\n<div class=\"wp-block-group\"><div class=\"wp-block-group__inner-container is-layout-flow wp-block-group-is-layout-flow\">\n<p class=\"has-text-align-center\"><strong>Personendaten<\/strong><\/p>\n\n\n\n<p><strong>Name<\/strong><br>Jennifer P.<br><br><strong>Geburtsdatum<\/strong><br>&#8211;<br><br><strong>Alter<\/strong><br>16<br><br><strong>Geburtsort<\/strong><br>Oddusuddan<br><br><strong>Wichtige biografische Angaben<\/strong><br>Jennifer P. war zum Zeitpunkt ihrer Ermordung 16 Jahre alt und lebte in Iranaipalai. Dieses Gebiet steht unter tamilischer Verwaltung.<\/p>\n\n\n\n<p class=\"has-text-align-center\"><strong>Vorfall<\/strong><\/p>\n\n\n\n<p><strong>Tag der Ermordung<\/strong><br>17.02.2009<br><br><strong>Ort<\/strong><br>Iranaipalai<br><br><strong>Beschreibung<\/strong><br>Seit September 2008 hat die srilankische Regierung allen unabh\u00e4ngigen Beobachtern, humanit\u00e4ren Helfern einschlie\u00dflich der UN und den Medien den Zugang zum Kampfgebiet (Vanni) untersagt und das Kampfgebiet (Vanni) systematisch von der Au\u00dfenwelt isoliert, um einen v\u00f6lkerm\u00f6rderischen Krieg ohne jegliche Zeugen zu f\u00fchren. Jennifer P. wurde bei einem Luftangriff durch die srilankischen Soldaten in Iranaipalai get\u00f6tet. \u00a0Dabei wurde Brandmunition aus den Milit\u00e4rflugzeugen abgefeuert, um unschuldige B\u00fcrger zu t\u00f6ten.<br><br><strong>Juristische Lage<\/strong><br>Gegen die Diskriminierung der Tamilen durch die singalesische Regierung wurde bis heute kein Gerichtsverfahren eingeleitet.\u00a0<\/p>\n<\/div><\/div>\n\n\n\n<p><\/p>\n","protected":false},"excerpt":{"rendered":"<p>Personendaten NameJennifer P. Geburtsdatum&#8211; Alter16 GeburtsortOddusuddan Wichtige biografische AngabenJennifer P. war zum Zeitpunkt ihrer Ermordung 16 Jahre alt und lebte in Iranaipalai. Dieses Gebiet steht unter tamilischer Verwaltung. Vorfall Tag der Ermordung17.02.2009 OrtIranaipalai BeschreibungSeit September 2008 hat die srilankische Regierung allen unabh\u00e4ngigen Beobachtern, humanit\u00e4ren Helfern einschlie\u00dflich der UN und den Medien den Zugang zum Kampfgebiet &hellip; <\/p>\n","protected":false},"author":1,"featured_media":76,"parent":8,"menu_order":0,"comment_status":"closed","ping_status":"closed","template":"","meta":{"ngg_post_thumbnail":0,"footnotes":""},"_links":{"self":[{"href":"https:\/\/tfogermany.com\/de\/wp-json\/wp\/v2\/pages\/295"}],"collection":[{"href":"https:\/\/tfogermany.com\/de\/wp-json\/wp\/v2\/pages"}],"about":[{"href":"https:\/\/tfogermany.com\/de\/wp-json\/wp\/v2\/types\/page"}],"author":[{"embeddable":true,"href":"https:\/\/tfogermany.com\/de\/wp-json\/wp\/v2\/users\/1"}],"replies":[{"embeddable":true,"href":"https:\/\/tfogermany.com\/de\/wp-json\/wp\/v2\/comments?post=295"}],"version-history":[{"count":2,"href":"https:\/\/tfogermany.com\/de\/wp-json\/wp\/v2\/pages\/295\/revisions"}],"predecessor-version":[{"id":413,"href":"https:\/\/tfogermany.com\/de\/wp-json\/wp\/v2\/pages\/295\/revisions\/413"}],"up":[{"embeddable":true,"href":"https:\/\/tfogermany.com\/de\/wp-json\/wp\/v2\/pages\/8"}],"wp:featuredmedia":[{"embeddable":true,"href":"https:\/\/tfogermany.com\/de\/wp-json\/wp\/v2\/media\/76"}],"wp:attachment":[{"href":"https:\/\/tfogermany.com\/de\/wp-json\/wp\/v2\/media?parent=295"}],"curies":[{"name":"wp","href":"https:\/\/api.w.org\/{rel}","templated":true}]}}