{"id":293,"date":"2021-04-12T12:16:02","date_gmt":"2021-04-12T12:16:02","guid":{"rendered":"https:\/\/tfogermany.com\/de\/?page_id=293"},"modified":"2021-11-29T11:54:13","modified_gmt":"2021-11-29T11:54:13","slug":"pavani-p","status":"publish","type":"page","link":"https:\/\/tfogermany.com\/de\/100-grunde\/pavani-p\/","title":{"rendered":"Pavani P."},"content":{"rendered":"\n<div class=\"wp-block-group\"><div class=\"wp-block-group__inner-container is-layout-flow wp-block-group-is-layout-flow\">\n<p class=\"has-text-align-center\"><strong>Personendaten<\/strong><\/p>\n\n\n\n<p><strong>Name<\/strong><br>Pavani P.<br><br><strong>Geburtsdatum<\/strong><br>&#8211;<br><br><strong>Alter<\/strong><br>38<br><br><strong>Geburtsort<\/strong><br>Eluthumadduval<br><br><strong>Wichtige biografische Angaben<\/strong><br>&#8211;<\/p>\n\n\n\n<p class=\"has-text-align-center\"><strong>Vorfall<\/strong><\/p>\n\n\n\n<p><strong>Tag der Ermordung<\/strong><br>19.02.2009<br><br><strong>Ort<\/strong><br>Iranaipalai<br><br><strong>Beschreibung<\/strong><br>Pavani P. war eine der unschuldigen Zivilisten, die w\u00e4hrend der Luftangriffe durch die singhalesische Armee get\u00f6tet wurde. Um dem Tode zu entkommen, versteckten sich die B\u00fcrger in selbstgebuddelten Erdl\u00f6chern. Dennoch wurden viele Opfer dieser Angriffe, da der Zufluchtsort nicht ausreichend war.<br><br><strong>Juristische Lage<\/strong><br>Es fand bis zum heutigen Zeitpunkt keine Vernehmung der Verantwortlichen dieser Luftangriffe statt.<\/p>\n<\/div><\/div>\n\n\n\n<p><\/p>\n","protected":false},"excerpt":{"rendered":"<p>Personendaten NamePavani P. Geburtsdatum&#8211; Alter38 GeburtsortEluthumadduval Wichtige biografische Angaben&#8211; Vorfall Tag der Ermordung19.02.2009 OrtIranaipalai BeschreibungPavani P. war eine der unschuldigen Zivilisten, die w\u00e4hrend der Luftangriffe durch die singhalesische Armee get\u00f6tet wurde. Um dem Tode zu entkommen, versteckten sich die B\u00fcrger in selbstgebuddelten Erdl\u00f6chern. Dennoch wurden viele Opfer dieser Angriffe, da der Zufluchtsort nicht ausreichend war. &hellip; <\/p>\n","protected":false},"author":1,"featured_media":76,"parent":8,"menu_order":0,"comment_status":"closed","ping_status":"closed","template":"","meta":{"ngg_post_thumbnail":0,"footnotes":""},"_links":{"self":[{"href":"https:\/\/tfogermany.com\/de\/wp-json\/wp\/v2\/pages\/293"}],"collection":[{"href":"https:\/\/tfogermany.com\/de\/wp-json\/wp\/v2\/pages"}],"about":[{"href":"https:\/\/tfogermany.com\/de\/wp-json\/wp\/v2\/types\/page"}],"author":[{"embeddable":true,"href":"https:\/\/tfogermany.com\/de\/wp-json\/wp\/v2\/users\/1"}],"replies":[{"embeddable":true,"href":"https:\/\/tfogermany.com\/de\/wp-json\/wp\/v2\/comments?post=293"}],"version-history":[{"count":2,"href":"https:\/\/tfogermany.com\/de\/wp-json\/wp\/v2\/pages\/293\/revisions"}],"predecessor-version":[{"id":485,"href":"https:\/\/tfogermany.com\/de\/wp-json\/wp\/v2\/pages\/293\/revisions\/485"}],"up":[{"embeddable":true,"href":"https:\/\/tfogermany.com\/de\/wp-json\/wp\/v2\/pages\/8"}],"wp:featuredmedia":[{"embeddable":true,"href":"https:\/\/tfogermany.com\/de\/wp-json\/wp\/v2\/media\/76"}],"wp:attachment":[{"href":"https:\/\/tfogermany.com\/de\/wp-json\/wp\/v2\/media?parent=293"}],"curies":[{"name":"wp","href":"https:\/\/api.w.org\/{rel}","templated":true}]}}