{"id":289,"date":"2021-04-11T22:34:32","date_gmt":"2021-04-11T22:34:32","guid":{"rendered":"https:\/\/tfogermany.com\/de\/?page_id=289"},"modified":"2021-11-29T12:44:38","modified_gmt":"2021-11-29T12:44:38","slug":"selvi-n","status":"publish","type":"page","link":"https:\/\/tfogermany.com\/de\/100-grunde\/selvi-n\/","title":{"rendered":"Selvi N."},"content":{"rendered":"\n<div class=\"wp-block-group\"><div class=\"wp-block-group__inner-container is-layout-flow wp-block-group-is-layout-flow\">\n<p class=\"has-text-align-center\"><strong>Personendaten<\/strong><\/p>\n\n\n\n<p><strong>Name<\/strong><br>Selvi N.<br><br><strong>Geburtsdatum<\/strong><br>&#8211;<br><br><strong>Alter<\/strong><br>60<br><br><strong>Geburtsort<\/strong><br>Nagapaduvan<br><br><strong>Wichtige biografische Angaben<\/strong><br>&#8211;<\/p>\n\n\n\n<p class=\"has-text-align-center\"><strong>Vorfall<\/strong><\/p>\n\n\n\n<p><strong>Tag der Ermordung<\/strong><br>16.02.2009<br><br><strong>Ort<\/strong><br>Kombavil<br><br><strong>Beschreibung<\/strong><br>Die tamilischen B\u00fcrger wurden auf \u00f6ffentlichen Pl\u00e4tzen mittels ge\u00e4chteter chemischer Waffen ermordet. Selvi und ihre Tochter wurden ebenfalls auf einem \u00f6ffentlichen Pl\u00e4tzchen in Kombavil w\u00e4hrend des Anschlags get\u00f6tet.<br><br><strong>Juristische Lage<\/strong><br>Bis heute wurden keine Verantwortlichen zur Rechenschaft gezogen. Es gab keine Gerichtsverhandlung oder Untersuchungen.<\/p>\n<\/div><\/div>\n\n\n\n<p><\/p>\n","protected":false},"excerpt":{"rendered":"<p>Personendaten NameSelvi N. Geburtsdatum&#8211; Alter60 GeburtsortNagapaduvan Wichtige biografische Angaben&#8211; Vorfall Tag der Ermordung16.02.2009 OrtKombavil BeschreibungDie tamilischen B\u00fcrger wurden auf \u00f6ffentlichen Pl\u00e4tzen mittels ge\u00e4chteter chemischer Waffen ermordet. Selvi und ihre Tochter wurden ebenfalls auf einem \u00f6ffentlichen Pl\u00e4tzchen in Kombavil w\u00e4hrend des Anschlags get\u00f6tet. Juristische LageBis heute wurden keine Verantwortlichen zur Rechenschaft gezogen. Es gab keine Gerichtsverhandlung &hellip; <\/p>\n","protected":false},"author":1,"featured_media":76,"parent":8,"menu_order":0,"comment_status":"closed","ping_status":"closed","template":"","meta":{"ngg_post_thumbnail":0,"footnotes":""},"_links":{"self":[{"href":"https:\/\/tfogermany.com\/de\/wp-json\/wp\/v2\/pages\/289"}],"collection":[{"href":"https:\/\/tfogermany.com\/de\/wp-json\/wp\/v2\/pages"}],"about":[{"href":"https:\/\/tfogermany.com\/de\/wp-json\/wp\/v2\/types\/page"}],"author":[{"embeddable":true,"href":"https:\/\/tfogermany.com\/de\/wp-json\/wp\/v2\/users\/1"}],"replies":[{"embeddable":true,"href":"https:\/\/tfogermany.com\/de\/wp-json\/wp\/v2\/comments?post=289"}],"version-history":[{"count":2,"href":"https:\/\/tfogermany.com\/de\/wp-json\/wp\/v2\/pages\/289\/revisions"}],"predecessor-version":[{"id":507,"href":"https:\/\/tfogermany.com\/de\/wp-json\/wp\/v2\/pages\/289\/revisions\/507"}],"up":[{"embeddable":true,"href":"https:\/\/tfogermany.com\/de\/wp-json\/wp\/v2\/pages\/8"}],"wp:featuredmedia":[{"embeddable":true,"href":"https:\/\/tfogermany.com\/de\/wp-json\/wp\/v2\/media\/76"}],"wp:attachment":[{"href":"https:\/\/tfogermany.com\/de\/wp-json\/wp\/v2\/media?parent=289"}],"curies":[{"name":"wp","href":"https:\/\/api.w.org\/{rel}","templated":true}]}}