{"id":287,"date":"2021-04-11T22:28:46","date_gmt":"2021-04-11T22:28:46","guid":{"rendered":"https:\/\/tfogermany.com\/de\/?page_id=287"},"modified":"2021-11-29T16:09:37","modified_gmt":"2021-11-29T16:09:37","slug":"thevi-n","status":"publish","type":"page","link":"https:\/\/tfogermany.com\/de\/100-grunde\/thevi-n\/","title":{"rendered":"Thevi N."},"content":{"rendered":"\n<div class=\"wp-block-group\"><div class=\"wp-block-group__inner-container is-layout-flow wp-block-group-is-layout-flow\">\n<p class=\"has-text-align-center\"><strong>Personendaten<\/strong><\/p>\n\n\n\n<p><strong>Name<\/strong><br>Thevi N.<br><br><strong>Geburtsdatum<\/strong><br>&#8211;<br><br><strong>Alter<\/strong><br>60<br><br><strong>Geburtsort<\/strong><br>Nagapaduvan<br><br><strong>Wichtige biografische Angaben<\/strong><br>Thevi N. wurde, wie auch weitere unschuldige Zivilisten, bei dem v\u00f6lkerrechtswidrigen Angriff der sri-lankischen Milit\u00e4rs in Anandaphuram get\u00f6tet. Der Anschlag wurde mittels ge\u00e4chteter chemischer Waffen ver\u00fcbt.<\/p>\n\n\n\n<p class=\"has-text-align-center\"><strong>Vorfall<\/strong><\/p>\n\n\n\n<p><strong>Tag der Ermordung<\/strong><br>16.02.2009<br><br><strong>Ort<\/strong><br>Kombavil<br><br><strong>Beschreibung<\/strong><br>W\u00e4hrend des letzten Krieges in Sri Lanka benutze das sri-lankische Milit\u00e4r illegale Waffen, um unschuldige Tamilen systematisch zu vernichten. Bei diesem Genozid an der tamilische Bev\u00f6lkerung kam auch Thevi N. ums Leben.\u00a0<br><br><strong>Juristische Lage<\/strong><br>Die Verantwortlichen haben bis heute keine Rechenschaft abgelegt.<\/p>\n<\/div><\/div>\n\n\n\n<p><\/p>\n\n\n\n<p><\/p>\n","protected":false},"excerpt":{"rendered":"<p>Personendaten NameThevi N. Geburtsdatum&#8211; Alter60 GeburtsortNagapaduvan Wichtige biografische AngabenThevi N. wurde, wie auch weitere unschuldige Zivilisten, bei dem v\u00f6lkerrechtswidrigen Angriff der sri-lankischen Milit\u00e4rs in Anandaphuram get\u00f6tet. Der Anschlag wurde mittels ge\u00e4chteter chemischer Waffen ver\u00fcbt. Vorfall Tag der Ermordung16.02.2009 OrtKombavil BeschreibungW\u00e4hrend des letzten Krieges in Sri Lanka benutze das sri-lankische Milit\u00e4r illegale Waffen, um unschuldige Tamilen &hellip; <\/p>\n","protected":false},"author":1,"featured_media":76,"parent":8,"menu_order":0,"comment_status":"closed","ping_status":"closed","template":"","meta":{"ngg_post_thumbnail":0,"footnotes":""},"_links":{"self":[{"href":"https:\/\/tfogermany.com\/de\/wp-json\/wp\/v2\/pages\/287"}],"collection":[{"href":"https:\/\/tfogermany.com\/de\/wp-json\/wp\/v2\/pages"}],"about":[{"href":"https:\/\/tfogermany.com\/de\/wp-json\/wp\/v2\/types\/page"}],"author":[{"embeddable":true,"href":"https:\/\/tfogermany.com\/de\/wp-json\/wp\/v2\/users\/1"}],"replies":[{"embeddable":true,"href":"https:\/\/tfogermany.com\/de\/wp-json\/wp\/v2\/comments?post=287"}],"version-history":[{"count":2,"href":"https:\/\/tfogermany.com\/de\/wp-json\/wp\/v2\/pages\/287\/revisions"}],"predecessor-version":[{"id":544,"href":"https:\/\/tfogermany.com\/de\/wp-json\/wp\/v2\/pages\/287\/revisions\/544"}],"up":[{"embeddable":true,"href":"https:\/\/tfogermany.com\/de\/wp-json\/wp\/v2\/pages\/8"}],"wp:featuredmedia":[{"embeddable":true,"href":"https:\/\/tfogermany.com\/de\/wp-json\/wp\/v2\/media\/76"}],"wp:attachment":[{"href":"https:\/\/tfogermany.com\/de\/wp-json\/wp\/v2\/media?parent=287"}],"curies":[{"name":"wp","href":"https:\/\/api.w.org\/{rel}","templated":true}]}}