{"id":285,"date":"2021-04-11T22:25:30","date_gmt":"2021-04-11T22:25:30","guid":{"rendered":"https:\/\/tfogermany.com\/de\/?page_id=285"},"modified":"2021-11-29T12:03:12","modified_gmt":"2021-11-29T12:03:12","slug":"vinoja-i","status":"publish","type":"page","link":"https:\/\/tfogermany.com\/de\/100-grunde\/vinoja-i\/","title":{"rendered":"Vinoja I."},"content":{"rendered":"\n<div class=\"wp-block-group\"><div class=\"wp-block-group__inner-container is-layout-flow wp-block-group-is-layout-flow\">\n<p class=\"has-text-align-center\"><strong>Personendaten<\/strong><\/p>\n\n\n\n<p><strong>Name<\/strong><br>Vinoja I.<br><br><strong>Geburtsdatum<\/strong><br>&#8211;<br><br><strong>Alter<\/strong><br>14<br><br><strong>Geburtsort<\/strong><br>Mallakam<br><br><strong>Wichtige biografische Angaben<\/strong><br>&#8211;<\/p>\n\n\n\n<p class=\"has-text-align-center\"><strong>Vorfall<\/strong><\/p>\n\n\n\n<p><strong>Tag der Ermordung<\/strong><br>22.02.2009<br><br><strong>Ort<\/strong><br>Jenthankudiyirupu<br><br><strong>Beschreibung<\/strong><br>Die chauvinistische Regierung Sri Lankas t\u00f6tete dutzende von Eelam-Tamilen auf heimt\u00fcckische Art und Weise. Die unschuldigen B\u00fcrger kamen aufgrund von Luftangriffen, Beschuss, Misshandlungen und Streubomben ums Leben. Dabei konnten tausende der get\u00f6teten Frauen, M\u00e4nner, Kinder und Senioren durch ihre Entstellung nicht mehr identifiziert werden. Vinoja I wurde ebenfalls zum Opfer des V\u00f6lkermordes.<br><br><strong>Juristische Lage<\/strong><br>Bis heute wurden keine Verantwortlichen zur Rechenschaft gezogen.<\/p>\n<\/div><\/div>\n\n\n\n<p><\/p>\n","protected":false},"excerpt":{"rendered":"<p>Personendaten NameVinoja I. Geburtsdatum&#8211; Alter14 GeburtsortMallakam Wichtige biografische Angaben&#8211; Vorfall Tag der Ermordung22.02.2009 OrtJenthankudiyirupu BeschreibungDie chauvinistische Regierung Sri Lankas t\u00f6tete dutzende von Eelam-Tamilen auf heimt\u00fcckische Art und Weise. Die unschuldigen B\u00fcrger kamen aufgrund von Luftangriffen, Beschuss, Misshandlungen und Streubomben ums Leben. Dabei konnten tausende der get\u00f6teten Frauen, M\u00e4nner, Kinder und Senioren durch ihre Entstellung nicht &hellip; <\/p>\n","protected":false},"author":1,"featured_media":76,"parent":8,"menu_order":0,"comment_status":"closed","ping_status":"closed","template":"","meta":{"ngg_post_thumbnail":0,"footnotes":""},"_links":{"self":[{"href":"https:\/\/tfogermany.com\/de\/wp-json\/wp\/v2\/pages\/285"}],"collection":[{"href":"https:\/\/tfogermany.com\/de\/wp-json\/wp\/v2\/pages"}],"about":[{"href":"https:\/\/tfogermany.com\/de\/wp-json\/wp\/v2\/types\/page"}],"author":[{"embeddable":true,"href":"https:\/\/tfogermany.com\/de\/wp-json\/wp\/v2\/users\/1"}],"replies":[{"embeddable":true,"href":"https:\/\/tfogermany.com\/de\/wp-json\/wp\/v2\/comments?post=285"}],"version-history":[{"count":2,"href":"https:\/\/tfogermany.com\/de\/wp-json\/wp\/v2\/pages\/285\/revisions"}],"predecessor-version":[{"id":491,"href":"https:\/\/tfogermany.com\/de\/wp-json\/wp\/v2\/pages\/285\/revisions\/491"}],"up":[{"embeddable":true,"href":"https:\/\/tfogermany.com\/de\/wp-json\/wp\/v2\/pages\/8"}],"wp:featuredmedia":[{"embeddable":true,"href":"https:\/\/tfogermany.com\/de\/wp-json\/wp\/v2\/media\/76"}],"wp:attachment":[{"href":"https:\/\/tfogermany.com\/de\/wp-json\/wp\/v2\/media?parent=285"}],"curies":[{"name":"wp","href":"https:\/\/api.w.org\/{rel}","templated":true}]}}