{"id":283,"date":"2021-04-11T22:23:40","date_gmt":"2021-04-11T22:23:40","guid":{"rendered":"https:\/\/tfogermany.com\/de\/?page_id=283"},"modified":"2021-11-29T08:08:12","modified_gmt":"2021-11-29T08:08:12","slug":"danshaka-j","status":"publish","type":"page","link":"https:\/\/tfogermany.com\/de\/100-grunde\/danshaka-j\/","title":{"rendered":"Danshaka J."},"content":{"rendered":"\n<div class=\"wp-block-group\"><div class=\"wp-block-group__inner-container is-layout-flow wp-block-group-is-layout-flow\">\n<p class=\"has-text-align-center\"><strong>Personendaten<\/strong><\/p>\n\n\n\n<p><strong>Name<\/strong><br>Danshaka J.<br><br><strong>Geburtsdatum<\/strong><br>&#8211;<br><br><strong>Alter<\/strong><br>14<br><br><strong>Geburtsort<\/strong><br>Achchuveli<br><br><strong>Wichtige biografische Angaben<\/strong><br>Danshaka war zum Zeitpunkt ihrer Ermordung 14 Jahre alt und lebte in Kombavil. Dieses Gebiet steht unter tamilischer Verwaltung.<\/p>\n\n\n\n<p class=\"has-text-align-center\"><strong>Vorfall<\/strong><\/p>\n\n\n\n<p><strong>Tag der Ermordung<\/strong><br>16.02.2009<br><br><strong>Ort<\/strong><br>Kombavil<br><br><strong>Beschreibung<\/strong><br>Seit September 2008 hat die srilankische Regierung allen unabh\u00e4ngigen Beobachtern, humanit\u00e4ren Helfern einschlie\u00dflich der UN und den Medien den Zugang zum Kampfgebiet (Vanni) untersagt und das Kampfgebiet (Vanni) systematisch von der Au\u00dfenwelt isoliert, um einen v\u00f6lkerm\u00f6rderischen Krieg ohne jegliche Zeugen zu f\u00fchren.<\/p>\n\n\n\n<p>Danshaka wurde durch die sri-lankische Armee in Kombavil get\u00f6tet. Der Anschlag wurde mit Hilfe von verbotenen Waffen ver\u00fcbt. Sie geh\u00f6rt zu den 20.000 identifizierten Opfern. Die srilankische Armee verwendete verbotene Waffen, um die tamilischen Zivilisten zu t\u00f6ten, denn sie hat nicht zwischen milit\u00e4rischen Zielen und Zivilisten differenziert.<br><br><strong>Juristische Lage<\/strong><br>Niemand wurde jemals zur Rechenschaft gezogen und es gab auch keine Strafverfahren vor Gericht. Die sri-lankischen Offiziere, die das Kommando hatten, und die verantwortlichen Soldaten sind bis heute nicht verurteilt worden.<\/p>\n<\/div><\/div>\n\n\n\n<p><\/p>\n","protected":false},"excerpt":{"rendered":"<p>Personendaten NameDanshaka J. Geburtsdatum&#8211; Alter14 GeburtsortAchchuveli Wichtige biografische AngabenDanshaka war zum Zeitpunkt ihrer Ermordung 14 Jahre alt und lebte in Kombavil. Dieses Gebiet steht unter tamilischer Verwaltung. Vorfall Tag der Ermordung16.02.2009 OrtKombavil BeschreibungSeit September 2008 hat die srilankische Regierung allen unabh\u00e4ngigen Beobachtern, humanit\u00e4ren Helfern einschlie\u00dflich der UN und den Medien den Zugang zum Kampfgebiet (Vanni) &hellip; <\/p>\n","protected":false},"author":1,"featured_media":76,"parent":8,"menu_order":0,"comment_status":"closed","ping_status":"closed","template":"","meta":{"ngg_post_thumbnail":0,"footnotes":""},"_links":{"self":[{"href":"https:\/\/tfogermany.com\/de\/wp-json\/wp\/v2\/pages\/283"}],"collection":[{"href":"https:\/\/tfogermany.com\/de\/wp-json\/wp\/v2\/pages"}],"about":[{"href":"https:\/\/tfogermany.com\/de\/wp-json\/wp\/v2\/types\/page"}],"author":[{"embeddable":true,"href":"https:\/\/tfogermany.com\/de\/wp-json\/wp\/v2\/users\/1"}],"replies":[{"embeddable":true,"href":"https:\/\/tfogermany.com\/de\/wp-json\/wp\/v2\/comments?post=283"}],"version-history":[{"count":2,"href":"https:\/\/tfogermany.com\/de\/wp-json\/wp\/v2\/pages\/283\/revisions"}],"predecessor-version":[{"id":406,"href":"https:\/\/tfogermany.com\/de\/wp-json\/wp\/v2\/pages\/283\/revisions\/406"}],"up":[{"embeddable":true,"href":"https:\/\/tfogermany.com\/de\/wp-json\/wp\/v2\/pages\/8"}],"wp:featuredmedia":[{"embeddable":true,"href":"https:\/\/tfogermany.com\/de\/wp-json\/wp\/v2\/media\/76"}],"wp:attachment":[{"href":"https:\/\/tfogermany.com\/de\/wp-json\/wp\/v2\/media?parent=283"}],"curies":[{"name":"wp","href":"https:\/\/api.w.org\/{rel}","templated":true}]}}