{"id":281,"date":"2021-04-11T22:20:54","date_gmt":"2021-04-11T22:20:54","guid":{"rendered":"https:\/\/tfogermany.com\/de\/?page_id=281"},"modified":"2021-11-29T11:26:11","modified_gmt":"2021-11-29T11:26:11","slug":"meri-angelana-i","status":"publish","type":"page","link":"https:\/\/tfogermany.com\/de\/100-grunde\/meri-angelana-i\/","title":{"rendered":"Meri Angelana I."},"content":{"rendered":"\n<div class=\"wp-block-group\"><div class=\"wp-block-group__inner-container is-layout-flow wp-block-group-is-layout-flow\">\n<p class=\"has-text-align-center\"><strong>Personendaten<\/strong><\/p>\n\n\n\n<p><strong>Name<\/strong><br>Meri Angelana I.<br><br><strong>Geburtsdatum<\/strong><br>&#8211;<br><br><strong>Alter<\/strong><br>58<br><br><strong>Geburtsort<\/strong><br>Udayaekattu<br><br><strong>Wichtige biografische Angaben<\/strong><br>Frau Meri Angelana I. war zum Zeitpunkt ihrer Ermordung 58 Jahre alt und lebte in Kombavil. Dieses Gebiet steht unter tamilischer Verwaltung.<\/p>\n\n\n\n<p class=\"has-text-align-center\"><strong>Vorfall<\/strong><\/p>\n\n\n\n<p><strong>Tag der Ermordung<\/strong><br>16.02.2009<br><br><strong>Ort<\/strong><br>Kombavil<br><br><strong>Beschreibung<\/strong><br>Seit September 2008 hat die srilankische Regierung allen unabh\u00e4ngigen Beobachtern, humanit\u00e4ren Helfern einschlie\u00dflich der UN und den Medien den Zugang zum Kampfgebiet (Vanni) untersagt und das Kampfgebiet (Vanni) systematisch von der Au\u00dfenwelt isoliert, um einen v\u00f6lkerm\u00f6rderischen Krieg ohne jegliche Zeugen zu f\u00fchren.<\/p>\n\n\n\n<p>Meri Angelana wurde in Kombavil get\u00f6tet und geh\u00f6rt zu den 20.000 identifizierten Opfern. Die srilankische Armee verwendete verbotene Waffen, um die tamilischen Zivilisten zu t\u00f6ten, denn sie hat nicht zwischen milit\u00e4rischen Zielen und Zivilisten differenziert.<br><br><strong>Juristische Lage<\/strong><br>Es gab auch kein Strafverfahren vor Gericht. Die sri-lankischen Offiziere, die das Kommando hatten, und die verantwortlichen Soldaten sind bis heute nicht verurteilt worden.<\/p>\n<\/div><\/div>\n\n\n\n<p><\/p>\n","protected":false},"excerpt":{"rendered":"<p>Personendaten NameMeri Angelana I. Geburtsdatum&#8211; Alter58 GeburtsortUdayaekattu Wichtige biografische AngabenFrau Meri Angelana I. war zum Zeitpunkt ihrer Ermordung 58 Jahre alt und lebte in Kombavil. Dieses Gebiet steht unter tamilischer Verwaltung. Vorfall Tag der Ermordung16.02.2009 OrtKombavil BeschreibungSeit September 2008 hat die srilankische Regierung allen unabh\u00e4ngigen Beobachtern, humanit\u00e4ren Helfern einschlie\u00dflich der UN und den Medien den &hellip; <\/p>\n","protected":false},"author":1,"featured_media":76,"parent":8,"menu_order":0,"comment_status":"closed","ping_status":"closed","template":"","meta":{"ngg_post_thumbnail":0,"footnotes":""},"_links":{"self":[{"href":"https:\/\/tfogermany.com\/de\/wp-json\/wp\/v2\/pages\/281"}],"collection":[{"href":"https:\/\/tfogermany.com\/de\/wp-json\/wp\/v2\/pages"}],"about":[{"href":"https:\/\/tfogermany.com\/de\/wp-json\/wp\/v2\/types\/page"}],"author":[{"embeddable":true,"href":"https:\/\/tfogermany.com\/de\/wp-json\/wp\/v2\/users\/1"}],"replies":[{"embeddable":true,"href":"https:\/\/tfogermany.com\/de\/wp-json\/wp\/v2\/comments?post=281"}],"version-history":[{"count":2,"href":"https:\/\/tfogermany.com\/de\/wp-json\/wp\/v2\/pages\/281\/revisions"}],"predecessor-version":[{"id":469,"href":"https:\/\/tfogermany.com\/de\/wp-json\/wp\/v2\/pages\/281\/revisions\/469"}],"up":[{"embeddable":true,"href":"https:\/\/tfogermany.com\/de\/wp-json\/wp\/v2\/pages\/8"}],"wp:featuredmedia":[{"embeddable":true,"href":"https:\/\/tfogermany.com\/de\/wp-json\/wp\/v2\/media\/76"}],"wp:attachment":[{"href":"https:\/\/tfogermany.com\/de\/wp-json\/wp\/v2\/media?parent=281"}],"curies":[{"name":"wp","href":"https:\/\/api.w.org\/{rel}","templated":true}]}}