{"id":277,"date":"2021-04-11T22:14:17","date_gmt":"2021-04-11T22:14:17","guid":{"rendered":"https:\/\/tfogermany.com\/de\/?page_id=277"},"modified":"2021-11-29T11:32:39","modified_gmt":"2021-11-29T11:32:39","slug":"nageswary-marimuthu","status":"publish","type":"page","link":"https:\/\/tfogermany.com\/de\/100-grunde\/nageswary-marimuthu\/","title":{"rendered":"Nageswary Marimuthu"},"content":{"rendered":"\n<div class=\"wp-block-group\"><div class=\"wp-block-group__inner-container is-layout-flow wp-block-group-is-layout-flow\">\n<p class=\"has-text-align-center\"><strong>Personendaten<\/strong><\/p>\n\n\n\n<p><strong>Name<\/strong><br>Nageswary Marimuthu<br><br><strong>Geburtsdatum<\/strong><br>&#8211;<br><br><strong>Alter<\/strong><br>&#8211;<br><br><strong>Geburtsort<\/strong><br>Pallikudiyiruppu, Sinnakulam, Muthur<br><br><strong>Wichtige biografische Angaben<\/strong><br>&#8211;<\/p>\n\n\n\n<p class=\"has-text-align-center\"><strong>Vorfall<\/strong><\/p>\n\n\n\n<p><strong>Tag der Ermordung<\/strong><br>03.08.2006<br><br><strong>Ort<\/strong><br>Sinnakulam<br><br><strong>Beschreibung<\/strong><br>Sie wurde von einer Granate get\u00f6tet, die bei einem Angriff in Muttur direkt vor ihrem Haus einschlug.<\/p>\n\n\n\n<p>Kampfjets der srilankischen Luftwaffe bombardierten mehr als 35.000 unschuldige Zivilisten, die von Trincomalee, Muttur und Eechilampatru in Richtung Vaharai auswanderten. Viele wurden auch bei der \u00dcberquerung des Verugal-Flusses mit dem Boot angegriffen.<\/p>\n\n\n\n<p>17 humanit\u00e4re Mitarbeiter der franz\u00f6sischen Organisation gegen den Hunger (ACF) wurden einen Tag sp\u00e4ter, am 4. August 2006 in der Gegend von Muttur von der srilankischen Armee get\u00f6tet.<br><br><strong>Juristische Lage<\/strong><br>Sterbeurkunde wurde ausgestellt.<\/p>\n<\/div><\/div>\n\n\n\n<p><\/p>\n","protected":false},"excerpt":{"rendered":"<p>Personendaten NameNageswary Marimuthu Geburtsdatum&#8211; Alter&#8211; GeburtsortPallikudiyiruppu, Sinnakulam, Muthur Wichtige biografische Angaben&#8211; Vorfall Tag der Ermordung03.08.2006 OrtSinnakulam BeschreibungSie wurde von einer Granate get\u00f6tet, die bei einem Angriff in Muttur direkt vor ihrem Haus einschlug. Kampfjets der srilankischen Luftwaffe bombardierten mehr als 35.000 unschuldige Zivilisten, die von Trincomalee, Muttur und Eechilampatru in Richtung Vaharai auswanderten. Viele wurden &hellip; <\/p>\n","protected":false},"author":1,"featured_media":76,"parent":8,"menu_order":0,"comment_status":"closed","ping_status":"closed","template":"","meta":{"ngg_post_thumbnail":0,"footnotes":""},"_links":{"self":[{"href":"https:\/\/tfogermany.com\/de\/wp-json\/wp\/v2\/pages\/277"}],"collection":[{"href":"https:\/\/tfogermany.com\/de\/wp-json\/wp\/v2\/pages"}],"about":[{"href":"https:\/\/tfogermany.com\/de\/wp-json\/wp\/v2\/types\/page"}],"author":[{"embeddable":true,"href":"https:\/\/tfogermany.com\/de\/wp-json\/wp\/v2\/users\/1"}],"replies":[{"embeddable":true,"href":"https:\/\/tfogermany.com\/de\/wp-json\/wp\/v2\/comments?post=277"}],"version-history":[{"count":2,"href":"https:\/\/tfogermany.com\/de\/wp-json\/wp\/v2\/pages\/277\/revisions"}],"predecessor-version":[{"id":472,"href":"https:\/\/tfogermany.com\/de\/wp-json\/wp\/v2\/pages\/277\/revisions\/472"}],"up":[{"embeddable":true,"href":"https:\/\/tfogermany.com\/de\/wp-json\/wp\/v2\/pages\/8"}],"wp:featuredmedia":[{"embeddable":true,"href":"https:\/\/tfogermany.com\/de\/wp-json\/wp\/v2\/media\/76"}],"wp:attachment":[{"href":"https:\/\/tfogermany.com\/de\/wp-json\/wp\/v2\/media?parent=277"}],"curies":[{"name":"wp","href":"https:\/\/api.w.org\/{rel}","templated":true}]}}