{"id":275,"date":"2021-04-11T22:10:56","date_gmt":"2021-04-11T22:10:56","guid":{"rendered":"https:\/\/tfogermany.com\/de\/?page_id=275"},"modified":"2021-11-29T13:51:57","modified_gmt":"2021-11-29T13:51:57","slug":"subajini-ravi","status":"publish","type":"page","link":"https:\/\/tfogermany.com\/de\/100-grunde\/subajini-ravi\/","title":{"rendered":"Subajini Ravi"},"content":{"rendered":"\n<div class=\"wp-block-group\"><div class=\"wp-block-group__inner-container is-layout-flow wp-block-group-is-layout-flow\">\n<p class=\"has-text-align-center\"><strong>Personendaten<\/strong><\/p>\n\n\n\n<p><strong>Name<\/strong><br>Subajini Ravi<br><br><strong>Geburtsdatum<\/strong><br>07.12.1942<br><br><strong>Alter<\/strong><br>64<br><br><strong>Geburtsort<\/strong><br>Palayavadi, Puliyankulam, Vavuniya<br><br><strong>Wichtige biografische Angaben<\/strong><br>Mutter von zwei Kindern.<\/p>\n\n\n\n<p class=\"has-text-align-center\"><strong>Vorfall<\/strong><\/p>\n\n\n\n<p><strong>Tag der Ermordung<\/strong><br>25.02.2006<br><br><strong>Ort<\/strong><br>Puthukudiyiruppu, Iranaipalai<br><br><strong>Beschreibung<\/strong><br>Sie starb bei einem Granatenangriff durch die Armee, w\u00e4hrend ihrer Umsiedlung nach Puthukudiruppu, Iranaipalai.<\/p>\n\n\n\n<p>In den ersten Tagen der Endphase des Krieges wurden Zehntausende von Menschen aus ihren Heimatorten in verschiedene Gebiete umgesiedelt.\u00a0 W\u00e4hrend der Umsiedlung hatten sie Probleme mit ihren Grundbed\u00fcrfnissen wie Essen und Trinken, Kleidung und Unterkunft.\u00a0 Vor allem die Angst um ihre Sicherheit war ein gro\u00dfes Thema. Sie errichteten Bunker, um sich w\u00e4hrend der Angriffe zu sch\u00fctzen.\u00a0 Das srilankische Milit\u00e4r f\u00fchrte jedoch fortlaufend unmenschliche Bombenangriffe auf Schulen, Tempel, Kirchen, Krankenh\u00e4user und Bunker, in denen sich Zivilisten aufhielten durch, was zu unz\u00e4hligen Todesf\u00e4llen f\u00fchrte. Bei den Streubombenangriffen in Ranaippalai wurden die Bomben, die beim Aufprall nicht explodiert waren, in der Gegend verstreut zur\u00fcckgelassen. Die bunten B\u00e4nder auf den Bomblets zogen die Blicke kleiner Kinder auf sich. Bei Ber\u00fchrung oder der kleinste Bewegung wurden sie ausgel\u00f6st, explodierten und t\u00f6teten unschuldige Zivilisten.<br><br><strong>Juristische Lage<\/strong><br>Sterbeurkunde wurde ausgestellt.<\/p>\n<\/div><\/div>\n\n\n\n<p><\/p>\n","protected":false},"excerpt":{"rendered":"<p>Personendaten NameSubajini Ravi Geburtsdatum07.12.1942 Alter64 GeburtsortPalayavadi, Puliyankulam, Vavuniya Wichtige biografische AngabenMutter von zwei Kindern. Vorfall Tag der Ermordung25.02.2006 OrtPuthukudiyiruppu, Iranaipalai BeschreibungSie starb bei einem Granatenangriff durch die Armee, w\u00e4hrend ihrer Umsiedlung nach Puthukudiruppu, Iranaipalai. In den ersten Tagen der Endphase des Krieges wurden Zehntausende von Menschen aus ihren Heimatorten in verschiedene Gebiete umgesiedelt.\u00a0 W\u00e4hrend der &hellip; <\/p>\n","protected":false},"author":1,"featured_media":76,"parent":8,"menu_order":0,"comment_status":"closed","ping_status":"closed","template":"","meta":{"ngg_post_thumbnail":0,"footnotes":""},"_links":{"self":[{"href":"https:\/\/tfogermany.com\/de\/wp-json\/wp\/v2\/pages\/275"}],"collection":[{"href":"https:\/\/tfogermany.com\/de\/wp-json\/wp\/v2\/pages"}],"about":[{"href":"https:\/\/tfogermany.com\/de\/wp-json\/wp\/v2\/types\/page"}],"author":[{"embeddable":true,"href":"https:\/\/tfogermany.com\/de\/wp-json\/wp\/v2\/users\/1"}],"replies":[{"embeddable":true,"href":"https:\/\/tfogermany.com\/de\/wp-json\/wp\/v2\/comments?post=275"}],"version-history":[{"count":2,"href":"https:\/\/tfogermany.com\/de\/wp-json\/wp\/v2\/pages\/275\/revisions"}],"predecessor-version":[{"id":525,"href":"https:\/\/tfogermany.com\/de\/wp-json\/wp\/v2\/pages\/275\/revisions\/525"}],"up":[{"embeddable":true,"href":"https:\/\/tfogermany.com\/de\/wp-json\/wp\/v2\/pages\/8"}],"wp:featuredmedia":[{"embeddable":true,"href":"https:\/\/tfogermany.com\/de\/wp-json\/wp\/v2\/media\/76"}],"wp:attachment":[{"href":"https:\/\/tfogermany.com\/de\/wp-json\/wp\/v2\/media?parent=275"}],"curies":[{"name":"wp","href":"https:\/\/api.w.org\/{rel}","templated":true}]}}