{"id":273,"date":"2021-04-11T22:07:45","date_gmt":"2021-04-11T22:07:45","guid":{"rendered":"https:\/\/tfogermany.com\/de\/?page_id=273"},"modified":"2021-11-29T13:46:49","modified_gmt":"2021-11-29T13:46:49","slug":"slojini-selvarajah","status":"publish","type":"page","link":"https:\/\/tfogermany.com\/de\/100-grunde\/slojini-selvarajah\/","title":{"rendered":"Slojini Selvarajah"},"content":{"rendered":"\n<div class=\"wp-block-group\"><div class=\"wp-block-group__inner-container is-layout-flow wp-block-group-is-layout-flow\">\n<p class=\"has-text-align-center\"><strong>Personendaten<\/strong><\/p>\n\n\n\n<p><strong>Name<\/strong><br>Slojini Selvarajah<br><br><strong>Geburtsdatum<\/strong><br>23.04.1993<br><br><strong>Alter<\/strong><br>13<br><br><strong>Geburtsort<\/strong><br>Palayavadi, Puliyankulam<br><br><strong>Wichtige biografische Angaben<\/strong><br>Slojini Selvarajah war Sch\u00fclerin.<\/p>\n\n\n\n<p class=\"has-text-align-center\"><strong>Vorfall<\/strong><\/p>\n\n\n\n<p><strong>Tag der Ermordung<\/strong><br>25.04.2006<br><br><strong>Ort<\/strong><br>Mullivaikal<br><br><strong>Beschreibung<\/strong><br>Ein von der srilankischen Armee in der Endphase des Krieges durchgef\u00fchrter Luftangriff f\u00fchrte zu ihrem Tod.<\/p>\n\n\n\n<p>Bomber, Kampfjets und Hubschrauber f\u00fchrten Luftangriffe auf die von der srilankischen Regierung deklarierten zivilen \u201csafe zones\u201d und die vom Milit\u00e4r erkl\u00e4rten \u201cNo Fire Zone\u201d durch. Verzweifelte M\u00fctter starben, w\u00e4hrend sie ihre Babys umklammerten. Das srilankische Milit\u00e4r begrub die schwer verletzten Zivilisten, die nicht mehr aufstehen konnten und um ihr Leben k\u00e4mpften, bei lebendigem Leib.<\/p>\n\n\n\n<p>Das International Committee of the Red Cross (ICRC) hatte ihr Symbol auf den D\u00e4chern der provisorischen Luftkrankenh\u00e4user in der Sicherheitszone angebracht, damit die Hubschrauber und Kampfjets der Luftwaffe diese Einrichtungen identifizieren konnten.<\/p>\n\n\n\n<p>Trotz dieser eindeutigen Kennzeichnung einer medizinischen Einrichtung des ICRC wurden Luftangriffe durchgef\u00fchrt und Zivilisten, \u00c4rzte und ICRC-Mitglieder\/Freiwillige gleicherma\u00dfen get\u00f6tet.<br><br><strong>Juristische Lage<\/strong><br>Eine Sterbeurkunde wurde ausgestellt.<\/p>\n<\/div><\/div>\n\n\n\n<p><\/p>\n","protected":false},"excerpt":{"rendered":"<p>Personendaten NameSlojini Selvarajah Geburtsdatum23.04.1993 Alter13 GeburtsortPalayavadi, Puliyankulam Wichtige biografische AngabenSlojini Selvarajah war Sch\u00fclerin. Vorfall Tag der Ermordung25.04.2006 OrtMullivaikal BeschreibungEin von der srilankischen Armee in der Endphase des Krieges durchgef\u00fchrter Luftangriff f\u00fchrte zu ihrem Tod. Bomber, Kampfjets und Hubschrauber f\u00fchrten Luftangriffe auf die von der srilankischen Regierung deklarierten zivilen \u201csafe zones\u201d und die vom Milit\u00e4r erkl\u00e4rten &hellip; <\/p>\n","protected":false},"author":1,"featured_media":76,"parent":8,"menu_order":0,"comment_status":"closed","ping_status":"closed","template":"","meta":{"ngg_post_thumbnail":0,"footnotes":""},"_links":{"self":[{"href":"https:\/\/tfogermany.com\/de\/wp-json\/wp\/v2\/pages\/273"}],"collection":[{"href":"https:\/\/tfogermany.com\/de\/wp-json\/wp\/v2\/pages"}],"about":[{"href":"https:\/\/tfogermany.com\/de\/wp-json\/wp\/v2\/types\/page"}],"author":[{"embeddable":true,"href":"https:\/\/tfogermany.com\/de\/wp-json\/wp\/v2\/users\/1"}],"replies":[{"embeddable":true,"href":"https:\/\/tfogermany.com\/de\/wp-json\/wp\/v2\/comments?post=273"}],"version-history":[{"count":2,"href":"https:\/\/tfogermany.com\/de\/wp-json\/wp\/v2\/pages\/273\/revisions"}],"predecessor-version":[{"id":518,"href":"https:\/\/tfogermany.com\/de\/wp-json\/wp\/v2\/pages\/273\/revisions\/518"}],"up":[{"embeddable":true,"href":"https:\/\/tfogermany.com\/de\/wp-json\/wp\/v2\/pages\/8"}],"wp:featuredmedia":[{"embeddable":true,"href":"https:\/\/tfogermany.com\/de\/wp-json\/wp\/v2\/media\/76"}],"wp:attachment":[{"href":"https:\/\/tfogermany.com\/de\/wp-json\/wp\/v2\/media?parent=273"}],"curies":[{"name":"wp","href":"https:\/\/api.w.org\/{rel}","templated":true}]}}