{"id":271,"date":"2021-04-11T22:04:51","date_gmt":"2021-04-11T22:04:51","guid":{"rendered":"https:\/\/tfogermany.com\/de\/?page_id=271"},"modified":"2021-04-11T22:04:51","modified_gmt":"2021-04-11T22:04:51","slug":"tharsika-thiyagarajah","status":"publish","type":"page","link":"https:\/\/tfogermany.com\/de\/100-grunde\/tharsika-thiyagarajah\/","title":{"rendered":"Tharsika Thiyagarajah"},"content":{"rendered":"\n<div class=\"wp-block-group\"><div class=\"wp-block-group__inner-container is-layout-flow wp-block-group-is-layout-flow\">\n<p class=\"has-text-align-center\"><strong>Personendaten<\/strong><\/p>\n\n\n\n<p><strong>Name<\/strong><br>Tharsika Thiyagarajah<br><br><strong>Geburtsdatum<\/strong><br>1997<br><br><strong>Alter<\/strong><br>10<br><br><strong>Geburtsort<\/strong><br>Pallikudiyiruppu, Muttur<br><br><strong>Wichtige biografische Angaben<\/strong><br>Tharsika Thiyagarajah war Sch\u00fclerin.<\/p>\n\n\n\n<p class=\"has-text-align-center\"><strong>Vorfall<\/strong><\/p>\n\n\n\n<p><strong>Tag der Ermordung<\/strong><br>2007<br><br><strong>Ort<\/strong><br>Kathiraveli<br><br><strong>Beschreibung<\/strong><br>Wegen des andauernden Krieges in Muttur und aus Angst um ihr Leben zog\u00a0 sie in das Gebiet Matakalappu Kathiraveli. Dort wurde sie durch eine Bombardierung get\u00f6tet.<\/p>\n\n\n\n<p>Die srilankische Regierung wollte nicht, dass das Komitee zur \u00dcberwachung des Waffenstillstands (Ceasefire Monitoring Committee) zur \u00dcberwachung des Waffenstillstands w\u00e4hrend des Krieges mit Zivilisten in Kontakt tritt und die Wahrheit \u00fcber das Geschehen erf\u00e4hrt. Deshalb wurde der Armee befohlen, die Orte, zu denen sie unterwegs waren, ohne R\u00fccksicht auf das Leben der \u00dcberwachungstruppe massiv zu beschie\u00dfen. Dies geschah, damit die \u00dcberwachungstruppe die Zivilisten nicht treffen konnte. Die \u00dcberlebenden des Waffenstillstands entkamen unverletzt. Das Waffenstillstands \u00dcberwachung Komitee gab sp\u00e4ter eine Erkl\u00e4rung ab, dass es nicht in der Lage war, seine Operationen in Trincomalee durchzuf\u00fchren.<\/p>\n\n\n\n<p>In der Zwischenzeit griffen die Kampfjets der srilankischen Luftwaffe den Verugal Murugan Tempel an, zerst\u00f6rten den Tempel und verletzten diejenigen, die dort Zuflucht gesucht hatten, was dazu f\u00fchrte, dass sie in Richtung Kathiraveli, Vagari, zur\u00fcckwanderten.<\/p>\n\n\n\n<p>Als die Medikamentenknappheit zunahm, wurde \u00fcber das Rote Kreuz eine Ladung medizinischer Hilfsg\u00fcter aus Batticaloa angeliefert. Die Menschen wurden damit behandelt. Daraufhin startete das srilankische Milit\u00e4r Artillerie- und mehrsch\u00fcssige Granatenangriffe auf das Krankenhaus in Vavuniya und die umliegenden Gebiete, wobei mehr als 70 Menschen pro Tag get\u00f6tet wurden und die Stra\u00dfen in die Region Vavuniya gesperrt wurden. In der Folge zogen die Menschen weiter und erreichten Batticaloa. Die Menschen suchten Zuflucht auf \u00f6ffentlichen Pl\u00e4tzen und in den dortigen Schulen. Diese Situation nutzend, drangen von der Regierung unterst\u00fctzte Truppen in die Lager ein und verhafteten unz\u00e4hlige der anwesenden Jugendlichen. Viele wurden vermisst. Die Details der Vermissten ist bis heute unbekannt.<br><br><strong>Juristische Lage<\/strong><br>&#8211;<\/p>\n<\/div><\/div>\n\n\n\n<p><\/p>\n","protected":false},"excerpt":{"rendered":"<p>Personendaten NameTharsika Thiyagarajah Geburtsdatum1997 Alter10 GeburtsortPallikudiyiruppu, Muttur Wichtige biografische AngabenTharsika Thiyagarajah war Sch\u00fclerin. Vorfall Tag der Ermordung2007 OrtKathiraveli BeschreibungWegen des andauernden Krieges in Muttur und aus Angst um ihr Leben zog\u00a0 sie in das Gebiet Matakalappu Kathiraveli. Dort wurde sie durch eine Bombardierung get\u00f6tet. Die srilankische Regierung wollte nicht, dass das Komitee zur \u00dcberwachung des &hellip; <\/p>\n","protected":false},"author":1,"featured_media":76,"parent":8,"menu_order":0,"comment_status":"closed","ping_status":"closed","template":"","meta":{"ngg_post_thumbnail":0,"footnotes":""},"_links":{"self":[{"href":"https:\/\/tfogermany.com\/de\/wp-json\/wp\/v2\/pages\/271"}],"collection":[{"href":"https:\/\/tfogermany.com\/de\/wp-json\/wp\/v2\/pages"}],"about":[{"href":"https:\/\/tfogermany.com\/de\/wp-json\/wp\/v2\/types\/page"}],"author":[{"embeddable":true,"href":"https:\/\/tfogermany.com\/de\/wp-json\/wp\/v2\/users\/1"}],"replies":[{"embeddable":true,"href":"https:\/\/tfogermany.com\/de\/wp-json\/wp\/v2\/comments?post=271"}],"version-history":[{"count":1,"href":"https:\/\/tfogermany.com\/de\/wp-json\/wp\/v2\/pages\/271\/revisions"}],"predecessor-version":[{"id":272,"href":"https:\/\/tfogermany.com\/de\/wp-json\/wp\/v2\/pages\/271\/revisions\/272"}],"up":[{"embeddable":true,"href":"https:\/\/tfogermany.com\/de\/wp-json\/wp\/v2\/pages\/8"}],"wp:featuredmedia":[{"embeddable":true,"href":"https:\/\/tfogermany.com\/de\/wp-json\/wp\/v2\/media\/76"}],"wp:attachment":[{"href":"https:\/\/tfogermany.com\/de\/wp-json\/wp\/v2\/media?parent=271"}],"curies":[{"name":"wp","href":"https:\/\/api.w.org\/{rel}","templated":true}]}}