{"id":269,"date":"2021-04-11T22:01:50","date_gmt":"2021-04-11T22:01:50","guid":{"rendered":"https:\/\/tfogermany.com\/de\/?page_id=269"},"modified":"2021-11-29T08:06:26","modified_gmt":"2021-11-29T08:06:26","slug":"chandraleka-sivalingam","status":"publish","type":"page","link":"https:\/\/tfogermany.com\/de\/100-grunde\/chandraleka-sivalingam\/","title":{"rendered":"Chandraleka Sivalingam"},"content":{"rendered":"\n<div class=\"wp-block-group\"><div class=\"wp-block-group__inner-container is-layout-flow wp-block-group-is-layout-flow\">\n<p class=\"has-text-align-center\"><strong>Personendaten<\/strong><\/p>\n\n\n\n<p><strong>Name<\/strong><br>Chandraleka Sivalingam<br><br><strong>Geburtsdatum<\/strong><br>05.04.1972<br><br><strong>Alter<\/strong><br>44<br><br><strong>Geburtsort<\/strong><br>Jaffna<br><br><strong>Wichtige biografische Angaben<\/strong><br>Thujani Sivalingam, ein 6-j\u00e4hriges M\u00e4dchen, geboren am 17.01.2004, wurde bei demselben Angriff get\u00f6tet, bei dem auch ihre Mutter uns Leben kam.<\/p>\n\n\n\n<p class=\"has-text-align-center\"><strong>Vorfall<\/strong><\/p>\n\n\n\n<p><strong>Tag der Ermordung<\/strong><br>23.03.2009<br><br><strong>Ort<\/strong><br>Puthu Mattalan<br><br><strong>Beschreibung<\/strong><br>Zivilisten wurden durch eine Reihe von Artilleriegranaten, mehrl\u00e4ufigen Sprengk\u00f6rpern, M\u00f6rser- und Artilleriebeschuss und ein Mehrfachraketenabschuss-System der Soldaten get\u00f6tet.<\/p>\n\n\n\n<p>Nachdem die Gebiete Mullivaikkal und Puthumathalam von der Regierung zur endg\u00fcltigen Sicherheitszone erkl\u00e4rt worden waren, beschossen die Soldaten die Bunker mit Sprengstoff und Phosphorbomben.&nbsp; Hunderte von Menschen wurden zu Asche verbrannt und waren nicht mehr identifizierbar. Die verkohlten, nicht identifizierbaren Leichen von Hunderten von Menschen, die bei einem gezielten V\u00f6lkermordangriff starben, wurden in Bunkern begraben, die in diesen Gebieten errichtet wurden. Es ist wichtig zu erw\u00e4hnen, dass schwangere Frauen aufgrund der Ersch\u00fctterungen und Vibrationen, die durch die Bomben verursacht wurden, Fehlgeburten erlitten.<br><br><strong>Juristische Lage<\/strong><br>Sterbeurkunde wurde ausgestellt.<\/p>\n<\/div><\/div>\n\n\n\n<p><\/p>\n","protected":false},"excerpt":{"rendered":"<p>Personendaten NameChandraleka Sivalingam Geburtsdatum05.04.1972 Alter44 GeburtsortJaffna Wichtige biografische AngabenThujani Sivalingam, ein 6-j\u00e4hriges M\u00e4dchen, geboren am 17.01.2004, wurde bei demselben Angriff get\u00f6tet, bei dem auch ihre Mutter uns Leben kam. Vorfall Tag der Ermordung23.03.2009 OrtPuthu Mattalan BeschreibungZivilisten wurden durch eine Reihe von Artilleriegranaten, mehrl\u00e4ufigen Sprengk\u00f6rpern, M\u00f6rser- und Artilleriebeschuss und ein Mehrfachraketenabschuss-System der Soldaten get\u00f6tet. Nachdem die &hellip; <\/p>\n","protected":false},"author":1,"featured_media":76,"parent":8,"menu_order":0,"comment_status":"closed","ping_status":"closed","template":"","meta":{"ngg_post_thumbnail":0,"footnotes":""},"_links":{"self":[{"href":"https:\/\/tfogermany.com\/de\/wp-json\/wp\/v2\/pages\/269"}],"collection":[{"href":"https:\/\/tfogermany.com\/de\/wp-json\/wp\/v2\/pages"}],"about":[{"href":"https:\/\/tfogermany.com\/de\/wp-json\/wp\/v2\/types\/page"}],"author":[{"embeddable":true,"href":"https:\/\/tfogermany.com\/de\/wp-json\/wp\/v2\/users\/1"}],"replies":[{"embeddable":true,"href":"https:\/\/tfogermany.com\/de\/wp-json\/wp\/v2\/comments?post=269"}],"version-history":[{"count":2,"href":"https:\/\/tfogermany.com\/de\/wp-json\/wp\/v2\/pages\/269\/revisions"}],"predecessor-version":[{"id":404,"href":"https:\/\/tfogermany.com\/de\/wp-json\/wp\/v2\/pages\/269\/revisions\/404"}],"up":[{"embeddable":true,"href":"https:\/\/tfogermany.com\/de\/wp-json\/wp\/v2\/pages\/8"}],"wp:featuredmedia":[{"embeddable":true,"href":"https:\/\/tfogermany.com\/de\/wp-json\/wp\/v2\/media\/76"}],"wp:attachment":[{"href":"https:\/\/tfogermany.com\/de\/wp-json\/wp\/v2\/media?parent=269"}],"curies":[{"name":"wp","href":"https:\/\/api.w.org\/{rel}","templated":true}]}}