{"id":260,"date":"2021-04-11T21:53:57","date_gmt":"2021-04-11T21:53:57","guid":{"rendered":"https:\/\/tfogermany.com\/de\/?page_id=260"},"modified":"2021-11-29T08:44:55","modified_gmt":"2021-11-29T08:44:55","slug":"kamalawathi-chandrakanthan","status":"publish","type":"page","link":"https:\/\/tfogermany.com\/de\/100-grunde\/kamalawathi-chandrakanthan\/","title":{"rendered":"Kamalawathi Chandrakanthan"},"content":{"rendered":"\n<div class=\"wp-block-group\"><div class=\"wp-block-group__inner-container is-layout-flow wp-block-group-is-layout-flow\">\n<p class=\"has-text-align-center\"><strong>Personendaten<\/strong><\/p>\n\n\n\n<p><strong>Name<\/strong><br>Kamalawathi Chandrakanthan<br><br><strong>Geburtsdatum<\/strong><br>09.11.1961<br><br><strong>Alter<\/strong><br>47<br><br><strong>Geburtsort<\/strong><br>D8, Puthukkudiyiruppu, Mullaithivu<br><br><strong>Wichtige biografische Angaben<\/strong><br>Sie arbeitete als Lehrerin und stellvertretende Schulleiterin am Uruthrapuram Maha Vidyalaya im Kilinochchi-Distrikt. Die Schule umfasst die Klassen 1 bis 12.<\/p>\n\n\n\n<p class=\"has-text-align-center\"><strong>Vorfall<\/strong><\/p>\n\n\n\n<p><strong>Tag der Ermordung<\/strong><br>03.02.2009<br><br><strong>Ort<\/strong><br>Puthukkudiyiruppu, Mullaithivu<br><br><strong>Beschreibung<\/strong><br>Wahllose Bombardierung der sogenannten &#8220;safe Zone&#8221; durch die srilankische Armee.<\/p>\n\n\n\n<p>Am 20. Januar 2009 gab die Regierung bekannt, dass sie eine \u201cFeuerverbotszone\u201d f\u00fcr die Zivilbev\u00f6lkerung geschaffen habe. &nbsp;Sie sollte ein konfliktfreies Gebiet sein, bestand aber nur aus einem kleinen St\u00fcck Land von 30 bis 35 Quadratkilometern von Udayarkad bis Devipuram. Wie sollten dreihunderttausend Menschen auf einem so kleinen Gebiet leben? Viele, die in das oben genannte Gebiet fl\u00fcchteten, wurden bei den Bombenangriffen auf dem Weg dorthin get\u00f6tet.<\/p>\n\n\n\n<p>Zus\u00e4tzlich wurden viele weitere Menschen get\u00f6tet, als die srilankische Armee Streubomben und Granaten, die von der Weltgemeinschaft verboten sind, in der Feuerverbotszone abwarf.<\/p>\n\n\n\n<p>Die Menschen, die in diesem Gebiet lebten, mussten monatelang in Bunkern leben. Aufgrund des Platzmangels wurden 40 Zivilisten in zwei Bunker mit jeweils 8 Personen Kapazit\u00e4t gezwungen, was zu einem Mangel an Sauerstoff f\u00fchrte. Die schlechtesten medizinischen Einrichtungen befanden sich in diesen Bereichen. Es gab nicht gen\u00fcgend Kleidung, medizinische Ausr\u00fcstung und Medikamente, um die Wunden zu versorgen, so dass von vielen der verletzten Kinder, s\u00e4mtliche Glieder amputieren werden mussten. Die Konservierung von gespendetem Blut und die Lagerung von Sauerstoff wurden durch den R\u00fcckgang der Anzahl von K\u00fchlschr\u00e4nken und Tanks unm\u00f6glich. Im September 2008 wies die srilankische Regierung alle humanit\u00e4ren und UN-Organisationen an, das Vanni-Gebiet zu verlassen. Infolgedessen verloren Zehntausende von Menschen ihr Hab und Gut und wurden ohne jeglichen Kontakt zur Au\u00dfenwelt get\u00f6tet.<br><br><strong>Juristische Lage<\/strong><br>&#8211;<\/p>\n<\/div><\/div>\n\n\n\n<p><\/p>\n","protected":false},"excerpt":{"rendered":"<p>Personendaten NameKamalawathi Chandrakanthan Geburtsdatum09.11.1961 Alter47 GeburtsortD8, Puthukkudiyiruppu, Mullaithivu Wichtige biografische AngabenSie arbeitete als Lehrerin und stellvertretende Schulleiterin am Uruthrapuram Maha Vidyalaya im Kilinochchi-Distrikt. Die Schule umfasst die Klassen 1 bis 12. Vorfall Tag der Ermordung03.02.2009 OrtPuthukkudiyiruppu, Mullaithivu BeschreibungWahllose Bombardierung der sogenannten &#8220;safe Zone&#8221; durch die srilankische Armee. Am 20. Januar 2009 gab die Regierung bekannt, &hellip; <\/p>\n","protected":false},"author":1,"featured_media":261,"parent":8,"menu_order":0,"comment_status":"closed","ping_status":"closed","template":"","meta":{"ngg_post_thumbnail":0,"footnotes":""},"_links":{"self":[{"href":"https:\/\/tfogermany.com\/de\/wp-json\/wp\/v2\/pages\/260"}],"collection":[{"href":"https:\/\/tfogermany.com\/de\/wp-json\/wp\/v2\/pages"}],"about":[{"href":"https:\/\/tfogermany.com\/de\/wp-json\/wp\/v2\/types\/page"}],"author":[{"embeddable":true,"href":"https:\/\/tfogermany.com\/de\/wp-json\/wp\/v2\/users\/1"}],"replies":[{"embeddable":true,"href":"https:\/\/tfogermany.com\/de\/wp-json\/wp\/v2\/comments?post=260"}],"version-history":[{"count":2,"href":"https:\/\/tfogermany.com\/de\/wp-json\/wp\/v2\/pages\/260\/revisions"}],"predecessor-version":[{"id":425,"href":"https:\/\/tfogermany.com\/de\/wp-json\/wp\/v2\/pages\/260\/revisions\/425"}],"up":[{"embeddable":true,"href":"https:\/\/tfogermany.com\/de\/wp-json\/wp\/v2\/pages\/8"}],"wp:featuredmedia":[{"embeddable":true,"href":"https:\/\/tfogermany.com\/de\/wp-json\/wp\/v2\/media\/261"}],"wp:attachment":[{"href":"https:\/\/tfogermany.com\/de\/wp-json\/wp\/v2\/media?parent=260"}],"curies":[{"name":"wp","href":"https:\/\/api.w.org\/{rel}","templated":true}]}}