{"id":257,"date":"2021-04-11T21:50:35","date_gmt":"2021-04-11T21:50:35","guid":{"rendered":"https:\/\/tfogermany.com\/de\/?page_id=257"},"modified":"2021-11-29T07:39:56","modified_gmt":"2021-11-29T07:39:56","slug":"ambalavanar-punithavathy","status":"publish","type":"page","link":"https:\/\/tfogermany.com\/de\/100-grunde\/ambalavanar-punithavathy\/","title":{"rendered":"Ambalavanar Punithavathy"},"content":{"rendered":"\n<div class=\"wp-block-group\"><div class=\"wp-block-group__inner-container is-layout-flow wp-block-group-is-layout-flow\">\n<p class=\"has-text-align-center\"><strong>Personendaten<\/strong><\/p>\n\n\n\n<p><strong>Name<\/strong><br>Ambalavanar Punithavathy<br><br><strong>Geburtsdatum<\/strong><br>1963<br><br><strong>Alter<\/strong><br>43<br><br><strong>Geburtsort<\/strong><br>Uduvil, Manipay<br><br><strong>Wichtige biografische Angaben<\/strong><br>Ambalavanar Punithavathy war zum Zeitpunkt ihrer Ermordung 43 Jahre alt und lebte in der Stadt Uduvil, Valikamam im Distrikt Jaffna. Dieses Gebiet steht unter tamilischer Verwaltung.<\/p>\n\n\n\n<p class=\"has-text-align-center\"><strong>Vorfall<\/strong><\/p>\n\n\n\n<p><strong>Tag der Ermordung<\/strong><br>04.07.2006<br><br><strong>Ort<\/strong><br>Uduvil, Valikamam \u00a0in Jaffna<br><br><strong>Beschreibung<\/strong><br>Ambalavanar Punithavathy wurde erschossen, nachdem sie am Dienstag, den 4. Juli 2006, um 23:00 Uhr vergewaltigt wurde.\u00a0 Angreifer, die mit Gewalt in das Haus der unverheirateten Frau eindrangen, sagten den Bewohnern, dass sie gekommen seien, um das Haus zu durchsuchen. Sie griffen ihre \u00e4ltere Mutter an, bevor sie die Frau vergewaltigten, sagten Anwohner. Das Lager der srilankischen Armee (SLA), in dem der Intelligence Wing untergebracht ist, befindet sich in der N\u00e4he des Hauses, in dem das Verbrechen stattfand. Die Uduvil SLA ist ber\u00fcchtigt f\u00fcr grobe Menschenrechtsverletzungen.<\/p>\n\n\n\n<p>Das Haus befindet sich in der Ponniah Lane in Uduvil, Valikamam im Bezirk Jaffna. Dem SLA-Lager in Uduvil werden mehrere fr\u00fchere Menschenrechtsverletzungen und Schikanen gegen\u00fcber Einwohnern von Jaffna vorgeworfen. Anwohner sagten, dass nachts nur die SLA-Soldaten in den Stra\u00dfen rund um das Lager und in dem Gebiet, in dem sich der Tatort befindet, patrouillieren. Keine Zivilisten wagen sich in das Gebiet, f\u00fcgten die Anwohner hinzu.<\/p>\n\n\n\n<p>In der Gegend herrschen Anspannung und Angst, sagten Quellen der Zivilgesellschaft. Die Mutter wurde mit schweren Angriffsverletzungen in das Jaffna Teaching Hospital eingeliefert.<br><br><strong>Juristische Lage<\/strong><br>Die Richterin des Bezirksgerichts Mallakam, Sarojini Ilankovan, inspizierte den Ort des Verbrechens und wies die Polizei an, die Leiche zur Obduktion in das Jaffna Teaching Hospital zu \u00fcberf\u00fchren. Niemand wurde jemals zur Rechenschaft gezogen und es gab kein Strafverfahren vor Gericht. Die srilankischen Offiziere, die das Kommando hatten, und die verantwortlichen Soldaten sind bis heute nicht verurteilt worden.<\/p>\n<\/div><\/div>\n\n\n\n<p><\/p>\n","protected":false},"excerpt":{"rendered":"<p>Personendaten NameAmbalavanar Punithavathy Geburtsdatum1963 Alter43 GeburtsortUduvil, Manipay Wichtige biografische AngabenAmbalavanar Punithavathy war zum Zeitpunkt ihrer Ermordung 43 Jahre alt und lebte in der Stadt Uduvil, Valikamam im Distrikt Jaffna. Dieses Gebiet steht unter tamilischer Verwaltung. Vorfall Tag der Ermordung04.07.2006 OrtUduvil, Valikamam \u00a0in Jaffna BeschreibungAmbalavanar Punithavathy wurde erschossen, nachdem sie am Dienstag, den 4. Juli 2006, &hellip; <\/p>\n","protected":false},"author":1,"featured_media":258,"parent":8,"menu_order":0,"comment_status":"closed","ping_status":"closed","template":"","meta":{"ngg_post_thumbnail":0,"footnotes":""},"_links":{"self":[{"href":"https:\/\/tfogermany.com\/de\/wp-json\/wp\/v2\/pages\/257"}],"collection":[{"href":"https:\/\/tfogermany.com\/de\/wp-json\/wp\/v2\/pages"}],"about":[{"href":"https:\/\/tfogermany.com\/de\/wp-json\/wp\/v2\/types\/page"}],"author":[{"embeddable":true,"href":"https:\/\/tfogermany.com\/de\/wp-json\/wp\/v2\/users\/1"}],"replies":[{"embeddable":true,"href":"https:\/\/tfogermany.com\/de\/wp-json\/wp\/v2\/comments?post=257"}],"version-history":[{"count":2,"href":"https:\/\/tfogermany.com\/de\/wp-json\/wp\/v2\/pages\/257\/revisions"}],"predecessor-version":[{"id":393,"href":"https:\/\/tfogermany.com\/de\/wp-json\/wp\/v2\/pages\/257\/revisions\/393"}],"up":[{"embeddable":true,"href":"https:\/\/tfogermany.com\/de\/wp-json\/wp\/v2\/pages\/8"}],"wp:featuredmedia":[{"embeddable":true,"href":"https:\/\/tfogermany.com\/de\/wp-json\/wp\/v2\/media\/258"}],"wp:attachment":[{"href":"https:\/\/tfogermany.com\/de\/wp-json\/wp\/v2\/media?parent=257"}],"curies":[{"name":"wp","href":"https:\/\/api.w.org\/{rel}","templated":true}]}}