{"id":254,"date":"2021-04-11T21:40:25","date_gmt":"2021-04-11T21:40:25","guid":{"rendered":"https:\/\/tfogermany.com\/de\/?page_id=254"},"modified":"2021-11-29T13:55:57","modified_gmt":"2021-11-29T13:55:57","slug":"suthaskaran-sujitha","status":"publish","type":"page","link":"https:\/\/tfogermany.com\/de\/100-grunde\/suthaskaran-sujitha\/","title":{"rendered":"Suthaskaran Sujitha"},"content":{"rendered":"\n<div class=\"wp-block-group\"><div class=\"wp-block-group__inner-container is-layout-flow wp-block-group-is-layout-flow\">\n<p class=\"has-text-align-center\"><strong>Personendaten<\/strong><\/p>\n\n\n\n<p><strong>Name<\/strong><br>Suthaskaran Sujitha<br><br><strong>Geburtsdatum<\/strong><br>1993<br><br><strong>Alter<\/strong><br>16<br><br><strong>Geburtsort<\/strong><br>unbekannt<br><br><strong>Wichtige biografische Angaben<\/strong><br>Suthaskaran Sujitha war zum Zeitpunkt ihrer Ermordung 16 Jahre alt und lebte in der Stadt Thoddiyadi Visuvamadu im Distrikt Mullaitivu (Vanni). Dieses Gebiet steht unter tamilischer Verwaltung.<\/p>\n\n\n\n<p class=\"has-text-align-center\"><strong>Vorfall<\/strong><\/p>\n\n\n\n<p><strong>Tag der Ermordung<\/strong><br>13.01.2009<br><br><strong>Ort<\/strong><br>Thoddiyadi Visuvamadu, Mullaithivu<br><br><strong>Beschreibung<\/strong><br>Bei einem Granatenangriff der srilankischen Armee auf Thoddiyadi in Visuvamadu im Distrikt Mullaithivu wurden vier Zivilisten get\u00f6tet, unter ihnen Suthaskaran Sujitha, ihr Bruder und zwei weitere Zivilisten. H\u00e4ufige Granatenangriffe rund um das kleine Gebiet, in dem sich die IDPs (Internally displaced persons) von Vanni aufhielten, f\u00fchrten t\u00e4glich zu schwerverletzen Opfern. Auch die Krankenh\u00e4user der Vertriebenen in diesem Gebiet wurden h\u00e4ufig angegriffen. Die Zunahme der t\u00f6dlichen Granatenangriffe auf die dicht gedr\u00e4ngte IDP-Bev\u00f6lkerung in Vanni wurde von der Welt\u00f6ffentlichkeit nicht wahrgenommen, da die srilankische Regierung ihre wahllosen Angriffe f\u00fcr die Weltmedien blockierte.<br><br><strong>Juristische Lage<\/strong><br>Die srilankischen Streitkr\u00e4fte haben wiederholt Krankenh\u00e4user in der n\u00f6rdlichen Vanni-Region mit wahllosen Artillerie- und Luftangriffen angegriffen. Die Befehlshaber, die f\u00fcr die Anordnung oder Durchf\u00fchrung solcher Angriffe verantwortlich waren, k\u00f6nnen wegen Kriegsverbrechen belangt werden, aber niemand wurde jemals zur Rechenschaft gezogen und es gab auch keine Strafverfahren vor Gericht. Die srilankischen Offiziere und die verantwortlichen Soldaten wurden bis heute nicht verurteilt.<\/p>\n<\/div><\/div>\n\n\n\n<p><\/p>\n","protected":false},"excerpt":{"rendered":"<p>Personendaten NameSuthaskaran Sujitha Geburtsdatum1993 Alter16 Geburtsortunbekannt Wichtige biografische AngabenSuthaskaran Sujitha war zum Zeitpunkt ihrer Ermordung 16 Jahre alt und lebte in der Stadt Thoddiyadi Visuvamadu im Distrikt Mullaitivu (Vanni). Dieses Gebiet steht unter tamilischer Verwaltung. Vorfall Tag der Ermordung13.01.2009 OrtThoddiyadi Visuvamadu, Mullaithivu BeschreibungBei einem Granatenangriff der srilankischen Armee auf Thoddiyadi in Visuvamadu im Distrikt Mullaithivu &hellip; <\/p>\n","protected":false},"author":1,"featured_media":255,"parent":8,"menu_order":0,"comment_status":"closed","ping_status":"closed","template":"","meta":{"ngg_post_thumbnail":0,"footnotes":""},"_links":{"self":[{"href":"https:\/\/tfogermany.com\/de\/wp-json\/wp\/v2\/pages\/254"}],"collection":[{"href":"https:\/\/tfogermany.com\/de\/wp-json\/wp\/v2\/pages"}],"about":[{"href":"https:\/\/tfogermany.com\/de\/wp-json\/wp\/v2\/types\/page"}],"author":[{"embeddable":true,"href":"https:\/\/tfogermany.com\/de\/wp-json\/wp\/v2\/users\/1"}],"replies":[{"embeddable":true,"href":"https:\/\/tfogermany.com\/de\/wp-json\/wp\/v2\/comments?post=254"}],"version-history":[{"count":2,"href":"https:\/\/tfogermany.com\/de\/wp-json\/wp\/v2\/pages\/254\/revisions"}],"predecessor-version":[{"id":529,"href":"https:\/\/tfogermany.com\/de\/wp-json\/wp\/v2\/pages\/254\/revisions\/529"}],"up":[{"embeddable":true,"href":"https:\/\/tfogermany.com\/de\/wp-json\/wp\/v2\/pages\/8"}],"wp:featuredmedia":[{"embeddable":true,"href":"https:\/\/tfogermany.com\/de\/wp-json\/wp\/v2\/media\/255"}],"wp:attachment":[{"href":"https:\/\/tfogermany.com\/de\/wp-json\/wp\/v2\/media?parent=254"}],"curies":[{"name":"wp","href":"https:\/\/api.w.org\/{rel}","templated":true}]}}