{"id":247,"date":"2021-04-11T21:25:14","date_gmt":"2021-04-11T21:25:14","guid":{"rendered":"https:\/\/tfogermany.com\/de\/?page_id=247"},"modified":"2021-11-29T13:41:31","modified_gmt":"2021-11-29T13:41:31","slug":"shobana-dharmaraja-isaipriya","status":"publish","type":"page","link":"https:\/\/tfogermany.com\/de\/100-grunde\/shobana-dharmaraja-isaipriya\/","title":{"rendered":"Shobana Dharmaraja (Isaipriya)"},"content":{"rendered":"\n<div class=\"wp-block-group\"><div class=\"wp-block-group__inner-container is-layout-flow wp-block-group-is-layout-flow\">\n<p class=\"has-text-align-center\"><strong>Personendaten<\/strong><\/p>\n\n\n\n<p><strong>Name<\/strong><br>Shobana Dharmaraja (Isaipriya)<br><br><strong>Geburtsdatum<\/strong><br>02.05.1982<br><br><strong>Alter<\/strong><br>27<br><br><strong>Geburtsort<\/strong><br>Nedunthivu, Jaffna<br><br><strong>Wichtige biografische Angaben<\/strong><br>Shobana Dharmaraja, bekannt unter dem K\u00fcnstlernamen Isaipriya, war eine popul\u00e4re tamilische Journalistin und Rundfunksprecherin. Sie wurde im Jahr 1982 in Nedunthivu (engl. Delft Island, Distrikt Jaffna) geboren. Im Jahr 1995 f\u00fchrten die sri-lankischen Streitkr\u00e4fte eine Milit\u00e4r-Operation durch und eroberten die Jaffna-Halbinsel zur\u00fcck. In dieser Zeit musste Isaipriya zusammen mit ihrer Familie nach Vanni fliehen und f\u00fchrte dort ihre Schulausbildung fort. Isaipriya arbeitete als Journalistin und Rundfunksprecherin f\u00fcr den Fernsehsender Oliveechu der LTTE in Kilinochchi. Sie litt seit ihrer Kindheit an einer rheumatischen Herzklappenerkrankung und leistete als solche nie Milit\u00e4rdienst. Isaipriya war auch eine S\u00e4ngerin, T\u00e4nzerin und Schauspielerin. Sie wurde zu einer wohlbekannten Medienpers\u00f6nlichkeit unter Tamilen in Eelam und in der Diaspora. Sie heiratete im Jahr 2007 und hatte eine sechs Monate alte Tochter namens Akalya.<\/p>\n\n\n\n<p class=\"has-text-align-center\"><strong>Vorfall<\/strong><\/p>\n\n\n\n<p><strong>Tag der Ermordung<\/strong><br>18.05.2009<br><br><strong>Ort<\/strong><br>Nandikadal Laagoon &#8211;\u00a0 Nordostk\u00fcste<br><br><strong>Beschreibung<\/strong><br>W\u00e4hrend der Endphase des B\u00fcrgerkriegs, befand sich die 27-j\u00e4hrige Isaipriya und ihre Familie in der sogenannten &#8220;No-Fire&#8221; Zone, die von der sri-lankischen Regierung deklariert wurde. Diese Sicherheitszonen, einschlie\u00dflich 300,000 Zivilisten und Krankenh\u00e4user, standen unter brutalen Bombenangriffen der sri-lankischen Armee. Isaipriyas Tochter starb am 15. M\u00e4rz 2009 bei einem Luftangriff der sri-lankischen Luftwaffe. W\u00e4hrend dieser schwierigen Kriegszeit half Isaipriya freiwillig in einem provisorischen Krankenhaus von Mullivaikal mit, wo der Endkampf stattfand.<\/p>\n\n\n\n<p>Nach dem Kriegsende verk\u00fcndete das sri-lankische Verteidigungsministerium auf seiner Website, dass Isaipriya \u2013 als \u201eLt. Col. Issei Piriya\u201c \u2013 mitsamt weiteren hochrangingen Offizieren der LTTE im Kampf durch die 57. Division am 18.05.2009 get\u00f6tet worden ist.<\/p>\n\n\n\n<p>In den Jahren 2010 und 2013 enth\u00fcllte die britische Fernsehsendung \u201eChannel 4 News\u201c wichtige Beweise daf\u00fcr, dass Isaipriya nicht im Kampf gefallen ist. Der Sender zeigte grausame Videos und Bilder, die in den letzten Kampftagen von sri-lankischen Soldaten aufgenommen wurden. In diesen Aufnahmen sind Hinrichtungen von gefangenen Tamilen sowie entbl\u00f6\u00dfte Leichen zu sehen. Eine von den Opfern wurde als Isaipriya identifiziert. Eine Videoaufnahme zeigt, wie Isaipriya lebend, unbewaffnet und halbnackt von sri-lankischen Soldaten gefangen genommen wird. In weiteren Aufnahmen wird die Leiche von Isaipriya sowie von weiteren tamilischen Frauen gezeigt, die klare Spuren der sexuellen Gewalt und k\u00f6rperlichen Folter aufweisen. Die Schusswunden an den K\u00f6pfen deuten daraufhin, dass die Opfer, nachdem Sie vergewaltigt und gefoltert worden sind, mit Sch\u00fcssen in den Kopf hingerichtet worden sind. Zudem ist in den Aufnahmen zuh\u00f6ren, wie sri-lankischen Soldaten beim Aufnehmen der tamilischen Frauenleichen am\u00fcsant \u00fcber ihren Sieg prahlen und sexuelle Bemerkungen abgeben. Die grauenvolle Ermordung der tamilischen Journalistin Isaipriya and anderen unbekannten tamilischen Frauen sind erhebliche Beweise f\u00fcr Kriegsverbrechen und Menschenrechtsverletzungen des sri-lankischen Milit\u00e4rs.<br><br><strong>Juristische Lage<\/strong><br>Bis heute wurden keine beteiligten Soldaten sowie ihre Oberbefehlshaber zur Rechenschaft gezogen. Zu diesem Zeitpunkt war Kamal Gunaratne der Oberbefehlshaber der 57. Division, der heute Verteidigungsminister von Sri Lanka ist. Der damalige Verteidigungsminister, Gotabaya Rajapaksa, ist heute der Pr\u00e4sident von Sri Lanka. Der Hohe Kommissar der Vereinten Nationen f\u00fcr Menschenrechte (engl. Abk\u00fcrzung OHCHR), pr\u00fcfte Isaipriyas Ermordung in Gefangenschaft und best\u00e4tigte die Glaubw\u00fcrdigkeit der Aufnahmen, die Channel 4 einreichte. Dennoch behauptet die sri-lankische Regierung, dass die Video- und Bildaufnahmen nicht authentisch sind und besteht darauf, dass Isaipriya im Kampf gefallen ist.<\/p>\n<\/div><\/div>\n\n\n\n<p><\/p>\n","protected":false},"excerpt":{"rendered":"<p>Personendaten NameShobana Dharmaraja (Isaipriya) Geburtsdatum02.05.1982 Alter27 GeburtsortNedunthivu, Jaffna Wichtige biografische AngabenShobana Dharmaraja, bekannt unter dem K\u00fcnstlernamen Isaipriya, war eine popul\u00e4re tamilische Journalistin und Rundfunksprecherin. Sie wurde im Jahr 1982 in Nedunthivu (engl. Delft Island, Distrikt Jaffna) geboren. Im Jahr 1995 f\u00fchrten die sri-lankischen Streitkr\u00e4fte eine Milit\u00e4r-Operation durch und eroberten die Jaffna-Halbinsel zur\u00fcck. In dieser Zeit &hellip; <\/p>\n","protected":false},"author":1,"featured_media":250,"parent":8,"menu_order":0,"comment_status":"closed","ping_status":"closed","template":"","meta":{"ngg_post_thumbnail":0,"footnotes":""},"_links":{"self":[{"href":"https:\/\/tfogermany.com\/de\/wp-json\/wp\/v2\/pages\/247"}],"collection":[{"href":"https:\/\/tfogermany.com\/de\/wp-json\/wp\/v2\/pages"}],"about":[{"href":"https:\/\/tfogermany.com\/de\/wp-json\/wp\/v2\/types\/page"}],"author":[{"embeddable":true,"href":"https:\/\/tfogermany.com\/de\/wp-json\/wp\/v2\/users\/1"}],"replies":[{"embeddable":true,"href":"https:\/\/tfogermany.com\/de\/wp-json\/wp\/v2\/comments?post=247"}],"version-history":[{"count":2,"href":"https:\/\/tfogermany.com\/de\/wp-json\/wp\/v2\/pages\/247\/revisions"}],"predecessor-version":[{"id":512,"href":"https:\/\/tfogermany.com\/de\/wp-json\/wp\/v2\/pages\/247\/revisions\/512"}],"up":[{"embeddable":true,"href":"https:\/\/tfogermany.com\/de\/wp-json\/wp\/v2\/pages\/8"}],"wp:featuredmedia":[{"embeddable":true,"href":"https:\/\/tfogermany.com\/de\/wp-json\/wp\/v2\/media\/250"}],"wp:attachment":[{"href":"https:\/\/tfogermany.com\/de\/wp-json\/wp\/v2\/media?parent=247"}],"curies":[{"name":"wp","href":"https:\/\/api.w.org\/{rel}","templated":true}]}}