{"id":227,"date":"2021-03-03T16:31:00","date_gmt":"2021-03-03T16:31:00","guid":{"rendered":"http:\/\/tfogermany.com\/de\/?page_id=227"},"modified":"2021-11-29T13:50:39","modified_gmt":"2021-11-29T13:50:39","slug":"subajini-rajasingham","status":"publish","type":"page","link":"https:\/\/tfogermany.com\/de\/100-grunde\/subajini-rajasingham\/","title":{"rendered":"Subajini Rajasingham"},"content":{"rendered":"\n<div class=\"wp-block-group\"><div class=\"wp-block-group__inner-container is-layout-flow wp-block-group-is-layout-flow\">\n<p class=\"has-text-align-center\"><strong>Personendaten<\/strong><\/p>\n\n\n\n<p><strong>Name<\/strong><br>Subajini Rajasingham<br><br><strong>Geburtsdatum<\/strong><br>1977<br><br><strong>Alter<\/strong><br>30<br><br><strong>Geburtsort<\/strong><br>Navanthurai, Jaffna<br><br><strong>Wichtige biografische Angaben<\/strong><br>Subajini Rajasingham war eine tamilische Frau aus der Stadt Navanthurai im Distrikt Jaffna und wurde im Alter von 30 ermordet.<\/p>\n\n\n\n<p class=\"has-text-align-center\"><strong>Vorfall<\/strong><\/p>\n\n\n\n<p><strong>Tag der Ermordung<\/strong><br>06.09.2007<br><br><strong>Ort<\/strong><br>Thirunelveli, Jaffna<br><br><strong>Beschreibung<\/strong><br>Am Donnerstag, den 06.09.2007 fuhr Subajini Rajasingham auf ihrem Fahrrad die Hauptstra\u00dfe Palaali Road in Thirunelveli entlang. Sie war auf dem Weg zum Nallur Tempel. Das Gebiet war eine stark \u00fcberwachte Zone mit hoher sri-lankischer Milit\u00e4rpr\u00e4senz. Gegen 09.15 Uhr kam eine paramilit\u00e4rische Einheit der sri-lankischen Regierung auf einem Motorrad und erschoss Subajini Rajasingham.\u00a0 Die Ermordung von Subajini ist eine von vielen Attentaten, welche von der sri-lankischen Regierung \u00fcber paramilit\u00e4rische Einheiten gezielt an tamilische Zivilen ausgef\u00fchrt werden.<br><br><strong>Juristische Lage<\/strong><br>Es gab keine Gerichtsverhandlung oder Untersuchungen zu diesem Mord.<\/p>\n<\/div><\/div>\n\n\n\n<p><\/p>\n","protected":false},"excerpt":{"rendered":"<p>Personendaten NameSubajini Rajasingham Geburtsdatum1977 Alter30 GeburtsortNavanthurai, Jaffna Wichtige biografische AngabenSubajini Rajasingham war eine tamilische Frau aus der Stadt Navanthurai im Distrikt Jaffna und wurde im Alter von 30 ermordet. Vorfall Tag der Ermordung06.09.2007 OrtThirunelveli, Jaffna BeschreibungAm Donnerstag, den 06.09.2007 fuhr Subajini Rajasingham auf ihrem Fahrrad die Hauptstra\u00dfe Palaali Road in Thirunelveli entlang. Sie war auf &hellip; <\/p>\n","protected":false},"author":1,"featured_media":76,"parent":8,"menu_order":0,"comment_status":"closed","ping_status":"closed","template":"","meta":{"ngg_post_thumbnail":0,"footnotes":""},"_links":{"self":[{"href":"https:\/\/tfogermany.com\/de\/wp-json\/wp\/v2\/pages\/227"}],"collection":[{"href":"https:\/\/tfogermany.com\/de\/wp-json\/wp\/v2\/pages"}],"about":[{"href":"https:\/\/tfogermany.com\/de\/wp-json\/wp\/v2\/types\/page"}],"author":[{"embeddable":true,"href":"https:\/\/tfogermany.com\/de\/wp-json\/wp\/v2\/users\/1"}],"replies":[{"embeddable":true,"href":"https:\/\/tfogermany.com\/de\/wp-json\/wp\/v2\/comments?post=227"}],"version-history":[{"count":2,"href":"https:\/\/tfogermany.com\/de\/wp-json\/wp\/v2\/pages\/227\/revisions"}],"predecessor-version":[{"id":523,"href":"https:\/\/tfogermany.com\/de\/wp-json\/wp\/v2\/pages\/227\/revisions\/523"}],"up":[{"embeddable":true,"href":"https:\/\/tfogermany.com\/de\/wp-json\/wp\/v2\/pages\/8"}],"wp:featuredmedia":[{"embeddable":true,"href":"https:\/\/tfogermany.com\/de\/wp-json\/wp\/v2\/media\/76"}],"wp:attachment":[{"href":"https:\/\/tfogermany.com\/de\/wp-json\/wp\/v2\/media?parent=227"}],"curies":[{"name":"wp","href":"https:\/\/api.w.org\/{rel}","templated":true}]}}