{"id":224,"date":"2021-03-03T16:28:41","date_gmt":"2021-03-03T16:28:41","guid":{"rendered":"http:\/\/tfogermany.com\/de\/?page_id=224"},"modified":"2021-11-29T11:53:36","modified_gmt":"2021-11-29T11:53:36","slug":"parimala-selvanathan","status":"publish","type":"page","link":"https:\/\/tfogermany.com\/de\/100-grunde\/parimala-selvanathan\/","title":{"rendered":"Parimala Selvanathan"},"content":{"rendered":"\n<div class=\"wp-block-group\"><div class=\"wp-block-group__inner-container is-layout-flow wp-block-group-is-layout-flow\">\n<p class=\"has-text-align-center\"><strong>Personendaten<\/strong><\/p>\n\n\n\n<p><strong>Name<\/strong><br>Parimala Selvanathan<br><br><strong>Geburtsdatum<\/strong><br>28.05.1988<br><br><strong>Alter<\/strong><br>19<br><br><strong>Geburtsort<\/strong><br>Karungandal , Vannankulam, Adamban, Mannar<br><br><strong>Wichtige biografische Angaben<\/strong><br>Parimala und ihre Familie stammen aus Vannankulam. Aufgrund des Bombardements auf ihr Dorf, wurden sie vertrieben und siedelten nach Periyamadu ein.<\/p>\n\n\n\n<p class=\"has-text-align-center\"><strong>Vorfall<\/strong><\/p>\n\n\n\n<p><strong>Tag der Ermordung<\/strong><br>25.10.2007<br><br><strong>Ort<\/strong><br>Periyamadu, Manthai West in Mannar<br><br><strong>Beschreibung<\/strong><br>Es war der Geburtstag ihres Vaters Jeyabalasingham. &#8220;Wir wollten ein wunderbares Essen f\u00fcr seinen Geburtstag vorbereiten, aber es war sein Schicksal, zusammen mit unseren beiden T\u00f6chtern zu sterben&#8221;, sagte Parimalas Mutter. Parimala war schwanger, als sie starb. Auch die Zwillinge, die sie gerade zur Welt bringen wollte, wurden get\u00f6tet.<\/p>\n\n\n\n<p>Das Periyamadu 30-H\u00e4user-Projekt ist einer der Orte, die den Menschen, die durch den Angriff des srilankischen Milit\u00e4rs aus dem Milit\u00e4rlager Thallady in Mannar vertrieben wurden, Zuflucht geboten haben. Die betroffenen D\u00f6rfer sind Adampan, Andankulam, Kaththankudy, Parappukkadanthan, Karunkandal, Palaikkuli, Vaddakkandal, Kuravil, Neduvarambu, Iththikkandal, Sornapuri, Aadkaaddiveli und Palapperumalkaddu.<\/p>\n\n\n\n<p>In Periyamadu, dem Standort des 30-H\u00e4user-Programms, lebten 23 Familien in provisorischen Cadjan-H\u00fctten. Am 25. Oktober 2007 gegen 12.00 Uhr mittags schlug eine Artilleriegranate aus Thallady im Ort ein. Eine schwangere Frau, Selvanathan Parimala (19), ihre Schwester Thangavel Kaushalya (9) und ihr Onkel Somasunderam Jeyabalasingham (61), wurden get\u00f6tet. Die Mutter dieser beiden M\u00e4dchen, Jebalasingham Thiraviyam (55), ihr Enkel Selvanathan Kohilan (3) und Francis Sutharsan (15), Karuppiah Loganathan (45), seine Frau Sivapackiyawathy (45), ihre Tochter Umathevi (13), Vasanthan Rebecca (5), Suppiah Mohanraj (29), P. Subramaniam (28) sind schwer verletzt und wurden in die Krankenh\u00e4user von Mulangavil und Kilinochchi eingeliefert. Der Zustand des 3-j\u00e4hrigen Selvanathan Kohulan wurde als kritisch bezeichnet. Parimala (19) war hochschwanger, die Granatenverletzung hat ihren Unterleib mit den Zwillingen durchbohrt.<br><br><strong>Juristische Lage<\/strong><br>&#8211;<\/p>\n<\/div><\/div>\n\n\n\n<p><\/p>\n","protected":false},"excerpt":{"rendered":"<p>Personendaten NameParimala Selvanathan Geburtsdatum28.05.1988 Alter19 GeburtsortKarungandal , Vannankulam, Adamban, Mannar Wichtige biografische AngabenParimala und ihre Familie stammen aus Vannankulam. Aufgrund des Bombardements auf ihr Dorf, wurden sie vertrieben und siedelten nach Periyamadu ein. Vorfall Tag der Ermordung25.10.2007 OrtPeriyamadu, Manthai West in Mannar BeschreibungEs war der Geburtstag ihres Vaters Jeyabalasingham. &#8220;Wir wollten ein wunderbares Essen f\u00fcr &hellip; <\/p>\n","protected":false},"author":1,"featured_media":225,"parent":8,"menu_order":0,"comment_status":"closed","ping_status":"closed","template":"","meta":{"ngg_post_thumbnail":0,"footnotes":""},"_links":{"self":[{"href":"https:\/\/tfogermany.com\/de\/wp-json\/wp\/v2\/pages\/224"}],"collection":[{"href":"https:\/\/tfogermany.com\/de\/wp-json\/wp\/v2\/pages"}],"about":[{"href":"https:\/\/tfogermany.com\/de\/wp-json\/wp\/v2\/types\/page"}],"author":[{"embeddable":true,"href":"https:\/\/tfogermany.com\/de\/wp-json\/wp\/v2\/users\/1"}],"replies":[{"embeddable":true,"href":"https:\/\/tfogermany.com\/de\/wp-json\/wp\/v2\/comments?post=224"}],"version-history":[{"count":3,"href":"https:\/\/tfogermany.com\/de\/wp-json\/wp\/v2\/pages\/224\/revisions"}],"predecessor-version":[{"id":484,"href":"https:\/\/tfogermany.com\/de\/wp-json\/wp\/v2\/pages\/224\/revisions\/484"}],"up":[{"embeddable":true,"href":"https:\/\/tfogermany.com\/de\/wp-json\/wp\/v2\/pages\/8"}],"wp:featuredmedia":[{"embeddable":true,"href":"https:\/\/tfogermany.com\/de\/wp-json\/wp\/v2\/media\/225"}],"wp:attachment":[{"href":"https:\/\/tfogermany.com\/de\/wp-json\/wp\/v2\/media?parent=224"}],"curies":[{"name":"wp","href":"https:\/\/api.w.org\/{rel}","templated":true}]}}