{"id":221,"date":"2021-03-03T16:25:30","date_gmt":"2021-03-03T16:25:30","guid":{"rendered":"http:\/\/tfogermany.com\/de\/?page_id=221"},"modified":"2021-11-29T12:12:27","modified_gmt":"2021-11-29T12:12:27","slug":"reettamma-vimalanathan","status":"publish","type":"page","link":"https:\/\/tfogermany.com\/de\/100-grunde\/reettamma-vimalanathan\/","title":{"rendered":"Reettamma Vimalanathan"},"content":{"rendered":"\n<div class=\"wp-block-group\"><div class=\"wp-block-group__inner-container is-layout-flow wp-block-group-is-layout-flow\">\n<p class=\"has-text-align-center\"><strong>Personendaten<\/strong><\/p>\n\n\n\n<p><strong>Name<\/strong><br>Reettamma Vimalanathan<br><br><strong>Geburtsdatum<\/strong><br>1975<br><br><strong>Alter<\/strong><br>33<br><br><strong>Geburtsort<\/strong><br>Mannar<br><br><strong>Wichtige biografische Angaben<\/strong><br>Reettamma Vimalanathan war von Beruf Krankenschwester.<\/p>\n\n\n\n<p class=\"has-text-align-center\"><strong>Vorfall<\/strong><\/p>\n\n\n\n<p><strong>Tag der Ermordung<\/strong><br>29.01.2008<br><br><strong>Ort<\/strong><br>Thadchanamadhu, in der N\u00e4he der Madhu Kirche in Mannar<br><br><strong>Beschreibung<\/strong><br>Ein Bus, der haupts\u00e4chlich Schulkinder und Lehrer transportierte, geriet unter einen Minen-Angriff. Unter den Get\u00f6teten sind dreizehn Schulkinder und ein Schuldirektor. Alle 13 Sch\u00fcler, die starben, waren zwischen 10 und 16 Jahre alt. Zwanzig Personen im Bus wurden get\u00f6tet und weitere einundzwanzig wurden verletzt (siebzehn von ihnen schwer). Reettamma Vimalanathan war eine von ihnen.<\/p>\n\n\n\n<p>Wichtig ist auch die Identifizierung der T\u00e4ter, die hinter dem Minen-Angriff stecken. Mannar hat seit 2006 eine gro\u00dfe Anzahl von Minen-Anschl\u00e4gen erlebt. Es ist auch unter der Bev\u00f6lkerung von Mannar allgemein bekannt, dass alle diese Minen-Angriffe von einer Einheit des srilankischen Milit\u00e4rs durchgef\u00fchrt werden.<\/p>\n\n\n\n<p>Bis zum Angriff auf den Schulbus hat es bereits 22 Minen-Angriffe auf zivile Ziele gegeben. Insgesamt 62 Zivilisten, darunter ein katholischer Priester, ein stellvertretender Schuldirektor, ein Arzt, zwei Schuldirektoren, ein Lehrer, zweiundzwanzig Sch\u00fcler und f\u00fcnf Krankenschwestern wurden bei diesen Angriffen get\u00f6tet.<\/p>\n\n\n\n<p>An jenem verh\u00e4ngnisvollen Tag, dem 29. Januar 2008, waren die Kinder und andere aus der vertriebenen Gemeinschaft, die im Maddhu-Kirchenkomplex Zuflucht gefunden hat, auf dem Heimweg. Die meisten von ihnen kamen von der 5 km entfernten Mannar Sinapandivirichchan Government Tamil Mixed School (GTMS). Sowohl die Kinder als auch die \u00d6ffentlichkeit benutzten denselben Bus, der zwischen Madhu und ihrer Schule verkehrt, da es keinen Schulbusdienst gibt. Gegen 14.30 Uhr, als der Bus sich der Kirche von Madhu n\u00e4herte, explodierte die Mine.<br><br><strong>Juristische Lage<\/strong><br>&#8211;<\/p>\n<\/div><\/div>\n\n\n\n<p><\/p>\n","protected":false},"excerpt":{"rendered":"<p>Personendaten NameReettamma Vimalanathan Geburtsdatum1975 Alter33 GeburtsortMannar Wichtige biografische AngabenReettamma Vimalanathan war von Beruf Krankenschwester. Vorfall Tag der Ermordung29.01.2008 OrtThadchanamadhu, in der N\u00e4he der Madhu Kirche in Mannar BeschreibungEin Bus, der haupts\u00e4chlich Schulkinder und Lehrer transportierte, geriet unter einen Minen-Angriff. Unter den Get\u00f6teten sind dreizehn Schulkinder und ein Schuldirektor. Alle 13 Sch\u00fcler, die starben, waren zwischen &hellip; <\/p>\n","protected":false},"author":1,"featured_media":222,"parent":8,"menu_order":0,"comment_status":"closed","ping_status":"closed","template":"","meta":{"ngg_post_thumbnail":0,"footnotes":""},"_links":{"self":[{"href":"https:\/\/tfogermany.com\/de\/wp-json\/wp\/v2\/pages\/221"}],"collection":[{"href":"https:\/\/tfogermany.com\/de\/wp-json\/wp\/v2\/pages"}],"about":[{"href":"https:\/\/tfogermany.com\/de\/wp-json\/wp\/v2\/types\/page"}],"author":[{"embeddable":true,"href":"https:\/\/tfogermany.com\/de\/wp-json\/wp\/v2\/users\/1"}],"replies":[{"embeddable":true,"href":"https:\/\/tfogermany.com\/de\/wp-json\/wp\/v2\/comments?post=221"}],"version-history":[{"count":2,"href":"https:\/\/tfogermany.com\/de\/wp-json\/wp\/v2\/pages\/221\/revisions"}],"predecessor-version":[{"id":499,"href":"https:\/\/tfogermany.com\/de\/wp-json\/wp\/v2\/pages\/221\/revisions\/499"}],"up":[{"embeddable":true,"href":"https:\/\/tfogermany.com\/de\/wp-json\/wp\/v2\/pages\/8"}],"wp:featuredmedia":[{"embeddable":true,"href":"https:\/\/tfogermany.com\/de\/wp-json\/wp\/v2\/media\/222"}],"wp:attachment":[{"href":"https:\/\/tfogermany.com\/de\/wp-json\/wp\/v2\/media?parent=221"}],"curies":[{"name":"wp","href":"https:\/\/api.w.org\/{rel}","templated":true}]}}