{"id":218,"date":"2021-03-03T16:23:04","date_gmt":"2021-03-03T16:23:04","guid":{"rendered":"http:\/\/tfogermany.com\/de\/?page_id=218"},"modified":"2021-11-29T11:29:21","modified_gmt":"2021-11-29T11:29:21","slug":"mery-josappin-sebamalai","status":"publish","type":"page","link":"https:\/\/tfogermany.com\/de\/100-grunde\/mery-josappin-sebamalai\/","title":{"rendered":"Mery Josappin Sebamalai"},"content":{"rendered":"\n<div class=\"wp-block-group\"><div class=\"wp-block-group__inner-container is-layout-flow wp-block-group-is-layout-flow\">\n<p class=\"has-text-align-center\"><strong>Personendaten<\/strong><\/p>\n\n\n\n<p><strong>Name<\/strong><br>Mery Josappin Sebamalai<br><br><strong>Geburtsdatum<\/strong><br>26.08.1977<br><br><strong>Alter<\/strong><br>31<br><br><strong>Geburtsort<\/strong><br>Periyanilasenai Uiyilankulam, Mannar<br><br><strong>Wichtige biografische Angaben<\/strong><br>Lehrerin<\/p>\n\n\n\n<p class=\"has-text-align-center\"><strong>Vorfall<\/strong><\/p>\n\n\n\n<p><strong>Tag der Ermordung<\/strong><br>29.01.2008<br><br><strong>Ort<\/strong><br>Thadchanamadhu, in der N\u00e4he der Madhu Kirche in Mannar<br><br><strong>Beschreibung<\/strong><br><\/p>\n\n\n\n<p>Ein Bus, der haupts\u00e4chlich Schulkinder und Lehrer transportierte, geriet unter einen Minen-Angriff. Mery Josappin Sebamalai war einer der Lehrer. Zwanzig Personen im Bus wurden get\u00f6tet und weitere einundzwanzig wurden verletzt (siebzehn von ihnen lebensgef\u00e4hrlich). Unter den Verstorbenen sind dreizehn Sch\u00fcler und ein Schuldirektor. Alle 13 get\u00f6teten Sch\u00fcler waren zwischen 10 und 16 Jahre alt.<\/p>\n\n\n\n<p>Wichtig ist auch die Identifizierung der T\u00e4ter, die hinter dem Minen-Angriff stecken. Mannar hat seit 2006 eine gro\u00dfe Anzahl von Minen-Anschl\u00e4gen erlebt. Es ist auch unter der Bev\u00f6lkerung von Mannar allgemein bekannt, dass alle diese Minen-Angriffe von der Einheit des srilankischen Milit\u00e4rs durchgef\u00fchrt werden.<\/p>\n\n\n\n<p>Bis zum Angriff auf den Schulbus hat es bereits 22 Minen-Angriffe auf zivile Ziele gegeben. Insgesamt 62 Zivilisten, darunter ein katholischer Priester, ein stellvertretender Schuldirektor, ein Arzt, zwei Schuldirektoren, ein Lehrer, zweiundzwanzig Sch\u00fcler und f\u00fcnf Krankenschwestern wurden bei diesen Minen-Angriffen get\u00f6tet.<\/p>\n\n\n\n<p>An jenem verh\u00e4ngnisvollen Tag, dem 29. Januar 2008, waren die Kinder und andere aus der vertriebenen Gemeinschaft, die im Maddhu-Kirchenkomplex Zuflucht gefunden hat, auf dem Heimweg. Die meisten von ihnen kamen von der 5 km entfernten Mannar Sinapandivirichchan Government Tamil Mixed School (GTMS). Sowohl die Kinder als auch die \u00d6ffentlichkeit benutzen denselben Bus, der zwischen Madhu und ihrer Schule verkehrt, da es keinen Schulbusdienst gibt. Gegen 14.30 Uhr, als der Bus sich der Kirche von Madhu n\u00e4herte, explodierte die Mine.<br><br><strong>Juristische Lage<\/strong><br>&#8211;<\/p>\n<\/div><\/div>\n\n\n\n<p><\/p>\n","protected":false},"excerpt":{"rendered":"<p>Personendaten NameMery Josappin Sebamalai Geburtsdatum26.08.1977 Alter31 GeburtsortPeriyanilasenai Uiyilankulam, Mannar Wichtige biografische AngabenLehrerin Vorfall Tag der Ermordung29.01.2008 OrtThadchanamadhu, in der N\u00e4he der Madhu Kirche in Mannar Beschreibung Ein Bus, der haupts\u00e4chlich Schulkinder und Lehrer transportierte, geriet unter einen Minen-Angriff. Mery Josappin Sebamalai war einer der Lehrer. Zwanzig Personen im Bus wurden get\u00f6tet und weitere einundzwanzig wurden &hellip; <\/p>\n","protected":false},"author":1,"featured_media":219,"parent":8,"menu_order":0,"comment_status":"closed","ping_status":"closed","template":"","meta":{"ngg_post_thumbnail":0,"footnotes":""},"_links":{"self":[{"href":"https:\/\/tfogermany.com\/de\/wp-json\/wp\/v2\/pages\/218"}],"collection":[{"href":"https:\/\/tfogermany.com\/de\/wp-json\/wp\/v2\/pages"}],"about":[{"href":"https:\/\/tfogermany.com\/de\/wp-json\/wp\/v2\/types\/page"}],"author":[{"embeddable":true,"href":"https:\/\/tfogermany.com\/de\/wp-json\/wp\/v2\/users\/1"}],"replies":[{"embeddable":true,"href":"https:\/\/tfogermany.com\/de\/wp-json\/wp\/v2\/comments?post=218"}],"version-history":[{"count":2,"href":"https:\/\/tfogermany.com\/de\/wp-json\/wp\/v2\/pages\/218\/revisions"}],"predecessor-version":[{"id":471,"href":"https:\/\/tfogermany.com\/de\/wp-json\/wp\/v2\/pages\/218\/revisions\/471"}],"up":[{"embeddable":true,"href":"https:\/\/tfogermany.com\/de\/wp-json\/wp\/v2\/pages\/8"}],"wp:featuredmedia":[{"embeddable":true,"href":"https:\/\/tfogermany.com\/de\/wp-json\/wp\/v2\/media\/219"}],"wp:attachment":[{"href":"https:\/\/tfogermany.com\/de\/wp-json\/wp\/v2\/media?parent=218"}],"curies":[{"name":"wp","href":"https:\/\/api.w.org\/{rel}","templated":true}]}}