{"id":215,"date":"2021-03-03T16:20:50","date_gmt":"2021-03-03T16:20:50","guid":{"rendered":"http:\/\/tfogermany.com\/de\/?page_id=215"},"modified":"2021-04-10T21:45:40","modified_gmt":"2021-04-10T21:45:40","slug":"tharsikka-samini-ranjan-rayasooriyar","status":"publish","type":"page","link":"https:\/\/tfogermany.com\/de\/100-grunde\/tharsikka-samini-ranjan-rayasooriyar\/","title":{"rendered":"Tharsikka Samini Ranjan Rayasooriyar"},"content":{"rendered":"\n<div class=\"wp-block-group\"><div class=\"wp-block-group__inner-container is-layout-flow wp-block-group-is-layout-flow\">\n<p class=\"has-text-align-center\"><strong>Personendaten<\/strong><\/p>\n\n\n\n<p><strong>Name<\/strong><br>Tharsikka Samini Ranjan Rayasooriyar<br><br><strong>Geburtsdatum<\/strong><br>30.12.1992<br><br><strong>Alter<\/strong><br>16<br><br><strong>Geburtsort<\/strong><br>Sinnapandivirichchan, Mannar<br><br><strong>Wichtige biografische Angaben<\/strong><br>Sch\u00fclerin<\/p>\n\n\n\n<p class=\"has-text-align-center\"><strong>Vorfall<\/strong><\/p>\n\n\n\n<p><strong>Tag der Ermordung<\/strong><br>29.01.2008<br><br><strong>Ort<\/strong><br>Thadchanamadhu, near the Madhu church complex in Mannar<br><br><strong>Beschreibung<\/strong><br>Ein Bus, der haupts\u00e4chlich Schulkinder und Lehrer transportierte, geriet unter einen Angriff. Es wurden 20 Personen im Bus get\u00f6tet und weitere 21 verletzt (17 von ihnen lebensbedrohlich). Unter den Get\u00f6teten waren dreizehn Schulkinder und ein Schuldirektor. Alle 13 get\u00f6teten Sch\u00fcler\/-innen waren zwischen 10 und 16 Jahre alt. Tharsikka Samini Ranjan Rayasooriyar war einer der Sch\u00fcler.<\/p>\n\n\n\n<p>Wichtig ist auch die Identifizierung der T\u00e4ter, die hinter dem Claymore-Angriff stecken. Mannar hat seit 2006 eine gro\u00dfe Anzahl von Claymore-Anschl\u00e4gen erlebt. Es ist auch unter der Bev\u00f6lkerung von Mannar allgemein bekannt, dass alle diese Claymore-Angriffe von der Einheit des srilankischen Milit\u00e4rs durchgef\u00fchrt werden. Bis zum Angriff auf den Schulbus hat es bereits 22 Claymore-Angriffe auf zivile Ziele gegeben. Insgesamt 62 Zivilisten, darunter ein katholischer Priester, ein stellvertretender Schuldirektor, ein Arzt, zwei Schuldirektoren, ein Lehrer, zweiundzwanzig Sch\u00fcler und f\u00fcnf Krankenschwestern wurden bei diesen 21 Claymore-Angriffen get\u00f6tet.<\/p>\n\n\n\n<p>An jenem verh\u00e4ngnisvollen Tag, dem 29. Januar 2008, waren die Kinder und andere aus der vertriebenen Gemeinschaft, die im Maddhu-Kirchenkomplex Zuflucht gefunden hat, auf dem Heimweg. Die meisten von ihnen kamen von der 5 km entfernten Mannar Sinapandivirichchan Government Tamil Mixed School (GTMS). Sowohl die Kinder als auch die \u00d6ffentlichkeit benutzen denselben Bus, der zwischen Madhu und ihrer Schule verkehrt, da es keinen Schulbusdienst gibt. Gegen 14.30 Uhr, als der Bus sich der Kirche von Madhu n\u00e4herte, explodierte die Claymore.<br><br><strong>Juristische Lage<\/strong><br>&#8211;<\/p>\n<\/div><\/div>\n\n\n\n<p><\/p>\n","protected":false},"excerpt":{"rendered":"<p>Personendaten NameTharsikka Samini Ranjan Rayasooriyar Geburtsdatum30.12.1992 Alter16 GeburtsortSinnapandivirichchan, Mannar Wichtige biografische AngabenSch\u00fclerin Vorfall Tag der Ermordung29.01.2008 OrtThadchanamadhu, near the Madhu church complex in Mannar BeschreibungEin Bus, der haupts\u00e4chlich Schulkinder und Lehrer transportierte, geriet unter einen Angriff. Es wurden 20 Personen im Bus get\u00f6tet und weitere 21 verletzt (17 von ihnen lebensbedrohlich). Unter den Get\u00f6teten waren &hellip; <\/p>\n","protected":false},"author":1,"featured_media":216,"parent":8,"menu_order":0,"comment_status":"closed","ping_status":"closed","template":"","meta":{"ngg_post_thumbnail":0,"footnotes":""},"_links":{"self":[{"href":"https:\/\/tfogermany.com\/de\/wp-json\/wp\/v2\/pages\/215"}],"collection":[{"href":"https:\/\/tfogermany.com\/de\/wp-json\/wp\/v2\/pages"}],"about":[{"href":"https:\/\/tfogermany.com\/de\/wp-json\/wp\/v2\/types\/page"}],"author":[{"embeddable":true,"href":"https:\/\/tfogermany.com\/de\/wp-json\/wp\/v2\/users\/1"}],"replies":[{"embeddable":true,"href":"https:\/\/tfogermany.com\/de\/wp-json\/wp\/v2\/comments?post=215"}],"version-history":[{"count":1,"href":"https:\/\/tfogermany.com\/de\/wp-json\/wp\/v2\/pages\/215\/revisions"}],"predecessor-version":[{"id":217,"href":"https:\/\/tfogermany.com\/de\/wp-json\/wp\/v2\/pages\/215\/revisions\/217"}],"up":[{"embeddable":true,"href":"https:\/\/tfogermany.com\/de\/wp-json\/wp\/v2\/pages\/8"}],"wp:featuredmedia":[{"embeddable":true,"href":"https:\/\/tfogermany.com\/de\/wp-json\/wp\/v2\/media\/216"}],"wp:attachment":[{"href":"https:\/\/tfogermany.com\/de\/wp-json\/wp\/v2\/media?parent=215"}],"curies":[{"name":"wp","href":"https:\/\/api.w.org\/{rel}","templated":true}]}}