{"id":212,"date":"2021-03-03T16:18:05","date_gmt":"2021-03-03T16:18:05","guid":{"rendered":"http:\/\/tfogermany.com\/de\/?page_id=212"},"modified":"2021-11-29T16:13:05","modified_gmt":"2021-11-29T16:13:05","slug":"thuraisamy-chinnammah","status":"publish","type":"page","link":"https:\/\/tfogermany.com\/de\/100-grunde\/thuraisamy-chinnammah\/","title":{"rendered":"Thuraisamy Chinnammah"},"content":{"rendered":"\n<div class=\"wp-block-group\"><div class=\"wp-block-group__inner-container is-layout-flow wp-block-group-is-layout-flow\">\n<p class=\"has-text-align-center\"><strong>Personendaten<\/strong><\/p>\n\n\n\n<p><strong>Name<\/strong><br>Thuraisamy Chinnammah<br><br><strong>Geburtsdatum<\/strong><br>1952<br><br><strong>Alter<\/strong><br>57<br><br><strong>Geburtsort<\/strong><br>&#8211;<br><br><strong>Wichtige biografische Angaben<\/strong><br>Thuraisamy Chinnammah war zum Zeitpunkt ihrer Ermordung 57 Jahre alt und lebte im Distrikt Mullaitivu. Dieses Gebiet steht unter tamilischer Verwaltung.<\/p>\n\n\n\n<p class=\"has-text-align-center\"><strong>Vorfall<\/strong><\/p>\n\n\n\n<p><strong>Tag der Ermordung<\/strong><br>10.01.2009<br><br><strong>Ort<\/strong><br>Puthukudiyiruppu, Mullaitivu<br><br><strong>Beschreibung<\/strong><br>Seit September 2008 hat die srilankische Regierung allen unabh\u00e4ngigen Beobachtern, humanit\u00e4ren Helfern einschlie\u00dflich der UNO und den Medien den Zugang zum Kampfgebiet (Vanni) untersagt und das Kampfgebiet (Vanni) systematisch von der Au\u00dfenwelt isoliert, um einen v\u00f6lkerm\u00f6rderischen Krieg ohne jegliche Zeugen zu f\u00fchren.<\/p>\n\n\n\n<p>Thuraisamy Chinnammah (Mutter eines M\u00e4dchens) z\u00e4hlt zu den 20.000 identifizierten F\u00e4llen, die den srilankischen Streitkr\u00e4ften zum Opfer fielen. Der Granatenangriff ereignete sich am 10. Januar um 22.10 Uhr in Ward-9 in Puthukudiyiruppu im Distrikt Mullaithivu. Der Artilleriebeschuss t\u00f6tete Thuraisamy Chinnammah, ihren Ehemann, ihre Tochter und ihren Neffen, die in einem Zelt mit Plane schliefen. Die beiden jungen Leute, die in dem Zelt schliefen, hatten gerade ihre GCE OL-Pr\u00fcfung abgelegt.<\/p>\n\n\n\n<p>Das IDP-Lager bestand aus etwa acht Familien mit rund 30 Menschen, die im November 2008 aus Chilawathai vertrieben wurden. Einige Familien, darunter auch die Familie von Thuraisamy Chinnammah, die get\u00f6tet wurde, waren zuvor in einem anderen Gebiet untergebracht. Nach den schweren \u00dcberschwemmungen im November wurden sie mit Hilfe des Internationalen Komitees vom Roten Kreuz (IKRK) am jetzigen Ort angesiedelt.<\/p>\n\n\n\n<p>Am n\u00e4chsten Samstagmorgen, nach dem Granatenmassaker verlie\u00dfen die verletzten \u00dcberlebenden erneut das Lager, innerhalb eines Monats, nachdem sie dort ihre Unterkunft eingerichtet hatten.<br><br><strong>Juristische Lage<\/strong><br>Es gab auch keine Strafverfahren vor Gericht. Die sri-lankischen Offiziere, die das Kommando hatten, und die verantwortlichen Soldaten, sind bis heute nicht verurteilt worden.<\/p>\n<\/div><\/div>\n\n\n\n<p><\/p>\n","protected":false},"excerpt":{"rendered":"<p>Personendaten NameThuraisamy Chinnammah Geburtsdatum1952 Alter57 Geburtsort&#8211; Wichtige biografische AngabenThuraisamy Chinnammah war zum Zeitpunkt ihrer Ermordung 57 Jahre alt und lebte im Distrikt Mullaitivu. Dieses Gebiet steht unter tamilischer Verwaltung. Vorfall Tag der Ermordung10.01.2009 OrtPuthukudiyiruppu, Mullaitivu BeschreibungSeit September 2008 hat die srilankische Regierung allen unabh\u00e4ngigen Beobachtern, humanit\u00e4ren Helfern einschlie\u00dflich der UNO und den Medien den Zugang &hellip; <\/p>\n","protected":false},"author":1,"featured_media":213,"parent":8,"menu_order":0,"comment_status":"closed","ping_status":"closed","template":"","meta":{"ngg_post_thumbnail":0,"footnotes":""},"_links":{"self":[{"href":"https:\/\/tfogermany.com\/de\/wp-json\/wp\/v2\/pages\/212"}],"collection":[{"href":"https:\/\/tfogermany.com\/de\/wp-json\/wp\/v2\/pages"}],"about":[{"href":"https:\/\/tfogermany.com\/de\/wp-json\/wp\/v2\/types\/page"}],"author":[{"embeddable":true,"href":"https:\/\/tfogermany.com\/de\/wp-json\/wp\/v2\/users\/1"}],"replies":[{"embeddable":true,"href":"https:\/\/tfogermany.com\/de\/wp-json\/wp\/v2\/comments?post=212"}],"version-history":[{"count":2,"href":"https:\/\/tfogermany.com\/de\/wp-json\/wp\/v2\/pages\/212\/revisions"}],"predecessor-version":[{"id":548,"href":"https:\/\/tfogermany.com\/de\/wp-json\/wp\/v2\/pages\/212\/revisions\/548"}],"up":[{"embeddable":true,"href":"https:\/\/tfogermany.com\/de\/wp-json\/wp\/v2\/pages\/8"}],"wp:featuredmedia":[{"embeddable":true,"href":"https:\/\/tfogermany.com\/de\/wp-json\/wp\/v2\/media\/213"}],"wp:attachment":[{"href":"https:\/\/tfogermany.com\/de\/wp-json\/wp\/v2\/media?parent=212"}],"curies":[{"name":"wp","href":"https:\/\/api.w.org\/{rel}","templated":true}]}}